{"id":732593,"date":"2025-03-03T16:16:15","date_gmt":"2025-03-03T15:16:15","guid":{"rendered":"https:\/\/stoic-curie.212-227-153-4.plesk.page\/producto\/sport-schwimmweste-securmar-jump-50-newtons-90-120-kg\/"},"modified":"2026-02-24T23:34:35","modified_gmt":"2026-02-24T23:34:35","slug":"sport-schwimmweste-securmar-jump-50-newtons-90-120-kg","status":"publish","type":"product","link":"https:\/\/stoic-curie.212-227-153-4.plesk.page\/de\/product\/sport-schwimmweste-securmar-jump-50-newtons-90-120-kg\/","title":{"rendered":"Sport-Schwimmweste Securmar Jump 50 Newtons 90-120 kg"},"content":{"rendered":"<p>Sport-Schwimmweste Securmar Jump 50 Newtons 90-120 kg &#8211; <\/p>\n<p>First Class (by Stearns) ISO EN12402-5 zugelassene 50N Auftriebshilfe f\u00fcr anspruchsvolle Segler. Die seitlichen Verschl\u00fcsse erm\u00f6glichen eine enge Anpassung. Der weiche SECU-Schaum dient als Polster f\u00fcr den K\u00f6rper, selbst unter den h\u00e4rtesten Regattabedingungen. 50N &#8211; Auftriebs- und Schwimmhilfe. Dies ist keine Schwimmweste. F\u00fcr regelm\u00e4\u00dfige Schwimmer. Zur Verwendung in K\u00fcstenn\u00e4he.<\/p>\n","protected":false},"excerpt":{"rendered":"<p>Sport-Schwimmweste Securmar Jump 50 Newtons 90-120 kg &#8211; First Class (by Stearns) ISO EN12402-5 zugelassene 50N Auftriebshilfe f\u00fcr anspruchsvolle Segler.<\/p>\n","protected":false},"featured_media":5936095,"comment_status":"open","ping_status":"closed","template":"","meta":[],"product_brand":[3365],"product_cat":[1316,1555],"product_tag":[],"class_list":{"0":"post-732593","1":"product","2":"type-product","3":"status-publish","4":"has-post-thumbnail","6":"product_brand-securmar-de","7":"product_cat-auftriebshilfen","8":"product_cat-rettungswesten-fuer-wassersport","10":"first","11":"instock","12":"shipping-taxable","13":"purchasable","14":"product-type-simple"},"_links":{"self":[{"href":"https:\/\/stoic-curie.212-227-153-4.plesk.page\/de\/wp-json\/wp\/v2\/product\/732593","targetHints":{"allow":["GET"]}}],"collection":[{"href":"https:\/\/stoic-curie.212-227-153-4.plesk.page\/de\/wp-json\/wp\/v2\/product"}],"about":[{"href":"https:\/\/stoic-curie.212-227-153-4.plesk.page\/de\/wp-json\/wp\/v2\/types\/product"}],"replies":[{"embeddable":true,"href":"https:\/\/stoic-curie.212-227-153-4.plesk.page\/de\/wp-json\/wp\/v2\/comments?post=732593"}],"version-history":[{"count":0,"href":"https:\/\/stoic-curie.212-227-153-4.plesk.page\/de\/wp-json\/wp\/v2\/product\/732593\/revisions"}],"wp:featuredmedia":[{"embeddable":true,"href":"https:\/\/stoic-curie.212-227-153-4.plesk.page\/de\/wp-json\/wp\/v2\/media\/5936095"}],"wp:attachment":[{"href":"https:\/\/stoic-curie.212-227-153-4.plesk.page\/de\/wp-json\/wp\/v2\/media?parent=732593"}],"wp:term":[{"taxonomy":"product_brand","embeddable":true,"href":"https:\/\/stoic-curie.212-227-153-4.plesk.page\/de\/wp-json\/wp\/v2\/product_brand?post=732593"},{"taxonomy":"product_cat","embeddable":true,"href":"https:\/\/stoic-curie.212-227-153-4.plesk.page\/de\/wp-json\/wp\/v2\/product_cat?post=732593"},{"taxonomy":"product_tag","embeddable":true,"href":"https:\/\/stoic-curie.212-227-153-4.plesk.page\/de\/wp-json\/wp\/v2\/product_tag?post=732593"}],"curies":[{"name":"wp","href":"https:\/\/api.w.org\/{rel}","templated":true}]}}