{"id":732596,"date":"2025-03-03T16:16:15","date_gmt":"2025-03-03T15:16:15","guid":{"rendered":"https:\/\/stoic-curie.212-227-153-4.plesk.page\/producto\/auftriebshilfe-securmar-50n-70\/"},"modified":"2026-02-24T23:34:35","modified_gmt":"2026-02-24T23:34:35","slug":"auftriebshilfe-securmar-50n-70","status":"publish","type":"product","link":"https:\/\/stoic-curie.212-227-153-4.plesk.page\/de\/product\/auftriebshilfe-securmar-50n-70\/","title":{"rendered":"Auftriebshilfe Securmar 50N 70<90 kg"},"content":{"rendered":"<p>Auftriebshilfe Securmar 50N 70<90 kg - \n\n<p>ISO EN12402-5 genehmigte Echo 50N Schwimmhilfe Jacke, geeignet f\u00fcr alle Wassersportarten. Sehr bequem und tragbar aus weichem, rei\u00dffestem Segeltuch. Mit Rei\u00dfverschluss und verstellbarem G\u00fcrtel mit Schnellverschluss. 50N &#8211; Auftriebs- und Schwimmhilfe. Dies ist keine Schwimmweste. F\u00fcr regelm\u00e4\u00dfige Schwimmer. Sollte in K\u00fcstenn\u00e4he verwendet werden.<\/p>\n","protected":false},"excerpt":{"rendered":"<p>Auftriebshilfe Securmar 50N 70<\/p>\n","protected":false},"featured_media":5936100,"comment_status":"open","ping_status":"closed","template":"","meta":[],"product_brand":[3365],"product_cat":[1316,1555],"product_tag":[],"class_list":{"0":"post-732596","1":"product","2":"type-product","3":"status-publish","4":"has-post-thumbnail","6":"product_brand-securmar-de","7":"product_cat-auftriebshilfen","8":"product_cat-rettungswesten-fuer-wassersport","10":"first","11":"instock","12":"shipping-taxable","13":"purchasable","14":"product-type-simple"},"_links":{"self":[{"href":"https:\/\/stoic-curie.212-227-153-4.plesk.page\/de\/wp-json\/wp\/v2\/product\/732596","targetHints":{"allow":["GET"]}}],"collection":[{"href":"https:\/\/stoic-curie.212-227-153-4.plesk.page\/de\/wp-json\/wp\/v2\/product"}],"about":[{"href":"https:\/\/stoic-curie.212-227-153-4.plesk.page\/de\/wp-json\/wp\/v2\/types\/product"}],"replies":[{"embeddable":true,"href":"https:\/\/stoic-curie.212-227-153-4.plesk.page\/de\/wp-json\/wp\/v2\/comments?post=732596"}],"version-history":[{"count":0,"href":"https:\/\/stoic-curie.212-227-153-4.plesk.page\/de\/wp-json\/wp\/v2\/product\/732596\/revisions"}],"wp:featuredmedia":[{"embeddable":true,"href":"https:\/\/stoic-curie.212-227-153-4.plesk.page\/de\/wp-json\/wp\/v2\/media\/5936100"}],"wp:attachment":[{"href":"https:\/\/stoic-curie.212-227-153-4.plesk.page\/de\/wp-json\/wp\/v2\/media?parent=732596"}],"wp:term":[{"taxonomy":"product_brand","embeddable":true,"href":"https:\/\/stoic-curie.212-227-153-4.plesk.page\/de\/wp-json\/wp\/v2\/product_brand?post=732596"},{"taxonomy":"product_cat","embeddable":true,"href":"https:\/\/stoic-curie.212-227-153-4.plesk.page\/de\/wp-json\/wp\/v2\/product_cat?post=732596"},{"taxonomy":"product_tag","embeddable":true,"href":"https:\/\/stoic-curie.212-227-153-4.plesk.page\/de\/wp-json\/wp\/v2\/product_tag?post=732596"}],"curies":[{"name":"wp","href":"https:\/\/api.w.org\/{rel}","templated":true}]}}