{"id":732599,"date":"2025-03-03T16:16:16","date_gmt":"2025-03-03T15:16:16","guid":{"rendered":"https:\/\/stoic-curie.212-227-153-4.plesk.page\/producto\/tragbarer-stuetzbock-fuer-aussenbordmotoren-bis-60-kg\/"},"modified":"2026-02-24T23:34:35","modified_gmt":"2026-02-24T23:34:35","slug":"tragbarer-stuetzbock-fuer-aussenbordmotoren-bis-60-kg","status":"publish","type":"product","link":"https:\/\/stoic-curie.212-227-153-4.plesk.page\/de\/product\/tragbarer-stuetzbock-fuer-aussenbordmotoren-bis-60-kg\/","title":{"rendered":"Tragbarer St\u00fctzbock f\u00fcr Au\u00dfenbordmotoren bis 60 kg"},"content":{"rendered":"<p>Tragbarer St\u00fctzbock f\u00fcr Au\u00dfenbordmotoren bis 60 kg &#8211; <\/p>\n<p>Tragbarer Rollwagen mit aufblasbaren R\u00e4dern. Verzinkter Stahlrahmen, Holzplattform und Tankhalter.<\/p>\n","protected":false},"excerpt":{"rendered":"<p>Tragbarer St\u00fctzbock f\u00fcr Au\u00dfenbordmotoren bis 60 kg &#8211; Tragbarer Rollwagen mit aufblasbaren R\u00e4dern. Verzinkter Stahlrahmen, Holzplattform und Tankhalter.<\/p>\n","protected":false},"featured_media":5936104,"comment_status":"open","ping_status":"closed","template":"","meta":[],"product_brand":[3490],"product_cat":[1540],"product_tag":[],"class_list":{"0":"post-732599","1":"product","2":"type-product","3":"status-publish","4":"has-post-thumbnail","6":"product_brand-trem-de","7":"product_cat-zubehoer-fuer-aussenborder","9":"first","10":"instock","11":"shipping-taxable","12":"purchasable","13":"product-type-simple"},"_links":{"self":[{"href":"https:\/\/stoic-curie.212-227-153-4.plesk.page\/de\/wp-json\/wp\/v2\/product\/732599","targetHints":{"allow":["GET"]}}],"collection":[{"href":"https:\/\/stoic-curie.212-227-153-4.plesk.page\/de\/wp-json\/wp\/v2\/product"}],"about":[{"href":"https:\/\/stoic-curie.212-227-153-4.plesk.page\/de\/wp-json\/wp\/v2\/types\/product"}],"replies":[{"embeddable":true,"href":"https:\/\/stoic-curie.212-227-153-4.plesk.page\/de\/wp-json\/wp\/v2\/comments?post=732599"}],"version-history":[{"count":0,"href":"https:\/\/stoic-curie.212-227-153-4.plesk.page\/de\/wp-json\/wp\/v2\/product\/732599\/revisions"}],"wp:featuredmedia":[{"embeddable":true,"href":"https:\/\/stoic-curie.212-227-153-4.plesk.page\/de\/wp-json\/wp\/v2\/media\/5936104"}],"wp:attachment":[{"href":"https:\/\/stoic-curie.212-227-153-4.plesk.page\/de\/wp-json\/wp\/v2\/media?parent=732599"}],"wp:term":[{"taxonomy":"product_brand","embeddable":true,"href":"https:\/\/stoic-curie.212-227-153-4.plesk.page\/de\/wp-json\/wp\/v2\/product_brand?post=732599"},{"taxonomy":"product_cat","embeddable":true,"href":"https:\/\/stoic-curie.212-227-153-4.plesk.page\/de\/wp-json\/wp\/v2\/product_cat?post=732599"},{"taxonomy":"product_tag","embeddable":true,"href":"https:\/\/stoic-curie.212-227-153-4.plesk.page\/de\/wp-json\/wp\/v2\/product_tag?post=732599"}],"curies":[{"name":"wp","href":"https:\/\/api.w.org\/{rel}","templated":true}]}}