{"id":732600,"date":"2025-03-03T16:16:17","date_gmt":"2025-03-03T15:16:17","guid":{"rendered":"https:\/\/stoic-curie.212-227-153-4.plesk.page\/producto\/schwarze-handwinde-1125kg-2-geschwindigkeiten\/"},"modified":"2026-02-24T23:34:35","modified_gmt":"2026-02-24T23:34:35","slug":"schwarze-handwinde-1125kg-2-geschwindigkeiten","status":"publish","type":"product","link":"https:\/\/stoic-curie.212-227-153-4.plesk.page\/de\/product\/schwarze-handwinde-1125kg-2-geschwindigkeiten\/","title":{"rendered":"Schwarze Handwinde 1125KG 2 Geschwindigkeiten"},"content":{"rendered":"<p>Schwarze Handwinde 1125KG 2 Geschwindigkeiten &#8211; <\/p>\n<p>Manuelle Winden f\u00fcr ein einfaches Bootsladen. Maximalgewicht in kg: Gewichtsbeschr\u00e4nkung, die die Winde bei horizontalem Ziehen mit optimalem Gleiten unterst\u00fctzen kann. Bei geneigten Lasten wird empfohlen, nicht mehr als zwei Drittel der Gewichtsbeschr\u00e4nkung zu \u00fcberschreiten. Wird ohne Drahtseil oder Webband geliefert.<\/p>\n","protected":false},"excerpt":{"rendered":"<p>Schwarze Handwinde 1125KG 2 Geschwindigkeiten &#8211; Manuelle Winden f\u00fcr ein einfaches Bootsladen. Maximalgewicht in kg: Gewichtsbeschr\u00e4nkung, die die Winde bei<\/p>\n","protected":false},"featured_media":5936105,"comment_status":"open","ping_status":"closed","template":"","meta":[],"product_brand":[2890],"product_cat":[1547],"product_tag":[],"class_list":{"0":"post-732600","1":"product","2":"type-product","3":"status-publish","4":"has-post-thumbnail","6":"product_brand-domar-de","7":"product_cat-anhaengerwinden","9":"first","10":"instock","11":"shipping-taxable","12":"purchasable","13":"product-type-simple"},"_links":{"self":[{"href":"https:\/\/stoic-curie.212-227-153-4.plesk.page\/de\/wp-json\/wp\/v2\/product\/732600","targetHints":{"allow":["GET"]}}],"collection":[{"href":"https:\/\/stoic-curie.212-227-153-4.plesk.page\/de\/wp-json\/wp\/v2\/product"}],"about":[{"href":"https:\/\/stoic-curie.212-227-153-4.plesk.page\/de\/wp-json\/wp\/v2\/types\/product"}],"replies":[{"embeddable":true,"href":"https:\/\/stoic-curie.212-227-153-4.plesk.page\/de\/wp-json\/wp\/v2\/comments?post=732600"}],"version-history":[{"count":0,"href":"https:\/\/stoic-curie.212-227-153-4.plesk.page\/de\/wp-json\/wp\/v2\/product\/732600\/revisions"}],"wp:featuredmedia":[{"embeddable":true,"href":"https:\/\/stoic-curie.212-227-153-4.plesk.page\/de\/wp-json\/wp\/v2\/media\/5936105"}],"wp:attachment":[{"href":"https:\/\/stoic-curie.212-227-153-4.plesk.page\/de\/wp-json\/wp\/v2\/media?parent=732600"}],"wp:term":[{"taxonomy":"product_brand","embeddable":true,"href":"https:\/\/stoic-curie.212-227-153-4.plesk.page\/de\/wp-json\/wp\/v2\/product_brand?post=732600"},{"taxonomy":"product_cat","embeddable":true,"href":"https:\/\/stoic-curie.212-227-153-4.plesk.page\/de\/wp-json\/wp\/v2\/product_cat?post=732600"},{"taxonomy":"product_tag","embeddable":true,"href":"https:\/\/stoic-curie.212-227-153-4.plesk.page\/de\/wp-json\/wp\/v2\/product_tag?post=732600"}],"curies":[{"name":"wp","href":"https:\/\/api.w.org\/{rel}","templated":true}]}}