{"id":732625,"date":"2025-03-03T16:16:24","date_gmt":"2025-03-03T15:16:24","guid":{"rendered":"https:\/\/stoic-curie.212-227-153-4.plesk.page\/producto\/antal-selbstholende-winch-xt44-zwei-geschwindigkeiten-173mm\/"},"modified":"2026-02-24T23:34:36","modified_gmt":"2026-02-24T23:34:36","slug":"antal-selbstholende-winch-xt44-zwei-geschwindigkeiten-173mm","status":"publish","type":"product","link":"https:\/\/stoic-curie.212-227-153-4.plesk.page\/de\/product\/antal-selbstholende-winch-xt44-zwei-geschwindigkeiten-173mm\/","title":{"rendered":"Antal selbstholende Winch XT44 Zwei Geschwindigkeiten 173mm"},"content":{"rendered":"<p>Antal selbstholende Winch XT44 Zwei Geschwindigkeiten 173mm &#8211; <\/p>\n<p>Wir pr\u00e4sentieren die Antal Self-Tailing XT44, eine 173 mm gro\u00dfe Winsch mit zwei Geschwindigkeitsstufen. Der erste Gang erm\u00f6glicht eine schnelle Wiederherstellung, selbst unter schweren Lasten. Wenn der Widerstand zunimmt, \u00e4ndern Sie einfach die Richtung der Kurbelrotation, und die Winsch wechselt automatisch in den zweiten Gang, der maximale Leistung bietet. Diese Winsch ist f\u00fcr Leinen mit einem Durchmesser von 6 bis 14 mm konzipiert.<\/p>\n<p>Die schwarze Aluminiumversion verf\u00fcgt \u00fcber eine hart schwarz eloxierte und teflonbeschichtete Trommel, die kratzfest und \u00e4u\u00dferst langlebig ist. Die verchromte Version enth\u00e4lt eine vollst\u00e4ndig verchromte Trommel, ST-Scheiben und einen ST-Arm. Alle verchromten Teile sind poliert, dick vernickelt und mit einer hochwertigen Chromschicht versehen.<\/p>\n<p>F\u00fcr eine einfache Wartung k\u00f6nnen Sie einfach den oberen Ring abschrauben, um die Winsch zur Reinigung auseinanderzunehmen. Das neue Self-Tailing XT-System umfasst eine feste obere Scheibe mit einem integrierten ST-Arm und eine selbstregulierende untere Scheibe mit Federn. Dieses innovative Design passt sich automatisch verschiedenen Seildurchmessern an und gibt die Leine bei \u00dcberlastung frei, um \u00fcberm\u00e4\u00dfige Beanspruchung des ST-Arms zu verhindern.<\/p>\n<p>Die Trommel weist eine vertikale Riffelung auf, die die horizontale Reibung maximiert, was es dem Seil erm\u00f6glicht, sanft nach oben zu gleiten. Der speziell gestaltete Griff auf den Aluminiumtrommeln reduziert die Reibung unten, wo die Lasten schwerer sind, w\u00e4hrend er oben, wo die Lasten leichter sind, maximalen Halt bietet. Dieses Design gew\u00e4hrleistet einen gleichm\u00e4\u00dfigen Griff \u00fcber die gesamte Trommel.<\/p>\n<p>Die CNC-bearbeitete Basis ist leichter und st\u00e4rker als herk\u00f6mmliche Gu\u00dfteile. Sie besteht aus Aluminium, ist hart schwarz eloxiert und teflonbeschichtet f\u00fcr zus\u00e4tzliche Haltbarkeit. Die einfache Entfernbarkeit erleichtert die Wartung.<\/p>\n<p>Hier sind die Spezifikationen f\u00fcr die Antal Self-Tailing Aluminium Winsch XT44 (2-Gang):<\/p>\n<ul>\n<li>Basisdurchmesser: 173 mm<\/li>\n<li>Trommeldurchmesser: 93 mm<\/li>\n<li>H\u00f6he: 185 mm<\/li>\n<li>Gewicht: 6,2 kg<\/li>\n<li>\u00dcbersetzungsverh\u00e4ltnis: 20.0 \/ 43.0<\/li>\n<\/ul>\n","protected":false},"excerpt":{"rendered":"<p>Antal selbstholende Winch XT44 Zwei Geschwindigkeiten 173mm &#8211; Wir pr\u00e4sentieren die Antal Self-Tailing XT44, eine 173 mm gro\u00dfe Winsch mit<\/p>\n","protected":false},"featured_media":5936210,"comment_status":"open","ping_status":"closed","template":"","meta":[],"product_brand":[2785],"product_cat":[1486],"product_tag":[],"class_list":{"0":"post-732625","1":"product","2":"type-product","3":"status-publish","4":"has-post-thumbnail","6":"product_brand-antal-de","7":"product_cat-antal-winden","9":"first","10":"instock","11":"shipping-taxable","12":"purchasable","13":"product-type-simple"},"_links":{"self":[{"href":"https:\/\/stoic-curie.212-227-153-4.plesk.page\/de\/wp-json\/wp\/v2\/product\/732625","targetHints":{"allow":["GET"]}}],"collection":[{"href":"https:\/\/stoic-curie.212-227-153-4.plesk.page\/de\/wp-json\/wp\/v2\/product"}],"about":[{"href":"https:\/\/stoic-curie.212-227-153-4.plesk.page\/de\/wp-json\/wp\/v2\/types\/product"}],"replies":[{"embeddable":true,"href":"https:\/\/stoic-curie.212-227-153-4.plesk.page\/de\/wp-json\/wp\/v2\/comments?post=732625"}],"version-history":[{"count":0,"href":"https:\/\/stoic-curie.212-227-153-4.plesk.page\/de\/wp-json\/wp\/v2\/product\/732625\/revisions"}],"wp:featuredmedia":[{"embeddable":true,"href":"https:\/\/stoic-curie.212-227-153-4.plesk.page\/de\/wp-json\/wp\/v2\/media\/5936210"}],"wp:attachment":[{"href":"https:\/\/stoic-curie.212-227-153-4.plesk.page\/de\/wp-json\/wp\/v2\/media?parent=732625"}],"wp:term":[{"taxonomy":"product_brand","embeddable":true,"href":"https:\/\/stoic-curie.212-227-153-4.plesk.page\/de\/wp-json\/wp\/v2\/product_brand?post=732625"},{"taxonomy":"product_cat","embeddable":true,"href":"https:\/\/stoic-curie.212-227-153-4.plesk.page\/de\/wp-json\/wp\/v2\/product_cat?post=732625"},{"taxonomy":"product_tag","embeddable":true,"href":"https:\/\/stoic-curie.212-227-153-4.plesk.page\/de\/wp-json\/wp\/v2\/product_tag?post=732625"}],"curies":[{"name":"wp","href":"https:\/\/api.w.org\/{rel}","templated":true}]}}