{"id":732626,"date":"2025-03-03T16:16:24","date_gmt":"2025-03-03T15:16:24","guid":{"rendered":"https:\/\/stoic-curie.212-227-153-4.plesk.page\/producto\/selbstholende-winschen-zwei-gang-antal-xt48-182-mm\/"},"modified":"2026-02-24T23:34:36","modified_gmt":"2026-02-24T23:34:36","slug":"selbstholende-winschen-zwei-gang-antal-xt48-182-mm","status":"publish","type":"product","link":"https:\/\/stoic-curie.212-227-153-4.plesk.page\/de\/product\/selbstholende-winschen-zwei-gang-antal-xt48-182-mm\/","title":{"rendered":"Selbstholende Winschen Zwei-Gang-Antal XT48 182 mm"},"content":{"rendered":"<p>Selbstholende Winschen Zwei-Gang-Antal XT48 182 mm &#8211; <\/p>\n<p style=\"color: rgb(34, 34, 34); font-family: Arial, Helvetica, sans-serif; font-size: small;\">Wir freuen uns, die Antal Self-Tailing XT48 Winsch vorzustellen, eine Zweigangwinsch, die f\u00fcr \u00fcberlegene Leistung sowohl im Cruiser- als auch im Wettkampfracing-Umfeld entwickelt wurde. Diese Winsch ist mit einem ersten Gang ausgestattet, der eine schnelle R\u00fcckholung erleichtert, selbst bei erheblichen Lasten. Wenn die Arbeitslast zunimmt, wechselt die Winsch nahtlos in den zweiten Gang, indem sie die Richtung der Kurbelrotation \u00e4ndert und so die Leistung maximiert.<\/p>\n<p style=\"color: rgb(34, 34, 34); font-family: Arial, Helvetica, sans-serif; font-size: small;\">Der aus robustem schwarz anodisiertem Aluminium gefertigte Trommel ist nicht nur kratzfest, sondern auch bemerkenswert langlebig, verst\u00e4rkt durch eine Teflon-Beschichtung. Alternativ ist eine verchromte Version erh\u00e4ltlich, bei der die Trommel, die selbsttailing (ST) Scheiben und der ST Arm sorgf\u00e4ltig poliert und dick nickelbeschichtet werden, bevor sie mit einem finalen Chrom-Finish versehen werden.<\/p>\n<p style=\"color: rgb(34, 34, 34); font-family: Arial, Helvetica, sans-serif; font-size: small;\">Die Wartung ist unkompliziert; einfach den oberen Ring abnehmen, um die Winsch zur einfachen Reinigung und Wartung zu zerlegen. Das innovative selbsttailing XT-System umfasst eine feste obere Scheibe mit einem integrierten ST-Arme und eine selbstregulierende untere Scheibe, die auf Federn montiert ist. Dieses System passt sich automatisch an verschiedene Seildurchmesser an und gibt im Falle einer \u00dcberlastung die Leine frei, um \u00fcberm\u00e4\u00dfige Belastungen auf den ST Arm zu vermeiden.<\/p>\n<p style=\"color: rgb(34, 34, 34); font-family: Arial, Helvetica, sans-serif; font-size: small;\">Die Trommel verf\u00fcgt \u00fcber vertikale Riffelungen, die den horizontalen Reibungswiderstand optimieren und es dem Seil erm\u00f6glichen, effizient zu steigen. Das differenzierte Griffdesign (exklusiv f\u00fcr Aluminiumtrommeln) reduziert die Reibung im unteren Abschnitt, wo die Lasten schwerer sind, w\u00e4hrend der Griff oben, wo die Lasten leichter sind, verbessert wird. Dieses Design sorgt f\u00fcr einen konstanten Griff \u00fcber die gesamte Trommel.<\/p>\n<p style=\"color: rgb(34, 34, 34); font-family: Arial, Helvetica, sans-serif; font-size: small;\">Die CNC-bearbeitete Basis ist sowohl leichter als auch st\u00e4rker als herk\u00f6mmliche Gussformen, hergestellt aus hartem schwarz anodisiertem Aluminium mit einer Teflon-Beschichtung. Ihre unkomplizierte Abnahme von der Winsch erleichtert Wartungsarbeiten.<\/p>\n<p style=\"color: rgb(34, 34, 34); font-family: Arial, Helvetica, sans-serif; font-size: small;\"><strong>Spezifikationen:<\/strong><\/p>\n<ul style=\"color: rgb(34, 34, 34); font-family: Arial, Helvetica, sans-serif; font-size: small;\">\n<li>Modell: Antal Self-Tailing Aluminium Winsch XT48 (2-Gang)<\/li>\n<li>Basisdurchmesser: 182mm<\/li>\n<li>Trommeldurchmesser: 93mm<\/li>\n<li>H\u00f6he: 197mm<\/li>\n<li>Gewicht: 6,9kg (Aluminium), 9,9kg (Chrom)<\/li>\n<li>\u00dcbersetzungsverh\u00e4ltnis: 19,0 \/ 47,4<\/li>\n<li>Minimale Seildurchmesser: 8mm<\/li>\n<li>Maximale Seildurchmesser: 14mm<\/li>\n<li>Befestigungsschrauben: 6 x 8mm<\/li>\n<li>\u00dcbersetzungszahl: 3,5:1 &#8211; 8,8:1<\/li>\n<\/ul>\n<p style=\"color: rgb(34, 34, 34); font-family: Arial, Helvetica, sans-serif; font-size: small;\">Die Verpflichtung von Antal zur Qualit\u00e4t garantiert, dass diese leistungsstarken selbsttailing Winschen ideal f\u00fcr eine Vielzahl von Anwendungen sind und somit eine hervorragende Wahl f\u00fcr Bootseigent\u00fcmer auf der Suche nach Zuverl\u00e4ssigkeit und Leistung darstellen.<\/p>\n","protected":false},"excerpt":{"rendered":"<p>Selbstholende Winschen Zwei-Gang-Antal XT48 182 mm &#8211; Wir freuen uns, die Antal Self-Tailing XT48 Winsch vorzustellen, eine Zweigangwinsch, die f\u00fcr<\/p>\n","protected":false},"featured_media":5936210,"comment_status":"open","ping_status":"closed","template":"","meta":[],"product_brand":[2785],"product_cat":[1486],"product_tag":[],"class_list":{"0":"post-732626","1":"product","2":"type-product","3":"status-publish","4":"has-post-thumbnail","6":"product_brand-antal-de","7":"product_cat-antal-winden","9":"first","10":"instock","11":"shipping-taxable","12":"purchasable","13":"product-type-simple"},"_links":{"self":[{"href":"https:\/\/stoic-curie.212-227-153-4.plesk.page\/de\/wp-json\/wp\/v2\/product\/732626","targetHints":{"allow":["GET"]}}],"collection":[{"href":"https:\/\/stoic-curie.212-227-153-4.plesk.page\/de\/wp-json\/wp\/v2\/product"}],"about":[{"href":"https:\/\/stoic-curie.212-227-153-4.plesk.page\/de\/wp-json\/wp\/v2\/types\/product"}],"replies":[{"embeddable":true,"href":"https:\/\/stoic-curie.212-227-153-4.plesk.page\/de\/wp-json\/wp\/v2\/comments?post=732626"}],"version-history":[{"count":0,"href":"https:\/\/stoic-curie.212-227-153-4.plesk.page\/de\/wp-json\/wp\/v2\/product\/732626\/revisions"}],"wp:featuredmedia":[{"embeddable":true,"href":"https:\/\/stoic-curie.212-227-153-4.plesk.page\/de\/wp-json\/wp\/v2\/media\/5936210"}],"wp:attachment":[{"href":"https:\/\/stoic-curie.212-227-153-4.plesk.page\/de\/wp-json\/wp\/v2\/media?parent=732626"}],"wp:term":[{"taxonomy":"product_brand","embeddable":true,"href":"https:\/\/stoic-curie.212-227-153-4.plesk.page\/de\/wp-json\/wp\/v2\/product_brand?post=732626"},{"taxonomy":"product_cat","embeddable":true,"href":"https:\/\/stoic-curie.212-227-153-4.plesk.page\/de\/wp-json\/wp\/v2\/product_cat?post=732626"},{"taxonomy":"product_tag","embeddable":true,"href":"https:\/\/stoic-curie.212-227-153-4.plesk.page\/de\/wp-json\/wp\/v2\/product_tag?post=732626"}],"curies":[{"name":"wp","href":"https:\/\/api.w.org\/{rel}","templated":true}]}}