{"id":732638,"date":"2025-03-03T16:16:27","date_gmt":"2025-03-03T15:16:27","guid":{"rendered":"https:\/\/stoic-curie.212-227-153-4.plesk.page\/producto\/f3-bimini-weiss-mit-3-boegen-aus-aluminium-200-cm-laenge-x-180-cm-h110-cm\/"},"modified":"2026-02-24T23:34:36","modified_gmt":"2026-02-24T23:34:36","slug":"f3-bimini-weiss-mit-3-boegen-aus-aluminium-200-cm-laenge-x-180-cm-h110-cm","status":"publish","type":"product","link":"https:\/\/stoic-curie.212-227-153-4.plesk.page\/de\/product\/f3-bimini-weiss-mit-3-boegen-aus-aluminium-200-cm-laenge-x-180-cm-h110-cm\/","title":{"rendered":"F3 Bimini Wei\u00df mit 3 B\u00f6gen aus Aluminium 200 cm L\u00e4nge x 180 cm H110 cm"},"content":{"rendered":"<p>F3 Bimini Wei\u00df mit 3 B\u00f6gen aus Aluminium 200 cm L\u00e4nge x 180 cm H110 cm &#8211; <\/p>\n<p>3-Bogen Sonnen- und Wasserbimini-Top. Anodisierter Aluminiumrahmen, 100% polyesterbeschichteter Stoff. 20 mm Rohre.<\/p>\n","protected":false},"excerpt":{"rendered":"<p>F3 Bimini Wei\u00df mit 3 B\u00f6gen aus Aluminium 200 cm L\u00e4nge x 180 cm H110 cm &#8211; 3-Bogen Sonnen- und<\/p>\n","protected":false},"featured_media":5936244,"comment_status":"open","ping_status":"closed","template":"","meta":[],"product_brand":[3185],"product_cat":[1402],"product_tag":[],"class_list":{"0":"post-732638","1":"product","2":"type-product","3":"status-publish","4":"has-post-thumbnail","6":"product_brand-nettuno-de","7":"product_cat-bimini-verdecke","9":"first","10":"instock","11":"shipping-taxable","12":"purchasable","13":"product-type-simple"},"_links":{"self":[{"href":"https:\/\/stoic-curie.212-227-153-4.plesk.page\/de\/wp-json\/wp\/v2\/product\/732638","targetHints":{"allow":["GET"]}}],"collection":[{"href":"https:\/\/stoic-curie.212-227-153-4.plesk.page\/de\/wp-json\/wp\/v2\/product"}],"about":[{"href":"https:\/\/stoic-curie.212-227-153-4.plesk.page\/de\/wp-json\/wp\/v2\/types\/product"}],"replies":[{"embeddable":true,"href":"https:\/\/stoic-curie.212-227-153-4.plesk.page\/de\/wp-json\/wp\/v2\/comments?post=732638"}],"version-history":[{"count":0,"href":"https:\/\/stoic-curie.212-227-153-4.plesk.page\/de\/wp-json\/wp\/v2\/product\/732638\/revisions"}],"wp:featuredmedia":[{"embeddable":true,"href":"https:\/\/stoic-curie.212-227-153-4.plesk.page\/de\/wp-json\/wp\/v2\/media\/5936244"}],"wp:attachment":[{"href":"https:\/\/stoic-curie.212-227-153-4.plesk.page\/de\/wp-json\/wp\/v2\/media?parent=732638"}],"wp:term":[{"taxonomy":"product_brand","embeddable":true,"href":"https:\/\/stoic-curie.212-227-153-4.plesk.page\/de\/wp-json\/wp\/v2\/product_brand?post=732638"},{"taxonomy":"product_cat","embeddable":true,"href":"https:\/\/stoic-curie.212-227-153-4.plesk.page\/de\/wp-json\/wp\/v2\/product_cat?post=732638"},{"taxonomy":"product_tag","embeddable":true,"href":"https:\/\/stoic-curie.212-227-153-4.plesk.page\/de\/wp-json\/wp\/v2\/product_tag?post=732638"}],"curies":[{"name":"wp","href":"https:\/\/api.w.org\/{rel}","templated":true}]}}