{"id":732643,"date":"2025-03-03T16:16:28","date_gmt":"2025-03-03T15:16:28","guid":{"rendered":"https:\/\/stoic-curie.212-227-153-4.plesk.page\/producto\/edelstahl-bimini-eco-top-weiss-3-boegen-230-x-235-x-h140-cm\/"},"modified":"2026-02-24T23:34:36","modified_gmt":"2026-02-24T23:34:36","slug":"edelstahl-bimini-eco-top-weiss-3-boegen-230-x-235-x-h140-cm","status":"publish","type":"product","link":"https:\/\/stoic-curie.212-227-153-4.plesk.page\/de\/product\/edelstahl-bimini-eco-top-weiss-3-boegen-230-x-235-x-h140-cm\/","title":{"rendered":"Edelstahl-Bimini Eco-Top Wei\u00df 3 B\u00f6gen 230 x 235 x H140 cm"},"content":{"rendered":"<p>Edelstahl-Bimini Eco-Top Wei\u00df 3 B\u00f6gen 230 x 235 x H140 cm &#8211; <\/p>\n<p style=\"\"><span style=\"color: rgb(34, 34, 34); font-family: Arial, Helvetica, sans-serif; font-size: small; font-weight: 700;\">Edelstahl Bimini Eco-Top Wei\u00df 3 B\u00f6gen 230 x 235 x H140 cm.&nbsp;<\/span><strong style=\"color: rgb(34, 34, 34); font-family: Arial, Helvetica, sans-serif; font-size: small;\">3-Bogen Edelstahl Bimini: Robuste Schattenl\u00f6sung f\u00fcr Ihr Boot<\/strong><\/p>\n<p style=\"color: rgb(34, 34, 34); font-family: Arial, Helvetica, sans-serif; font-size: small;\">Das 3-Bogen Edelstahl Bimini dient als robustes und hochwertiges Dach, das f\u00fcr verschiedene Bootstypen geeignet ist. Es ist ideal f\u00fcr offene Boote, Aluminiumboote, Center Consoles, Side Consoles, Runabouts, aufblasbare Beiboote und RIBs. Mit einem eleganten Design und einem \u00d822mm 316 Edelstahlrahmen bietet es zuverl\u00e4ssigen Schutz und Schatten w\u00e4hrend Ihrer Bootsfahrten.<\/p>\n<p style=\"color: rgb(34, 34, 34); font-family: Arial, Helvetica, sans-serif; font-size: small;\"><strong>Hochwertige Materialien f\u00fcr verbesserte Langlebigkeit<\/strong><\/p>\n<p style=\"color: rgb(34, 34, 34); font-family: Arial, Helvetica, sans-serif; font-size: small;\">Hergestellt aus ATLAS Marine Grade Fabric mit einem Gewicht von 310 g\/m\u00b2, ist unser 3-Bogen Edelstahl Bimini auf Langlebigkeit ausgelegt. Dieser Stoff ist UV-best\u00e4ndig und h\u00e4lt rauen Wetterbedingungen stand, sodass er selbst in herausfordernden maritimen Umgebungen stark bleibt und seine Farbe beh\u00e4lt. Die hochwertigen Marine-grade 316 Edelstahlbeschl\u00e4ge tragen zur verl\u00e4ngerten Lebensdauer bei. Das Set umfasst mehrere Komponenten, darunter einen Edelstahlrahmen, ein Stoffdach mit einer Aufbewahrungstasche, strapazierf\u00e4hige Riemen und Querstreben. Alle erforderlichen Teile f\u00fcr eine schnelle und einfache Montage sind ebenfalls enthalten. Dieses Bimini ist \u00e4u\u00dferst funktional und bietet eine hervorragende Leistung, sodass Sie ein komfortables Erlebnis auf dem Wasser genie\u00dfen k\u00f6nnen, selbst bei Geschwindigkeiten von bis zu 40 Knoten.<\/p>\n<p style=\"color: rgb(34, 34, 34); font-family: Arial, Helvetica, sans-serif; font-size: small;\"><strong>Wichtiger Hinweis zu den Beschl\u00e4gen<\/strong><\/p>\n<p style=\"color: rgb(34, 34, 34); font-family: Arial, Helvetica, sans-serif; font-size: small;\">Das 3-Bogen Classic Edelstahl Bimini Set wird vollst\u00e4ndig mit allen notwendigen Beschl\u00e4gen f\u00fcr die Montage geliefert. Bitte beachten Sie jedoch, dass die Befestigungen oder Schrauben, die ben\u00f6tigt werden, um den Bimini-Rahmen an Ihrem Boot zu befestigen, nicht im Lieferumfang enthalten sind. Sie m\u00fcssen geeignete Befestigungen basierend auf dem Material Ihres Bootes besorgen.<\/p>\n<p style=\"color: rgb(34, 34, 34); font-family: Arial, Helvetica, sans-serif; font-size: small;\"><strong>Einfacher Stauraum f\u00fcr bequeme R\u00fcckf\u00fchrung<\/strong><\/p>\n<p style=\"color: rgb(34, 34, 34); font-family: Arial, Helvetica, sans-serif; font-size: small;\">Unser 3-Bogen Edelstahl Bimini ist f\u00fcr eine einfache Lagerung konzipiert. Die Aufbewahrungstasche befindet sich am unteren Ende des Daches, was das einfache Zur\u00fcckziehen erleichtert. Dieses Design hilft auch, lose Materialien an Bord zu verhindern. Sie k\u00f6nnen die Riemen schnell l\u00f6sen und das gesamte Bimini flach auf die Reling legen. Dar\u00fcber hinaus kann es vollst\u00e4ndig entfernt werden, indem Sie die Decksmontagen abtrennen.<\/p>\n<p style=\"color: rgb(34, 34, 34); font-family: Arial, Helvetica, sans-serif; font-size: small;\"><strong>Herausragende Haltbarkeit und Qualit\u00e4tsmerkmale<\/strong><\/p>\n<ul style=\"color: rgb(34, 34, 34); font-family: Arial, Helvetica, sans-serif; font-size: small;\">\n<li>3-Bogen Bimini-Dach mit einer Dachl\u00e4nge von 183 cm (von vorne nach hinten) und einer H\u00f6he von 130 cm (kann falls erforderlich auf 110 cm gek\u00fcrzt werden)<\/li>\n<li>Wasserabweisender, atmungsaktiver ATLAS Marine Grade Fabric (310 g\/m\u00b2)<\/li>\n<li>UV- und wetterbest\u00e4ndig mit einer Farbbest\u00e4ndigkeit von Grad 6-7<\/li>\n<li>Schimmel- und schimmelresistent<\/li>\n<li>\u00d822mm 316 Edelstahlrahmen f\u00fcr St\u00e4rke und Zuverl\u00e4ssigkeit<\/li>\n<li>Nylon-Gurtbinder an Vorder- und R\u00fcckseite (feste hintere St\u00fctzrohre sind separat erh\u00e4ltlich)<\/li>\n<li>Marine-grade Beschl\u00e4ge<\/li>\n<li>Bietet ein angenehmes Erlebnis auf dem Wasser bei Geschwindigkeiten von bis zu 40 Knoten<\/li>\n<\/ul>\n","protected":false},"excerpt":{"rendered":"<p>Edelstahl-Bimini Eco-Top Wei\u00df 3 B\u00f6gen 230 x 235 x H140 cm &#8211; Edelstahl Bimini Eco-Top Wei\u00df 3 B\u00f6gen 230 x<\/p>\n","protected":false},"featured_media":5936251,"comment_status":"open","ping_status":"closed","template":"","meta":[],"product_brand":[3185],"product_cat":[1402],"product_tag":[],"class_list":{"0":"post-732643","1":"product","2":"type-product","3":"status-publish","4":"has-post-thumbnail","6":"product_brand-nettuno-de","7":"product_cat-bimini-verdecke","9":"first","10":"instock","11":"shipping-taxable","12":"purchasable","13":"product-type-simple"},"_links":{"self":[{"href":"https:\/\/stoic-curie.212-227-153-4.plesk.page\/de\/wp-json\/wp\/v2\/product\/732643","targetHints":{"allow":["GET"]}}],"collection":[{"href":"https:\/\/stoic-curie.212-227-153-4.plesk.page\/de\/wp-json\/wp\/v2\/product"}],"about":[{"href":"https:\/\/stoic-curie.212-227-153-4.plesk.page\/de\/wp-json\/wp\/v2\/types\/product"}],"replies":[{"embeddable":true,"href":"https:\/\/stoic-curie.212-227-153-4.plesk.page\/de\/wp-json\/wp\/v2\/comments?post=732643"}],"version-history":[{"count":0,"href":"https:\/\/stoic-curie.212-227-153-4.plesk.page\/de\/wp-json\/wp\/v2\/product\/732643\/revisions"}],"wp:featuredmedia":[{"embeddable":true,"href":"https:\/\/stoic-curie.212-227-153-4.plesk.page\/de\/wp-json\/wp\/v2\/media\/5936251"}],"wp:attachment":[{"href":"https:\/\/stoic-curie.212-227-153-4.plesk.page\/de\/wp-json\/wp\/v2\/media?parent=732643"}],"wp:term":[{"taxonomy":"product_brand","embeddable":true,"href":"https:\/\/stoic-curie.212-227-153-4.plesk.page\/de\/wp-json\/wp\/v2\/product_brand?post=732643"},{"taxonomy":"product_cat","embeddable":true,"href":"https:\/\/stoic-curie.212-227-153-4.plesk.page\/de\/wp-json\/wp\/v2\/product_cat?post=732643"},{"taxonomy":"product_tag","embeddable":true,"href":"https:\/\/stoic-curie.212-227-153-4.plesk.page\/de\/wp-json\/wp\/v2\/product_tag?post=732643"}],"curies":[{"name":"wp","href":"https:\/\/api.w.org\/{rel}","templated":true}]}}