{"id":732645,"date":"2025-03-03T16:16:29","date_gmt":"2025-03-03T15:16:29","guid":{"rendered":"https:\/\/stoic-curie.212-227-153-4.plesk.page\/producto\/auspuffschalldaempfer-fuer-dieselmotoren-40-45-50-mm-7-l\/"},"modified":"2026-02-24T23:34:36","modified_gmt":"2026-02-24T23:34:36","slug":"auspuffschalldaempfer-fuer-dieselmotoren-40-45-50-mm-7-l","status":"publish","type":"product","link":"https:\/\/stoic-curie.212-227-153-4.plesk.page\/de\/product\/auspuffschalldaempfer-fuer-dieselmotoren-40-45-50-mm-7-l\/","title":{"rendered":"Auspuffschalld\u00e4mpfer f\u00fcr Dieselmotoren 40\/45\/50 mm (7 l)"},"content":{"rendered":"<p>Auspuffschalld\u00e4mpfer f\u00fcr Dieselmotoren 40\/45\/50 mm (7 l) &#8211; <\/p>\n<p>Ger\u00e4uschd\u00e4mpfer f\u00fcr Dieselmotoren in der Marine. Verhindert, dass Wasser beim Ausschalten der Maschine in die Auspuffleitung zur\u00fcckflie\u00dft. F\u00fcr Auspuffschl\u00e4uche mit einem Durchmesser von 40\/45\/50 mm geeignet. Fassungsverm\u00f6gen: 7 l.<\/p>\n","protected":false},"excerpt":{"rendered":"<p>Auspuffschalld\u00e4mpfer f\u00fcr Dieselmotoren 40\/45\/50 mm (7 l) &#8211; Ger\u00e4uschd\u00e4mpfer f\u00fcr Dieselmotoren in der Marine. Verhindert, dass Wasser beim Ausschalten der<\/p>\n","protected":false},"featured_media":5936258,"comment_status":"open","ping_status":"closed","template":"","meta":[],"product_brand":[2855],"product_cat":[1507],"product_tag":[],"class_list":{"0":"post-732645","1":"product","2":"type-product","3":"status-publish","4":"has-post-thumbnail","6":"product_brand-can-marine-de","7":"product_cat-abgas-wasserperren-und-schalldaempfer","9":"first","10":"instock","11":"shipping-taxable","12":"purchasable","13":"product-type-simple"},"_links":{"self":[{"href":"https:\/\/stoic-curie.212-227-153-4.plesk.page\/de\/wp-json\/wp\/v2\/product\/732645","targetHints":{"allow":["GET"]}}],"collection":[{"href":"https:\/\/stoic-curie.212-227-153-4.plesk.page\/de\/wp-json\/wp\/v2\/product"}],"about":[{"href":"https:\/\/stoic-curie.212-227-153-4.plesk.page\/de\/wp-json\/wp\/v2\/types\/product"}],"replies":[{"embeddable":true,"href":"https:\/\/stoic-curie.212-227-153-4.plesk.page\/de\/wp-json\/wp\/v2\/comments?post=732645"}],"version-history":[{"count":0,"href":"https:\/\/stoic-curie.212-227-153-4.plesk.page\/de\/wp-json\/wp\/v2\/product\/732645\/revisions"}],"wp:featuredmedia":[{"embeddable":true,"href":"https:\/\/stoic-curie.212-227-153-4.plesk.page\/de\/wp-json\/wp\/v2\/media\/5936258"}],"wp:attachment":[{"href":"https:\/\/stoic-curie.212-227-153-4.plesk.page\/de\/wp-json\/wp\/v2\/media?parent=732645"}],"wp:term":[{"taxonomy":"product_brand","embeddable":true,"href":"https:\/\/stoic-curie.212-227-153-4.plesk.page\/de\/wp-json\/wp\/v2\/product_brand?post=732645"},{"taxonomy":"product_cat","embeddable":true,"href":"https:\/\/stoic-curie.212-227-153-4.plesk.page\/de\/wp-json\/wp\/v2\/product_cat?post=732645"},{"taxonomy":"product_tag","embeddable":true,"href":"https:\/\/stoic-curie.212-227-153-4.plesk.page\/de\/wp-json\/wp\/v2\/product_tag?post=732645"}],"curies":[{"name":"wp","href":"https:\/\/api.w.org\/{rel}","templated":true}]}}