{"id":732647,"date":"2025-03-03T16:16:30","date_gmt":"2025-03-03T15:16:30","guid":{"rendered":"https:\/\/stoic-curie.212-227-153-4.plesk.page\/producto\/auspuffschalldaempfer-fuer-dieselmotoren-100-115-mm-33-l\/"},"modified":"2026-02-24T23:34:36","modified_gmt":"2026-02-24T23:34:36","slug":"auspuffschalldaempfer-fuer-dieselmotoren-100-115-mm-33-l","status":"publish","type":"product","link":"https:\/\/stoic-curie.212-227-153-4.plesk.page\/de\/product\/auspuffschalldaempfer-fuer-dieselmotoren-100-115-mm-33-l\/","title":{"rendered":"Auspuffschalld\u00e4mpfer f\u00fcr Dieselmotoren 100 &#8211; 115 mm (33 l)"},"content":{"rendered":"<p>Auspuffschalld\u00e4mpfer f\u00fcr Dieselmotoren 100 &#8211; 115 mm (33 l) &#8211; <\/p>\n<p>Schalld\u00e4mpfer f\u00fcr Dieselmotoren in der Schifffahrt.<br \/> Wird verwendet, um zu verhindern, dass Wasser beim Abschalten des Motors in die Abgasanlage zur\u00fcckflie\u00dft.<br \/> Kapazit\u00e4t: 33 l.<\/p>\n","protected":false},"excerpt":{"rendered":"<p>Auspuffschalld\u00e4mpfer f\u00fcr Dieselmotoren 100 &#8211; 115 mm (33 l) &#8211; Schalld\u00e4mpfer f\u00fcr Dieselmotoren in der Schifffahrt. Wird verwendet, um zu<\/p>\n","protected":false},"featured_media":5936259,"comment_status":"open","ping_status":"closed","template":"","meta":[],"product_brand":[2855],"product_cat":[1507],"product_tag":[],"class_list":{"0":"post-732647","1":"product","2":"type-product","3":"status-publish","4":"has-post-thumbnail","6":"product_brand-can-marine-de","7":"product_cat-abgas-wasserperren-und-schalldaempfer","9":"first","10":"instock","11":"shipping-taxable","12":"purchasable","13":"product-type-simple"},"_links":{"self":[{"href":"https:\/\/stoic-curie.212-227-153-4.plesk.page\/de\/wp-json\/wp\/v2\/product\/732647","targetHints":{"allow":["GET"]}}],"collection":[{"href":"https:\/\/stoic-curie.212-227-153-4.plesk.page\/de\/wp-json\/wp\/v2\/product"}],"about":[{"href":"https:\/\/stoic-curie.212-227-153-4.plesk.page\/de\/wp-json\/wp\/v2\/types\/product"}],"replies":[{"embeddable":true,"href":"https:\/\/stoic-curie.212-227-153-4.plesk.page\/de\/wp-json\/wp\/v2\/comments?post=732647"}],"version-history":[{"count":0,"href":"https:\/\/stoic-curie.212-227-153-4.plesk.page\/de\/wp-json\/wp\/v2\/product\/732647\/revisions"}],"wp:featuredmedia":[{"embeddable":true,"href":"https:\/\/stoic-curie.212-227-153-4.plesk.page\/de\/wp-json\/wp\/v2\/media\/5936259"}],"wp:attachment":[{"href":"https:\/\/stoic-curie.212-227-153-4.plesk.page\/de\/wp-json\/wp\/v2\/media?parent=732647"}],"wp:term":[{"taxonomy":"product_brand","embeddable":true,"href":"https:\/\/stoic-curie.212-227-153-4.plesk.page\/de\/wp-json\/wp\/v2\/product_brand?post=732647"},{"taxonomy":"product_cat","embeddable":true,"href":"https:\/\/stoic-curie.212-227-153-4.plesk.page\/de\/wp-json\/wp\/v2\/product_cat?post=732647"},{"taxonomy":"product_tag","embeddable":true,"href":"https:\/\/stoic-curie.212-227-153-4.plesk.page\/de\/wp-json\/wp\/v2\/product_tag?post=732647"}],"curies":[{"name":"wp","href":"https:\/\/api.w.org\/{rel}","templated":true}]}}