{"id":732656,"date":"2025-03-03T16:16:32","date_gmt":"2025-03-03T15:16:32","guid":{"rendered":"https:\/\/stoic-curie.212-227-153-4.plesk.page\/producto\/vetus-auspuff-wassersperre-wlockl-45\/"},"modified":"2026-02-24T23:34:36","modified_gmt":"2026-02-24T23:34:36","slug":"vetus-auspuff-wassersperre-wlockl-45","status":"publish","type":"product","link":"https:\/\/stoic-curie.212-227-153-4.plesk.page\/de\/product\/vetus-auspuff-wassersperre-wlockl-45\/","title":{"rendered":"Vetus Auspuff-Wassersperre WLOCKL 45"},"content":{"rendered":"<p>Vetus Auspuff-Wassersperre WLOCKL 45 &#8211; <\/p>\n<p>Wasserabsperrung mit drehbarem Einlass und Abgas-Wasserfalle (Fassungsverm\u00f6gen 4,25 l). Verhindert, dass Wasser beim Ausschalten des Motors in die Abgasanlage zur\u00fcckflie\u00dft.<\/p>\n","protected":false},"excerpt":{"rendered":"<p>Vetus Auspuff-Wassersperre WLOCKL 45 &#8211; Wasserabsperrung mit drehbarem Einlass und Abgas-Wasserfalle (Fassungsverm\u00f6gen 4,25 l). Verhindert, dass Wasser beim Ausschalten des<\/p>\n","protected":false},"featured_media":5936263,"comment_status":"open","ping_status":"closed","template":"","meta":[],"product_brand":[3520],"product_cat":[1507],"product_tag":[],"class_list":{"0":"post-732656","1":"product","2":"type-product","3":"status-publish","4":"has-post-thumbnail","6":"product_brand-vetus-de","7":"product_cat-abgas-wasserperren-und-schalldaempfer","9":"first","10":"instock","11":"shipping-taxable","12":"purchasable","13":"product-type-simple"},"_links":{"self":[{"href":"https:\/\/stoic-curie.212-227-153-4.plesk.page\/de\/wp-json\/wp\/v2\/product\/732656","targetHints":{"allow":["GET"]}}],"collection":[{"href":"https:\/\/stoic-curie.212-227-153-4.plesk.page\/de\/wp-json\/wp\/v2\/product"}],"about":[{"href":"https:\/\/stoic-curie.212-227-153-4.plesk.page\/de\/wp-json\/wp\/v2\/types\/product"}],"replies":[{"embeddable":true,"href":"https:\/\/stoic-curie.212-227-153-4.plesk.page\/de\/wp-json\/wp\/v2\/comments?post=732656"}],"version-history":[{"count":0,"href":"https:\/\/stoic-curie.212-227-153-4.plesk.page\/de\/wp-json\/wp\/v2\/product\/732656\/revisions"}],"wp:featuredmedia":[{"embeddable":true,"href":"https:\/\/stoic-curie.212-227-153-4.plesk.page\/de\/wp-json\/wp\/v2\/media\/5936263"}],"wp:attachment":[{"href":"https:\/\/stoic-curie.212-227-153-4.plesk.page\/de\/wp-json\/wp\/v2\/media?parent=732656"}],"wp:term":[{"taxonomy":"product_brand","embeddable":true,"href":"https:\/\/stoic-curie.212-227-153-4.plesk.page\/de\/wp-json\/wp\/v2\/product_brand?post=732656"},{"taxonomy":"product_cat","embeddable":true,"href":"https:\/\/stoic-curie.212-227-153-4.plesk.page\/de\/wp-json\/wp\/v2\/product_cat?post=732656"},{"taxonomy":"product_tag","embeddable":true,"href":"https:\/\/stoic-curie.212-227-153-4.plesk.page\/de\/wp-json\/wp\/v2\/product_tag?post=732656"}],"curies":[{"name":"wp","href":"https:\/\/api.w.org\/{rel}","templated":true}]}}