{"id":732664,"date":"2025-03-03T16:16:34","date_gmt":"2025-03-03T15:16:34","guid":{"rendered":"https:\/\/stoic-curie.212-227-153-4.plesk.page\/producto\/auspuff-wasserstau-vetus-lsg-60\/"},"modified":"2026-02-24T23:34:36","modified_gmt":"2026-02-24T23:34:36","slug":"auspuff-wasserstau-vetus-lsg-60","status":"publish","type":"product","link":"https:\/\/stoic-curie.212-227-153-4.plesk.page\/de\/product\/auspuff-wasserstau-vetus-lsg-60\/","title":{"rendered":"Auspuff-Wasserstau Vetus LSG 60"},"content":{"rendered":"<p>Auspuff-Wasserstau Vetus LSG 60 &#8211; <\/p>\n<p>Extra gro\u00dfe Wasserl\u00e5s f\u00fcr Boote, die in rauen Gew\u00e4ssern segeln. Kapazit\u00e4t von 17 Litern ohne R\u00fcckschlagventil und drehbare Anschl\u00fcsse zur einfachen Installation. Verhindert, dass Wasser bei ausgeschaltetem Motor zur\u00fcck in die Auspuffleitung flie\u00dft.<\/p>\n","protected":false},"excerpt":{"rendered":"<p>Auspuff-Wasserstau Vetus LSG 60 &#8211; Extra gro\u00dfe Wasserl\u00e5s f\u00fcr Boote, die in rauen Gew\u00e4ssern segeln. Kapazit\u00e4t von 17 Litern ohne<\/p>\n","protected":false},"featured_media":5936274,"comment_status":"open","ping_status":"closed","template":"","meta":[],"product_brand":[3520],"product_cat":[1507],"product_tag":[],"class_list":{"0":"post-732664","1":"product","2":"type-product","3":"status-publish","4":"has-post-thumbnail","6":"product_brand-vetus-de","7":"product_cat-abgas-wasserperren-und-schalldaempfer","9":"first","10":"outofstock","11":"shipping-taxable","12":"purchasable","13":"product-type-simple"},"_links":{"self":[{"href":"https:\/\/stoic-curie.212-227-153-4.plesk.page\/de\/wp-json\/wp\/v2\/product\/732664","targetHints":{"allow":["GET"]}}],"collection":[{"href":"https:\/\/stoic-curie.212-227-153-4.plesk.page\/de\/wp-json\/wp\/v2\/product"}],"about":[{"href":"https:\/\/stoic-curie.212-227-153-4.plesk.page\/de\/wp-json\/wp\/v2\/types\/product"}],"replies":[{"embeddable":true,"href":"https:\/\/stoic-curie.212-227-153-4.plesk.page\/de\/wp-json\/wp\/v2\/comments?post=732664"}],"version-history":[{"count":0,"href":"https:\/\/stoic-curie.212-227-153-4.plesk.page\/de\/wp-json\/wp\/v2\/product\/732664\/revisions"}],"wp:featuredmedia":[{"embeddable":true,"href":"https:\/\/stoic-curie.212-227-153-4.plesk.page\/de\/wp-json\/wp\/v2\/media\/5936274"}],"wp:attachment":[{"href":"https:\/\/stoic-curie.212-227-153-4.plesk.page\/de\/wp-json\/wp\/v2\/media?parent=732664"}],"wp:term":[{"taxonomy":"product_brand","embeddable":true,"href":"https:\/\/stoic-curie.212-227-153-4.plesk.page\/de\/wp-json\/wp\/v2\/product_brand?post=732664"},{"taxonomy":"product_cat","embeddable":true,"href":"https:\/\/stoic-curie.212-227-153-4.plesk.page\/de\/wp-json\/wp\/v2\/product_cat?post=732664"},{"taxonomy":"product_tag","embeddable":true,"href":"https:\/\/stoic-curie.212-227-153-4.plesk.page\/de\/wp-json\/wp\/v2\/product_tag?post=732664"}],"curies":[{"name":"wp","href":"https:\/\/api.w.org\/{rel}","templated":true}]}}