{"id":732666,"date":"2025-03-03T16:16:35","date_gmt":"2025-03-03T15:16:35","guid":{"rendered":"https:\/\/stoic-curie.212-227-153-4.plesk.page\/producto\/auspuff-wasserstau-vetus-lsg-90\/"},"modified":"2026-02-24T23:34:36","modified_gmt":"2026-02-24T23:34:36","slug":"auspuff-wasserstau-vetus-lsg-90","status":"publish","type":"product","link":"https:\/\/stoic-curie.212-227-153-4.plesk.page\/de\/product\/auspuff-wasserstau-vetus-lsg-90\/","title":{"rendered":"Auspuff-Wasserstau Vetus LSG 90"},"content":{"rendered":"<p>Auspuff-Wasserstau Vetus LSG 90 &#8211; <\/p>\n<p>Extra gro\u00dfe Wasserfalle f\u00fcr Boote, die in rauen Gew\u00e4ssern segeln. Fassungsverm\u00f6gen 17 Liter ohne R\u00fcckschlagventil und schwenkbare Armaturen f\u00fcr eine einfache Installation. Verhindert, dass Wasser beim Abschalten des Motors in die Auspuffleitung zur\u00fcckflie\u00dft.<\/p>\n","protected":false},"excerpt":{"rendered":"<p>Auspuff-Wasserstau Vetus LSG 90 &#8211; Extra gro\u00dfe Wasserfalle f\u00fcr Boote, die in rauen Gew\u00e4ssern segeln. Fassungsverm\u00f6gen 17 Liter ohne R\u00fcckschlagventil<\/p>\n","protected":false},"featured_media":5936274,"comment_status":"open","ping_status":"closed","template":"","meta":[],"product_brand":[3520],"product_cat":[1507],"product_tag":[],"class_list":{"0":"post-732666","1":"product","2":"type-product","3":"status-publish","4":"has-post-thumbnail","6":"product_brand-vetus-de","7":"product_cat-abgas-wasserperren-und-schalldaempfer","9":"first","10":"instock","11":"shipping-taxable","12":"purchasable","13":"product-type-simple"},"_links":{"self":[{"href":"https:\/\/stoic-curie.212-227-153-4.plesk.page\/de\/wp-json\/wp\/v2\/product\/732666","targetHints":{"allow":["GET"]}}],"collection":[{"href":"https:\/\/stoic-curie.212-227-153-4.plesk.page\/de\/wp-json\/wp\/v2\/product"}],"about":[{"href":"https:\/\/stoic-curie.212-227-153-4.plesk.page\/de\/wp-json\/wp\/v2\/types\/product"}],"replies":[{"embeddable":true,"href":"https:\/\/stoic-curie.212-227-153-4.plesk.page\/de\/wp-json\/wp\/v2\/comments?post=732666"}],"version-history":[{"count":0,"href":"https:\/\/stoic-curie.212-227-153-4.plesk.page\/de\/wp-json\/wp\/v2\/product\/732666\/revisions"}],"wp:featuredmedia":[{"embeddable":true,"href":"https:\/\/stoic-curie.212-227-153-4.plesk.page\/de\/wp-json\/wp\/v2\/media\/5936274"}],"wp:attachment":[{"href":"https:\/\/stoic-curie.212-227-153-4.plesk.page\/de\/wp-json\/wp\/v2\/media?parent=732666"}],"wp:term":[{"taxonomy":"product_brand","embeddable":true,"href":"https:\/\/stoic-curie.212-227-153-4.plesk.page\/de\/wp-json\/wp\/v2\/product_brand?post=732666"},{"taxonomy":"product_cat","embeddable":true,"href":"https:\/\/stoic-curie.212-227-153-4.plesk.page\/de\/wp-json\/wp\/v2\/product_cat?post=732666"},{"taxonomy":"product_tag","embeddable":true,"href":"https:\/\/stoic-curie.212-227-153-4.plesk.page\/de\/wp-json\/wp\/v2\/product_tag?post=732666"}],"curies":[{"name":"wp","href":"https:\/\/api.w.org\/{rel}","templated":true}]}}