{"id":732671,"date":"2025-03-03T16:16:36","date_gmt":"2025-03-03T15:16:36","guid":{"rendered":"https:\/\/stoic-curie.212-227-153-4.plesk.page\/producto\/antisiphon-vetus-h-typ-mit-schlauch-13-19-25-32\/"},"modified":"2026-02-24T23:34:36","modified_gmt":"2026-02-24T23:34:36","slug":"antisiphon-vetus-h-typ-mit-schlauch-13-19-25-32","status":"publish","type":"product","link":"https:\/\/stoic-curie.212-227-153-4.plesk.page\/de\/product\/antisiphon-vetus-h-typ-mit-schlauch-13-19-25-32\/","title":{"rendered":"Antisiphon Vetus H Typ mit Schlauch 13\/19\/25\/32"},"content":{"rendered":"<p>Antisiphon Vetus H Typ mit Schlauch 13\/19\/25\/32 &#8211; <\/p>\n<p>Anti-Siphon-Luftventile f\u00fcr Abgassysteme unter der Wasserlinie. Wenn der Punkt, an dem das K\u00fchlwasser in das Abgassystem eingespritzt wird, weniger als 15 cm \u00fcber der Wasserlinie liegt, kann das K\u00fchlwasser bei abgestelltem Motor in das Abgassystem und dann in den Motor eindringen. Dieses Risiko kann verringert werden, indem ein Anti-Siphon mindestens 40 cm \u00fcber der Wasserlinie installiert wird.<\/p>\n","protected":false},"excerpt":{"rendered":"<p>Antisiphon Vetus H Typ mit Schlauch 13\/19\/25\/32 &#8211; Anti-Siphon-Luftventile f\u00fcr Abgassysteme unter der Wasserlinie. Wenn der Punkt, an dem das<\/p>\n","protected":false},"featured_media":5936282,"comment_status":"open","ping_status":"closed","template":"","meta":[],"product_brand":[3520],"product_cat":[1507,1374],"product_tag":[],"class_list":{"0":"post-732671","1":"product","2":"type-product","3":"status-publish","4":"has-post-thumbnail","6":"product_brand-vetus-de","7":"product_cat-abgas-wasserperren-und-schalldaempfer","8":"product_cat-kunststoff-wasserinstallationsarmaturen","10":"first","11":"instock","12":"shipping-taxable","13":"purchasable","14":"product-type-simple"},"_links":{"self":[{"href":"https:\/\/stoic-curie.212-227-153-4.plesk.page\/de\/wp-json\/wp\/v2\/product\/732671","targetHints":{"allow":["GET"]}}],"collection":[{"href":"https:\/\/stoic-curie.212-227-153-4.plesk.page\/de\/wp-json\/wp\/v2\/product"}],"about":[{"href":"https:\/\/stoic-curie.212-227-153-4.plesk.page\/de\/wp-json\/wp\/v2\/types\/product"}],"replies":[{"embeddable":true,"href":"https:\/\/stoic-curie.212-227-153-4.plesk.page\/de\/wp-json\/wp\/v2\/comments?post=732671"}],"version-history":[{"count":0,"href":"https:\/\/stoic-curie.212-227-153-4.plesk.page\/de\/wp-json\/wp\/v2\/product\/732671\/revisions"}],"wp:featuredmedia":[{"embeddable":true,"href":"https:\/\/stoic-curie.212-227-153-4.plesk.page\/de\/wp-json\/wp\/v2\/media\/5936282"}],"wp:attachment":[{"href":"https:\/\/stoic-curie.212-227-153-4.plesk.page\/de\/wp-json\/wp\/v2\/media?parent=732671"}],"wp:term":[{"taxonomy":"product_brand","embeddable":true,"href":"https:\/\/stoic-curie.212-227-153-4.plesk.page\/de\/wp-json\/wp\/v2\/product_brand?post=732671"},{"taxonomy":"product_cat","embeddable":true,"href":"https:\/\/stoic-curie.212-227-153-4.plesk.page\/de\/wp-json\/wp\/v2\/product_cat?post=732671"},{"taxonomy":"product_tag","embeddable":true,"href":"https:\/\/stoic-curie.212-227-153-4.plesk.page\/de\/wp-json\/wp\/v2\/product_tag?post=732671"}],"curies":[{"name":"wp","href":"https:\/\/api.w.org\/{rel}","templated":true}]}}