{"id":732685,"date":"2025-03-03T16:16:42","date_gmt":"2025-03-03T15:16:42","guid":{"rendered":"https:\/\/stoic-curie.212-227-153-4.plesk.page\/producto\/elastische-wellendichtung-60-x-78mm\/"},"modified":"2026-02-24T23:34:36","modified_gmt":"2026-02-24T23:34:36","slug":"elastische-wellendichtung-60-x-78mm","status":"publish","type":"product","link":"https:\/\/stoic-curie.212-227-153-4.plesk.page\/de\/product\/elastische-wellendichtung-60-x-78mm\/","title":{"rendered":"Elastische Wellendichtung 60 x 78mm"},"content":{"rendered":"<p>Elastische Wellendichtung 60 x 78mm &#8211; <\/p>\n<p style=\"color: rgb(34, 34, 34); font-family: Arial, Helvetica, sans-serif; font-size: small;\">Dieser bronzene Propellerwellendichtring ist mit einem Doppel-Lippen-Design ausgestattet und verf\u00fcgt \u00fcber eine vordere Dichtkammer, die mit Silikonschmiermittel gef\u00fcllt ist. Er ist in verschiedenen Wellenweiten erh\u00e4ltlich, darunter 25 mm, 30 mm, 35 mm, 40 mm, 45 mm, 50 mm und 60 mm. Die geformte Gummidichtung bietet hervorragende Schmier- und Dichtf\u00e4higkeiten. Sein kompaktes Design erleichtert die Installation und hilft Ihnen, wertvolle Zeit zu sparen. Die Wartung ist sehr einfach; tragen Sie alle 200 Stunden oder einmal im Jahr Schmierfett auf den Dichtungsring auf.<\/p>\n<p style=\"color: rgb(34, 34, 34); font-family: Arial, Helvetica, sans-serif; font-size: small;\">Die Baugruppe wird zudem mit einem Schlauchteil geliefert, um eine Verbindung zu einer Wasserquelle f\u00fcr die Schmierung herzustellen.<\/p>\n","protected":false},"excerpt":{"rendered":"<p>Elastische Wellendichtung 60 x 78mm &#8211; Dieser bronzene Propellerwellendichtring ist mit einem Doppel-Lippen-Design ausgestattet und verf\u00fcgt \u00fcber eine vordere Dichtkammer,<\/p>\n","protected":false},"featured_media":5936293,"comment_status":"open","ping_status":"closed","template":"","meta":[],"product_brand":[2915],"product_cat":[1521],"product_tag":[],"class_list":{"0":"post-732685","1":"product","2":"type-product","3":"status-publish","4":"has-post-thumbnail","6":"product_brand-eliche-radice-de","7":"product_cat-propellerwellendichtungen","9":"first","10":"outofstock","11":"shipping-taxable","12":"purchasable","13":"product-type-simple"},"_links":{"self":[{"href":"https:\/\/stoic-curie.212-227-153-4.plesk.page\/de\/wp-json\/wp\/v2\/product\/732685","targetHints":{"allow":["GET"]}}],"collection":[{"href":"https:\/\/stoic-curie.212-227-153-4.plesk.page\/de\/wp-json\/wp\/v2\/product"}],"about":[{"href":"https:\/\/stoic-curie.212-227-153-4.plesk.page\/de\/wp-json\/wp\/v2\/types\/product"}],"replies":[{"embeddable":true,"href":"https:\/\/stoic-curie.212-227-153-4.plesk.page\/de\/wp-json\/wp\/v2\/comments?post=732685"}],"version-history":[{"count":0,"href":"https:\/\/stoic-curie.212-227-153-4.plesk.page\/de\/wp-json\/wp\/v2\/product\/732685\/revisions"}],"wp:featuredmedia":[{"embeddable":true,"href":"https:\/\/stoic-curie.212-227-153-4.plesk.page\/de\/wp-json\/wp\/v2\/media\/5936293"}],"wp:attachment":[{"href":"https:\/\/stoic-curie.212-227-153-4.plesk.page\/de\/wp-json\/wp\/v2\/media?parent=732685"}],"wp:term":[{"taxonomy":"product_brand","embeddable":true,"href":"https:\/\/stoic-curie.212-227-153-4.plesk.page\/de\/wp-json\/wp\/v2\/product_brand?post=732685"},{"taxonomy":"product_cat","embeddable":true,"href":"https:\/\/stoic-curie.212-227-153-4.plesk.page\/de\/wp-json\/wp\/v2\/product_cat?post=732685"},{"taxonomy":"product_tag","embeddable":true,"href":"https:\/\/stoic-curie.212-227-153-4.plesk.page\/de\/wp-json\/wp\/v2\/product_tag?post=732685"}],"curies":[{"name":"wp","href":"https:\/\/api.w.org\/{rel}","templated":true}]}}