{"id":732715,"date":"2025-03-03T16:16:47","date_gmt":"2025-03-03T15:16:47","guid":{"rendered":"https:\/\/stoic-curie.212-227-153-4.plesk.page\/producto\/vetus-doppeltstation-rueckschlagventil-fuer-mtc52-mtc175\/"},"modified":"2026-02-24T23:34:36","modified_gmt":"2026-02-24T23:34:36","slug":"vetus-doppeltstation-rueckschlagventil-fuer-mtc52-mtc175","status":"publish","type":"product","link":"https:\/\/stoic-curie.212-227-153-4.plesk.page\/de\/product\/vetus-doppeltstation-rueckschlagventil-fuer-mtc52-mtc175\/","title":{"rendered":"Vetus Doppeltstation-R\u00fcckschlagventil f\u00fcr MTC52 &#038; MTC175"},"content":{"rendered":"<p>Vetus Doppeltstation-R\u00fcckschlagventil f\u00fcr MTC52 &#038; MTC175 &#8211; <\/p>\n<p>Ersatzteile und Zubeh\u00f6r f\u00fcr Vetus-Hydrauliksteuerungssysteme. R\u00fcckschlagventile werden auch f\u00fcr Doppelsysteme verwendet. Die Halterungen sind aus rostfreiem Stahl und passen zu alten Vetus-Pumpen. Der By-Pass-Hahn ist am Hydrauliksystem montiert, um zum Steuerstand zu gelangen.<\/p>\n","protected":false},"excerpt":{"rendered":"<p>Vetus Doppeltstation-R\u00fcckschlagventil f\u00fcr MTC52 &#038; MTC175 &#8211; Ersatzteile und Zubeh\u00f6r f\u00fcr Vetus-Hydrauliksteuerungssysteme. R\u00fcckschlagventile werden auch f\u00fcr Doppelsysteme verwendet. Die Halterungen<\/p>\n","protected":false},"featured_media":5936403,"comment_status":"open","ping_status":"closed","template":"","meta":[],"product_brand":[3520],"product_cat":[1536],"product_tag":[],"class_list":{"0":"post-732715","1":"product","2":"type-product","3":"status-publish","4":"has-post-thumbnail","6":"product_brand-vetus-de","7":"product_cat-hydraulische-lenkung","9":"first","10":"instock","11":"shipping-taxable","12":"purchasable","13":"product-type-simple"},"_links":{"self":[{"href":"https:\/\/stoic-curie.212-227-153-4.plesk.page\/de\/wp-json\/wp\/v2\/product\/732715","targetHints":{"allow":["GET"]}}],"collection":[{"href":"https:\/\/stoic-curie.212-227-153-4.plesk.page\/de\/wp-json\/wp\/v2\/product"}],"about":[{"href":"https:\/\/stoic-curie.212-227-153-4.plesk.page\/de\/wp-json\/wp\/v2\/types\/product"}],"replies":[{"embeddable":true,"href":"https:\/\/stoic-curie.212-227-153-4.plesk.page\/de\/wp-json\/wp\/v2\/comments?post=732715"}],"version-history":[{"count":0,"href":"https:\/\/stoic-curie.212-227-153-4.plesk.page\/de\/wp-json\/wp\/v2\/product\/732715\/revisions"}],"wp:featuredmedia":[{"embeddable":true,"href":"https:\/\/stoic-curie.212-227-153-4.plesk.page\/de\/wp-json\/wp\/v2\/media\/5936403"}],"wp:attachment":[{"href":"https:\/\/stoic-curie.212-227-153-4.plesk.page\/de\/wp-json\/wp\/v2\/media?parent=732715"}],"wp:term":[{"taxonomy":"product_brand","embeddable":true,"href":"https:\/\/stoic-curie.212-227-153-4.plesk.page\/de\/wp-json\/wp\/v2\/product_brand?post=732715"},{"taxonomy":"product_cat","embeddable":true,"href":"https:\/\/stoic-curie.212-227-153-4.plesk.page\/de\/wp-json\/wp\/v2\/product_cat?post=732715"},{"taxonomy":"product_tag","embeddable":true,"href":"https:\/\/stoic-curie.212-227-153-4.plesk.page\/de\/wp-json\/wp\/v2\/product_tag?post=732715"}],"curies":[{"name":"wp","href":"https:\/\/api.w.org\/{rel}","templated":true}]}}