{"id":732717,"date":"2025-03-03T16:16:48","date_gmt":"2025-03-03T15:16:48","guid":{"rendered":"https:\/\/stoic-curie.212-227-153-4.plesk.page\/producto\/morsehebel-teleflex-700ss\/"},"modified":"2026-02-24T23:34:36","modified_gmt":"2026-02-24T23:34:36","slug":"morsehebel-teleflex-700ss","status":"publish","type":"product","link":"https:\/\/stoic-curie.212-227-153-4.plesk.page\/de\/product\/morsehebel-teleflex-700ss\/","title":{"rendered":"Morsehebel Teleflex 700SS"},"content":{"rendered":"<p>Morsehebel Teleflex 700SS &#8211; <\/p>\n<p>Doppelt action Seitenmontage-Einhebelsteuerung f\u00fcr Gas- und Schaltsteuerung f\u00fcr Innenbordmotoren. Standardm\u00e4\u00dfig ausgestattet an Volvo- und Vetus-Motoren. Verwendet C2 \/ C8 \/ C33 \/ MACHZero Steuerkabel.<\/p>\n","protected":false},"excerpt":{"rendered":"<p>Morsehebel Teleflex 700SS &#8211; Doppelt action Seitenmontage-Einhebelsteuerung f\u00fcr Gas- und Schaltsteuerung f\u00fcr Innenbordmotoren. Standardm\u00e4\u00dfig ausgestattet an Volvo- und Vetus-Motoren. Verwendet<\/p>\n","protected":false},"featured_media":5936407,"comment_status":"open","ping_status":"closed","template":"","meta":[],"product_brand":[3360],"product_cat":[1504],"product_tag":[],"class_list":{"0":"post-732717","1":"product","2":"type-product","3":"status-publish","4":"has-post-thumbnail","6":"product_brand-seastar-teleflex-de","7":"product_cat-morse-hebelsteuerungen","9":"first","10":"instock","11":"shipping-taxable","12":"purchasable","13":"product-type-simple"},"_links":{"self":[{"href":"https:\/\/stoic-curie.212-227-153-4.plesk.page\/de\/wp-json\/wp\/v2\/product\/732717","targetHints":{"allow":["GET"]}}],"collection":[{"href":"https:\/\/stoic-curie.212-227-153-4.plesk.page\/de\/wp-json\/wp\/v2\/product"}],"about":[{"href":"https:\/\/stoic-curie.212-227-153-4.plesk.page\/de\/wp-json\/wp\/v2\/types\/product"}],"replies":[{"embeddable":true,"href":"https:\/\/stoic-curie.212-227-153-4.plesk.page\/de\/wp-json\/wp\/v2\/comments?post=732717"}],"version-history":[{"count":0,"href":"https:\/\/stoic-curie.212-227-153-4.plesk.page\/de\/wp-json\/wp\/v2\/product\/732717\/revisions"}],"wp:featuredmedia":[{"embeddable":true,"href":"https:\/\/stoic-curie.212-227-153-4.plesk.page\/de\/wp-json\/wp\/v2\/media\/5936407"}],"wp:attachment":[{"href":"https:\/\/stoic-curie.212-227-153-4.plesk.page\/de\/wp-json\/wp\/v2\/media?parent=732717"}],"wp:term":[{"taxonomy":"product_brand","embeddable":true,"href":"https:\/\/stoic-curie.212-227-153-4.plesk.page\/de\/wp-json\/wp\/v2\/product_brand?post=732717"},{"taxonomy":"product_cat","embeddable":true,"href":"https:\/\/stoic-curie.212-227-153-4.plesk.page\/de\/wp-json\/wp\/v2\/product_cat?post=732717"},{"taxonomy":"product_tag","embeddable":true,"href":"https:\/\/stoic-curie.212-227-153-4.plesk.page\/de\/wp-json\/wp\/v2\/product_tag?post=732717"}],"curies":[{"name":"wp","href":"https:\/\/api.w.org\/{rel}","templated":true}]}}