{"id":732718,"date":"2025-03-03T16:16:48","date_gmt":"2025-03-03T15:16:48","guid":{"rendered":"https:\/\/stoic-curie.212-227-153-4.plesk.page\/producto\/bugstrahlruder-vetus-35kgf-12v\/"},"modified":"2026-02-24T23:34:36","modified_gmt":"2026-02-24T23:34:36","slug":"bugstrahlruder-vetus-35kgf-12v","status":"publish","type":"product","link":"https:\/\/stoic-curie.212-227-153-4.plesk.page\/de\/product\/bugstrahlruder-vetus-35kgf-12v\/","title":{"rendered":"Bugstrahlruder Vetus 35kgf 12V"},"content":{"rendered":"<p>Bugstrahlruder Vetus 35kgf 12V &#8211; <\/p>\n<p>Der Vetus BOW3512E 35Kgf Bugstrahlruder ist f\u00fcr Yachten und Motorboote bis zu 10 Metern (33 Fu\u00df) L\u00e4nge konzipiert. Es besteht aus hochwertigen Materialien, die eine leistungsstarke Leistung und eine lange Lebensdauer gew\u00e4hrleisten.<\/p>\n<p> Diese 35Kgf Einheit sticht als eines der wenigen Ruder in ihrer Klasse mit einem Durchmesser von 150 mm hervor, was die Installation im Vergleich zu Wettbewerbern, die Standardeinheiten mit 185 mm verwenden, erleichtert.<\/p>\n<p>Die Hauptmerkmale des Vetus Bugstrahlruders umfassen:<\/p>\n<ul>\n<li>Ein flexibles Kupplungselement zwischen dem Heckst\u00fcck und dem Motor, das Vibrationen reduziert.<\/li>\n<li>Ein energieeffizienter Motor f\u00fcr bessere Leistung.<\/li>\n<li>Einfacher Installationsprozess.<\/li>\n<li>Eine einzelne Schraube, die St\u00f6rung des Flows im Tunnel minimiert.<\/li>\n<li>Ein einzigartiges Propellerblattdesign, das Kavitation und Ger\u00e4usche reduziert.<\/li>\n<li>Ein starker synthetischer Propeller, der korrosionsbest\u00e4ndig und leicht ist.<\/li>\n<li>Spiralr\u00e4der, die das Ger\u00e4usch des Antriebs reduzieren.<\/li>\n<li>Einhalten von EMC-Anforderungen.<\/li>\n<\/ul>\n<p>Die Einheit wird mit einer Sicherung und einem Sicherungshalter geliefert.<\/p>\n<p>Die Vorteile eines Vetus Bugstrahlruders sind:<\/p>\n<ul>\n<li>Ein hochwertiger, leistungsstarker 12V DC-Motor.<\/li>\n<li>Ein str\u00f6mungsg\u00fcnstiger Unterbau aus Bronze zur Verbesserung der Effizienz.<\/li>\n<li>Ein einzelner 6-bl\u00e4ttriger Propeller, der in Zusammenarbeit mit MARIN entwickelt wurde und 9 % mehr Schub bei gleichwertigem Vortrieb in beide Richtungen bietet und zugleich Kavitation und Ger\u00e4usch im Tunnel reduziert.<\/li>\n<li>Eine flexible Antriebskupplung, die die Notwendigkeit eines Scherbolzens eliminiert.<\/li>\n<li>Mehrstationensteuerungsoptionen mit einfacher Verkabelung.<\/li>\n<li>Ein starkes globales Ansehen.<\/li>\n<\/ul>\n<p>Technische Daten:<\/p>\n<ul>\n<li>Schub: 35 Kgf<\/li>\n<li>Leistung: 1,5 kW (2 PS)<\/li>\n<li>Umkehrbarer DC-Motor: Ja<\/li>\n<li>Durchmesser der Tunnelinnenseite: 150 mm<\/li>\n<li>Gewicht (ohne Tunnel): 12 kg<\/li>\n<li>Stromverbrauch: 205 Amps<\/li>\n<li>Maximale Betriebszeit: 4 Minuten<\/li>\n<li>Hauptsicherung (langsame Ausl\u00f6sung): 160 Amps<\/li>\n<li>Batteriekapazit\u00e4t (Ah Min\/Max): 1 x 55 \/ 1 x 108<\/li>\n<li>Batteriekabel: 0-11\/35 m\/mm\u00b2<\/li>\n<li>Batterieschalter: 250<\/li>\n<\/ul>\n<p>Dieses Bugstrahlruder verbindet Qualit\u00e4t und Leistung und ist eine ausgezeichnete Wahl f\u00fcr Bootsliebhaber.<\/p>\n","protected":false},"excerpt":{"rendered":"<p>Bugstrahlruder Vetus 35kgf 12V &#8211; Der Vetus BOW3512E 35Kgf Bugstrahlruder ist f\u00fcr Yachten und Motorboote bis zu 10 Metern (33<\/p>\n","protected":false},"featured_media":5936409,"comment_status":"open","ping_status":"closed","template":"","meta":[],"product_brand":[3520],"product_cat":[1322],"product_tag":[],"class_list":{"0":"post-732718","1":"product","2":"type-product","3":"status-publish","4":"has-post-thumbnail","6":"product_brand-vetus-de","7":"product_cat-bugstrahlruder-vetus","9":"first","10":"instock","11":"shipping-taxable","12":"purchasable","13":"product-type-simple"},"_links":{"self":[{"href":"https:\/\/stoic-curie.212-227-153-4.plesk.page\/de\/wp-json\/wp\/v2\/product\/732718","targetHints":{"allow":["GET"]}}],"collection":[{"href":"https:\/\/stoic-curie.212-227-153-4.plesk.page\/de\/wp-json\/wp\/v2\/product"}],"about":[{"href":"https:\/\/stoic-curie.212-227-153-4.plesk.page\/de\/wp-json\/wp\/v2\/types\/product"}],"replies":[{"embeddable":true,"href":"https:\/\/stoic-curie.212-227-153-4.plesk.page\/de\/wp-json\/wp\/v2\/comments?post=732718"}],"version-history":[{"count":0,"href":"https:\/\/stoic-curie.212-227-153-4.plesk.page\/de\/wp-json\/wp\/v2\/product\/732718\/revisions"}],"wp:featuredmedia":[{"embeddable":true,"href":"https:\/\/stoic-curie.212-227-153-4.plesk.page\/de\/wp-json\/wp\/v2\/media\/5936409"}],"wp:attachment":[{"href":"https:\/\/stoic-curie.212-227-153-4.plesk.page\/de\/wp-json\/wp\/v2\/media?parent=732718"}],"wp:term":[{"taxonomy":"product_brand","embeddable":true,"href":"https:\/\/stoic-curie.212-227-153-4.plesk.page\/de\/wp-json\/wp\/v2\/product_brand?post=732718"},{"taxonomy":"product_cat","embeddable":true,"href":"https:\/\/stoic-curie.212-227-153-4.plesk.page\/de\/wp-json\/wp\/v2\/product_cat?post=732718"},{"taxonomy":"product_tag","embeddable":true,"href":"https:\/\/stoic-curie.212-227-153-4.plesk.page\/de\/wp-json\/wp\/v2\/product_tag?post=732718"}],"curies":[{"name":"wp","href":"https:\/\/api.w.org\/{rel}","templated":true}]}}