{"id":732719,"date":"2025-03-03T16:16:48","date_gmt":"2025-03-03T15:16:48","guid":{"rendered":"https:\/\/stoic-curie.212-227-153-4.plesk.page\/producto\/quicksilver-2-takt-tc-w3-premium-mischoel-4-l\/"},"modified":"2026-02-24T23:34:36","modified_gmt":"2026-02-24T23:34:36","slug":"quicksilver-2-takt-tc-w3-premium-mischoel-4-l","status":"publish","type":"product","link":"https:\/\/stoic-curie.212-227-153-4.plesk.page\/de\/product\/quicksilver-2-takt-tc-w3-premium-mischoel-4-l\/","title":{"rendered":"Quicksilver 2-Takt-TC-W3 Premium-Misch\u00f6l 4 l"},"content":{"rendered":"<p>Quicksilver 2-Takt-TC-W3 Premium-Misch\u00f6l 4 l &#8211; <\/p>\n<p>2-Takt Au\u00dfenbordmotor Gemisch\u00f6l.<\/p>\n","protected":false},"excerpt":{"rendered":"<p>Quicksilver 2-Takt-TC-W3 Premium-Misch\u00f6l 4 l &#8211; 2-Takt Au\u00dfenbordmotor Gemisch\u00f6l.<\/p>\n","protected":false},"featured_media":2903012,"comment_status":"open","ping_status":"closed","template":"","meta":[],"product_brand":[3285,2192],"product_cat":[1515],"product_tag":[],"class_list":{"0":"post-732719","1":"product","2":"type-product","3":"status-publish","4":"has-post-thumbnail","6":"product_brand-quicksilver-de","7":"product_brand-quicksilver","8":"product_cat-marine-motoroel","10":"first","11":"instock","12":"shipping-taxable","13":"purchasable","14":"product-type-simple"},"_links":{"self":[{"href":"https:\/\/stoic-curie.212-227-153-4.plesk.page\/de\/wp-json\/wp\/v2\/product\/732719","targetHints":{"allow":["GET"]}}],"collection":[{"href":"https:\/\/stoic-curie.212-227-153-4.plesk.page\/de\/wp-json\/wp\/v2\/product"}],"about":[{"href":"https:\/\/stoic-curie.212-227-153-4.plesk.page\/de\/wp-json\/wp\/v2\/types\/product"}],"replies":[{"embeddable":true,"href":"https:\/\/stoic-curie.212-227-153-4.plesk.page\/de\/wp-json\/wp\/v2\/comments?post=732719"}],"version-history":[{"count":0,"href":"https:\/\/stoic-curie.212-227-153-4.plesk.page\/de\/wp-json\/wp\/v2\/product\/732719\/revisions"}],"wp:featuredmedia":[{"embeddable":true,"href":"https:\/\/stoic-curie.212-227-153-4.plesk.page\/de\/wp-json\/"}],"wp:attachment":[{"href":"https:\/\/stoic-curie.212-227-153-4.plesk.page\/de\/wp-json\/wp\/v2\/media?parent=732719"}],"wp:term":[{"taxonomy":"product_brand","embeddable":true,"href":"https:\/\/stoic-curie.212-227-153-4.plesk.page\/de\/wp-json\/wp\/v2\/product_brand?post=732719"},{"taxonomy":"product_cat","embeddable":true,"href":"https:\/\/stoic-curie.212-227-153-4.plesk.page\/de\/wp-json\/wp\/v2\/product_cat?post=732719"},{"taxonomy":"product_tag","embeddable":true,"href":"https:\/\/stoic-curie.212-227-153-4.plesk.page\/de\/wp-json\/wp\/v2\/product_tag?post=732719"}],"curies":[{"name":"wp","href":"https:\/\/api.w.org\/{rel}","templated":true}]}}