{"id":732720,"date":"2025-03-03T16:16:49","date_gmt":"2025-03-03T15:16:49","guid":{"rendered":"https:\/\/stoic-curie.212-227-153-4.plesk.page\/producto\/quicksilver-tcw3-premium-2-takt-aussenbordmotor-mischoel-10-l\/"},"modified":"2026-02-24T23:34:36","modified_gmt":"2026-02-24T23:34:36","slug":"quicksilver-tcw3-premium-2-takt-aussenbordmotor-mischoel-10-l","status":"publish","type":"product","link":"https:\/\/stoic-curie.212-227-153-4.plesk.page\/de\/product\/quicksilver-tcw3-premium-2-takt-aussenbordmotor-mischoel-10-l\/","title":{"rendered":"Quicksilver TCW3 Premium \u00d6l 2-Takt 10l"},"content":{"rendered":"<p>Quicksilver TCW3 Premium \u00d6l 2-Takt 10l &#8211; <\/p>\n<p>2-Takt Au\u00dfenbordmotor Misch\u00f6l.<\/p>\n","protected":false},"excerpt":{"rendered":"<p>Quicksilver TCW3 Premium \u00d6l 2-Takt 10l &#8211; 2-Takt Au\u00dfenbordmotor Misch\u00f6l.<\/p>\n","protected":false},"featured_media":5936411,"comment_status":"open","ping_status":"closed","template":"","meta":[],"product_brand":[3285],"product_cat":[1515],"product_tag":[],"class_list":{"0":"post-732720","1":"product","2":"type-product","3":"status-publish","4":"has-post-thumbnail","6":"product_brand-quicksilver-de","7":"product_cat-marine-motoroel","9":"first","10":"instock","11":"shipping-taxable","12":"purchasable","13":"product-type-simple"},"_links":{"self":[{"href":"https:\/\/stoic-curie.212-227-153-4.plesk.page\/de\/wp-json\/wp\/v2\/product\/732720","targetHints":{"allow":["GET"]}}],"collection":[{"href":"https:\/\/stoic-curie.212-227-153-4.plesk.page\/de\/wp-json\/wp\/v2\/product"}],"about":[{"href":"https:\/\/stoic-curie.212-227-153-4.plesk.page\/de\/wp-json\/wp\/v2\/types\/product"}],"replies":[{"embeddable":true,"href":"https:\/\/stoic-curie.212-227-153-4.plesk.page\/de\/wp-json\/wp\/v2\/comments?post=732720"}],"version-history":[{"count":0,"href":"https:\/\/stoic-curie.212-227-153-4.plesk.page\/de\/wp-json\/wp\/v2\/product\/732720\/revisions"}],"wp:featuredmedia":[{"embeddable":true,"href":"https:\/\/stoic-curie.212-227-153-4.plesk.page\/de\/wp-json\/wp\/v2\/media\/5936411"}],"wp:attachment":[{"href":"https:\/\/stoic-curie.212-227-153-4.plesk.page\/de\/wp-json\/wp\/v2\/media?parent=732720"}],"wp:term":[{"taxonomy":"product_brand","embeddable":true,"href":"https:\/\/stoic-curie.212-227-153-4.plesk.page\/de\/wp-json\/wp\/v2\/product_brand?post=732720"},{"taxonomy":"product_cat","embeddable":true,"href":"https:\/\/stoic-curie.212-227-153-4.plesk.page\/de\/wp-json\/wp\/v2\/product_cat?post=732720"},{"taxonomy":"product_tag","embeddable":true,"href":"https:\/\/stoic-curie.212-227-153-4.plesk.page\/de\/wp-json\/wp\/v2\/product_tag?post=732720"}],"curies":[{"name":"wp","href":"https:\/\/api.w.org\/{rel}","templated":true}]}}