{"id":732725,"date":"2025-03-03T16:16:50","date_gmt":"2025-03-03T15:16:50","guid":{"rendered":"https:\/\/stoic-curie.212-227-153-4.plesk.page\/producto\/teakoel-star-brite-gold-38-l\/"},"modified":"2026-02-24T23:34:36","modified_gmt":"2026-02-24T23:34:36","slug":"teakoel-star-brite-gold-38-l","status":"publish","type":"product","link":"https:\/\/stoic-curie.212-227-153-4.plesk.page\/de\/product\/teakoel-star-brite-gold-38-l\/","title":{"rendered":"Teak\u00f6l Star Brite GOLD 3,8 l"},"content":{"rendered":"<p>Teak\u00f6l Star Brite GOLD 3,8 l &#8211; <\/p>\n<p>\u2022 Extra langanhaltender Schutz f\u00fcr Teakholz  \u2022 Verleiht Teakholz eine nat\u00fcrliche, warme goldene Farbe  \u2022 Einfach anzuwenden, schnell trocknend  \u2022 Sch\u00fctzt vor ultravioletten Strahlen  \u2022 Fortschrittliche Tung\u00f6l-Polymer-Formel  \u2022 #1 bewertetes Teak\u00f6l in unabh\u00e4ngigen Tests  \u2022 H\u00e4lt 6-mal l\u00e4nger als Standard-Teak\u00f6le<\/p>\n","protected":false},"excerpt":{"rendered":"<p>Teak\u00f6l Star Brite GOLD 3,8 l &#8211; \u2022 Extra langanhaltender Schutz f\u00fcr Teakholz \u2022 Verleiht Teakholz eine nat\u00fcrliche, warme goldene<\/p>\n","protected":false},"featured_media":5936420,"comment_status":"open","ping_status":"closed","template":"","meta":[],"product_brand":[3435],"product_cat":[1338],"product_tag":[],"class_list":{"0":"post-732725","1":"product","2":"type-product","3":"status-publish","4":"has-post-thumbnail","6":"product_brand-starbrite-de","7":"product_cat-marine-schiffslacke-und-teakoel","9":"first","10":"instock","11":"shipping-taxable","12":"purchasable","13":"product-type-simple"},"_links":{"self":[{"href":"https:\/\/stoic-curie.212-227-153-4.plesk.page\/de\/wp-json\/wp\/v2\/product\/732725","targetHints":{"allow":["GET"]}}],"collection":[{"href":"https:\/\/stoic-curie.212-227-153-4.plesk.page\/de\/wp-json\/wp\/v2\/product"}],"about":[{"href":"https:\/\/stoic-curie.212-227-153-4.plesk.page\/de\/wp-json\/wp\/v2\/types\/product"}],"replies":[{"embeddable":true,"href":"https:\/\/stoic-curie.212-227-153-4.plesk.page\/de\/wp-json\/wp\/v2\/comments?post=732725"}],"version-history":[{"count":0,"href":"https:\/\/stoic-curie.212-227-153-4.plesk.page\/de\/wp-json\/wp\/v2\/product\/732725\/revisions"}],"wp:featuredmedia":[{"embeddable":true,"href":"https:\/\/stoic-curie.212-227-153-4.plesk.page\/de\/wp-json\/wp\/v2\/media\/5936420"}],"wp:attachment":[{"href":"https:\/\/stoic-curie.212-227-153-4.plesk.page\/de\/wp-json\/wp\/v2\/media?parent=732725"}],"wp:term":[{"taxonomy":"product_brand","embeddable":true,"href":"https:\/\/stoic-curie.212-227-153-4.plesk.page\/de\/wp-json\/wp\/v2\/product_brand?post=732725"},{"taxonomy":"product_cat","embeddable":true,"href":"https:\/\/stoic-curie.212-227-153-4.plesk.page\/de\/wp-json\/wp\/v2\/product_cat?post=732725"},{"taxonomy":"product_tag","embeddable":true,"href":"https:\/\/stoic-curie.212-227-153-4.plesk.page\/de\/wp-json\/wp\/v2\/product_tag?post=732725"}],"curies":[{"name":"wp","href":"https:\/\/api.w.org\/{rel}","templated":true}]}}