{"id":732732,"date":"2025-03-03T16:16:51","date_gmt":"2025-03-03T15:16:51","guid":{"rendered":"https:\/\/stoic-curie.212-227-153-4.plesk.page\/producto\/hallanker-feuerverzinkter-stahl-48-kg\/"},"modified":"2026-02-24T23:34:36","modified_gmt":"2026-02-24T23:34:36","slug":"hallanker-feuerverzinkter-stahl-48-kg","status":"publish","type":"product","link":"https:\/\/stoic-curie.212-227-153-4.plesk.page\/de\/product\/hallanker-feuerverzinkter-stahl-48-kg\/","title":{"rendered":"Anker Hall 48 kg"},"content":{"rendered":"<p>Anker Hall 48 kg &#8211; <\/p>\n<p style=\"color: rgb(34, 34, 34); font-family: Arial, Helvetica, sans-serif; font-size: small;\">Der Hall&#8217;s Anker, oft als Admiralty Pattern Hall Anchor bezeichnet, ist ein zeitloses Anker, das perfekt in das Hawsehole passt. Es verf\u00fcgt \u00fcber ein anmutiges Design und einen stabilen Schaft, der aus strapazierf\u00e4higem Gusseisen gefertigt und feuerverzinkt ist, um seine Langlebigkeit zu verbessern. Dieses zuverl\u00e4ssige Design ist im maritimen Sektor weit verbreitet f\u00fcr die Sicherung gro\u00dfer Schiffe, Boote und Yachten in H\u00e4fen, Marinas und Offshore-Moorungssystemen anerkannt.<\/p>\n<p style=\"color: rgb(34, 34, 34); font-family: Arial, Helvetica, sans-serif; font-size: small;\">Urspr\u00fcnglich im 19. Jahrhundert f\u00fcr milit\u00e4rische Anwendungen entwickelt, ist das Hall&#8217;s Anker auch heute eine beliebte Wahl aufgrund seiner beeindruckenden Haltekraft und seiner F\u00e4higkeit, effektiv in verschiedenen Arten von Meeresb\u00f6den zu verankern. Es eignet sich sowohl f\u00fcr dauerhafte als auch f\u00fcr semi-permanente Moorung und funktioniert au\u00dfergew\u00f6hnlich gut auf sandigen, schlammigen oder felsigen Oberfl\u00e4chen. Diese Anpassungsf\u00e4higkeit macht es zu einer hervorragenden Wahl f\u00fcr kommerzielle und industrielle maritime Aktivit\u00e4ten.<\/p>\n<p style=\"color: rgb(34, 34, 34); font-family: Arial, Helvetica, sans-serif; font-size: small;\">Egal, ob Sie eine Moorboje installieren, ein gro\u00dfes Handelsfahrzeug sichern oder den Betrieb in einem gesch\u00e4ftigen Bootshafen \u00fcberwachen, das Hall&#8217;s Anker bietet dauerhafte Stabilit\u00e4t und Sicherheit.<\/p>\n<p style=\"color: rgb(34, 34, 34); font-family: Arial, Helvetica, sans-serif; font-size: small;\"><strong>Hauptmerkmale:<\/strong><\/p>\n<ul style=\"color: rgb(34, 34, 34); font-family: Arial, Helvetica, sans-serif; font-size: small;\">\n<li>Klassisches Admiralty Pattern Design f\u00fcr optimale St\u00e4rke und Zuverl\u00e4ssigkeit<\/li>\n<li>Ideal zum Festmachen gro\u00dfer Boote, Schiffe und kommerzieller Schifffahrtsfahrzeuge<\/li>\n<li>Geeignet f\u00fcr sowohl dauerhafte als auch semi-permanente Moorungssysteme<\/li>\n<li>Effektiv in felsigen, sandigen und schlammigen Meeresb\u00f6den<\/li>\n<li>Robuste Konstruktion mit einer verzinkten Oberfl\u00e4che zur Korrosionsbest\u00e4ndigkeit<\/li>\n<li>In verschiedenen Gr\u00f6\u00dfen erh\u00e4ltlich<\/li>\n<\/ul>\n","protected":false},"excerpt":{"rendered":"<p>Anker Hall 48 kg &#8211; Der Hall&#8217;s Anker, oft als Admiralty Pattern Hall Anchor bezeichnet, ist ein zeitloses Anker, das<\/p>\n","protected":false},"featured_media":5936428,"comment_status":"open","ping_status":"closed","template":"","meta":[],"product_brand":[3085],"product_cat":[1577],"product_tag":[],"class_list":{"0":"post-732732","1":"product","2":"type-product","3":"status-publish","4":"has-post-thumbnail","6":"product_brand-maggigroup-de","7":"product_cat-anker-hall","9":"first","10":"instock","11":"shipping-taxable","12":"purchasable","13":"product-type-simple"},"_links":{"self":[{"href":"https:\/\/stoic-curie.212-227-153-4.plesk.page\/de\/wp-json\/wp\/v2\/product\/732732","targetHints":{"allow":["GET"]}}],"collection":[{"href":"https:\/\/stoic-curie.212-227-153-4.plesk.page\/de\/wp-json\/wp\/v2\/product"}],"about":[{"href":"https:\/\/stoic-curie.212-227-153-4.plesk.page\/de\/wp-json\/wp\/v2\/types\/product"}],"replies":[{"embeddable":true,"href":"https:\/\/stoic-curie.212-227-153-4.plesk.page\/de\/wp-json\/wp\/v2\/comments?post=732732"}],"version-history":[{"count":0,"href":"https:\/\/stoic-curie.212-227-153-4.plesk.page\/de\/wp-json\/wp\/v2\/product\/732732\/revisions"}],"wp:featuredmedia":[{"embeddable":true,"href":"https:\/\/stoic-curie.212-227-153-4.plesk.page\/de\/wp-json\/wp\/v2\/media\/5936428"}],"wp:attachment":[{"href":"https:\/\/stoic-curie.212-227-153-4.plesk.page\/de\/wp-json\/wp\/v2\/media?parent=732732"}],"wp:term":[{"taxonomy":"product_brand","embeddable":true,"href":"https:\/\/stoic-curie.212-227-153-4.plesk.page\/de\/wp-json\/wp\/v2\/product_brand?post=732732"},{"taxonomy":"product_cat","embeddable":true,"href":"https:\/\/stoic-curie.212-227-153-4.plesk.page\/de\/wp-json\/wp\/v2\/product_cat?post=732732"},{"taxonomy":"product_tag","embeddable":true,"href":"https:\/\/stoic-curie.212-227-153-4.plesk.page\/de\/wp-json\/wp\/v2\/product_tag?post=732732"}],"curies":[{"name":"wp","href":"https:\/\/api.w.org\/{rel}","templated":true}]}}