{"id":732748,"date":"2025-03-03T16:16:54","date_gmt":"2025-03-03T15:16:54","guid":{"rendered":"https:\/\/stoic-curie.212-227-153-4.plesk.page\/producto\/felgenschloss-mit-knopf-98x58x30mm-modell-3-656p\/"},"modified":"2026-02-24T23:34:36","modified_gmt":"2026-02-24T23:34:36","slug":"felgenschloss-mit-knopf-98x58x30mm-modell-3-656p","status":"publish","type":"product","link":"https:\/\/stoic-curie.212-227-153-4.plesk.page\/de\/product\/felgenschloss-mit-knopf-98x58x30mm-modell-3-656p\/","title":{"rendered":"Felgenschloss mit Knopf 98x58x30mm Modell 3.656P"},"content":{"rendered":"<p>Felgenschloss mit Knopf 98x58x30mm Modell 3.656P &#8211; <\/p>\n<p>Riegel mit Schl\u00fcsseln, Sicherheitsscheibe, flachem Schlie\u00dfblech und geriffeltem Knopf zum \u00d6ffnen von innen. Geh\u00e4use aus verchromtem Messing und rostfreien Elementen. Universalschloss, geeignet f\u00fcr Links- und Rechtsanwendung. Radstand 83 x 36 mm.<\/p>\n","protected":false},"excerpt":{"rendered":"<p>Felgenschloss mit Knopf 98x58x30mm Modell 3.656P &#8211; Riegel mit Schl\u00fcsseln, Sicherheitsscheibe, flachem Schlie\u00dfblech und geriffeltem Knopf zum \u00d6ffnen von innen.<\/p>\n","protected":false},"featured_media":5936467,"comment_status":"open","ping_status":"closed","template":"","meta":[],"product_brand":[2945],"product_cat":[1421],"product_tag":[],"class_list":{"0":"post-732748","1":"product","2":"type-product","3":"status-publish","4":"has-post-thumbnail","6":"product_brand-foresti-suardi-de","7":"product_cat-tuerschloesser","9":"first","10":"instock","11":"shipping-taxable","12":"purchasable","13":"product-type-simple"},"_links":{"self":[{"href":"https:\/\/stoic-curie.212-227-153-4.plesk.page\/de\/wp-json\/wp\/v2\/product\/732748","targetHints":{"allow":["GET"]}}],"collection":[{"href":"https:\/\/stoic-curie.212-227-153-4.plesk.page\/de\/wp-json\/wp\/v2\/product"}],"about":[{"href":"https:\/\/stoic-curie.212-227-153-4.plesk.page\/de\/wp-json\/wp\/v2\/types\/product"}],"replies":[{"embeddable":true,"href":"https:\/\/stoic-curie.212-227-153-4.plesk.page\/de\/wp-json\/wp\/v2\/comments?post=732748"}],"version-history":[{"count":0,"href":"https:\/\/stoic-curie.212-227-153-4.plesk.page\/de\/wp-json\/wp\/v2\/product\/732748\/revisions"}],"wp:featuredmedia":[{"embeddable":true,"href":"https:\/\/stoic-curie.212-227-153-4.plesk.page\/de\/wp-json\/wp\/v2\/media\/5936467"}],"wp:attachment":[{"href":"https:\/\/stoic-curie.212-227-153-4.plesk.page\/de\/wp-json\/wp\/v2\/media?parent=732748"}],"wp:term":[{"taxonomy":"product_brand","embeddable":true,"href":"https:\/\/stoic-curie.212-227-153-4.plesk.page\/de\/wp-json\/wp\/v2\/product_brand?post=732748"},{"taxonomy":"product_cat","embeddable":true,"href":"https:\/\/stoic-curie.212-227-153-4.plesk.page\/de\/wp-json\/wp\/v2\/product_cat?post=732748"},{"taxonomy":"product_tag","embeddable":true,"href":"https:\/\/stoic-curie.212-227-153-4.plesk.page\/de\/wp-json\/wp\/v2\/product_tag?post=732748"}],"curies":[{"name":"wp","href":"https:\/\/api.w.org\/{rel}","templated":true}]}}