{"id":732752,"date":"2025-03-03T16:16:55","date_gmt":"2025-03-03T15:16:55","guid":{"rendered":"https:\/\/stoic-curie.212-227-153-4.plesk.page\/producto\/einsteckschloss-links-163x75x13mm-modell-2035\/"},"modified":"2026-02-24T23:34:36","modified_gmt":"2026-02-24T23:34:36","slug":"einsteckschloss-links-163x75x13mm-modell-2035","status":"publish","type":"product","link":"https:\/\/stoic-curie.212-227-153-4.plesk.page\/de\/product\/einsteckschloss-links-163x75x13mm-modell-2035\/","title":{"rendered":"Einsteckschloss Links 163x75x13mm Modell 2035"},"content":{"rendered":"<p>Einsteckschloss Links 163x75x13mm Modell 2035 &#8211; <\/p>\n<p>Ein Riegelschloss mit Schl\u00fcsseln, Griffen und eingelassenem flachem Schlie\u00dfblech. Geh\u00e4use aus verchromtem Messing, rostfreien Elementen und einem vibrationsd\u00e4mpfenden Bolzen.<\/p>\n","protected":false},"excerpt":{"rendered":"<p>Einsteckschloss Links 163x75x13mm Modell 2035 &#8211; Ein Riegelschloss mit Schl\u00fcsseln, Griffen und eingelassenem flachem Schlie\u00dfblech. Geh\u00e4use aus verchromtem Messing, rostfreien<\/p>\n","protected":false},"featured_media":5936473,"comment_status":"open","ping_status":"closed","template":"","meta":[],"product_brand":[2945],"product_cat":[1421],"product_tag":[],"class_list":{"0":"post-732752","1":"product","2":"type-product","3":"status-publish","4":"has-post-thumbnail","6":"product_brand-foresti-suardi-de","7":"product_cat-tuerschloesser","9":"first","10":"instock","11":"shipping-taxable","12":"purchasable","13":"product-type-simple"},"_links":{"self":[{"href":"https:\/\/stoic-curie.212-227-153-4.plesk.page\/de\/wp-json\/wp\/v2\/product\/732752","targetHints":{"allow":["GET"]}}],"collection":[{"href":"https:\/\/stoic-curie.212-227-153-4.plesk.page\/de\/wp-json\/wp\/v2\/product"}],"about":[{"href":"https:\/\/stoic-curie.212-227-153-4.plesk.page\/de\/wp-json\/wp\/v2\/types\/product"}],"replies":[{"embeddable":true,"href":"https:\/\/stoic-curie.212-227-153-4.plesk.page\/de\/wp-json\/wp\/v2\/comments?post=732752"}],"version-history":[{"count":0,"href":"https:\/\/stoic-curie.212-227-153-4.plesk.page\/de\/wp-json\/wp\/v2\/product\/732752\/revisions"}],"wp:featuredmedia":[{"embeddable":true,"href":"https:\/\/stoic-curie.212-227-153-4.plesk.page\/de\/wp-json\/wp\/v2\/media\/5936473"}],"wp:attachment":[{"href":"https:\/\/stoic-curie.212-227-153-4.plesk.page\/de\/wp-json\/wp\/v2\/media?parent=732752"}],"wp:term":[{"taxonomy":"product_brand","embeddable":true,"href":"https:\/\/stoic-curie.212-227-153-4.plesk.page\/de\/wp-json\/wp\/v2\/product_brand?post=732752"},{"taxonomy":"product_cat","embeddable":true,"href":"https:\/\/stoic-curie.212-227-153-4.plesk.page\/de\/wp-json\/wp\/v2\/product_cat?post=732752"},{"taxonomy":"product_tag","embeddable":true,"href":"https:\/\/stoic-curie.212-227-153-4.plesk.page\/de\/wp-json\/wp\/v2\/product_tag?post=732752"}],"curies":[{"name":"wp","href":"https:\/\/api.w.org\/{rel}","templated":true}]}}