{"id":732755,"date":"2025-03-03T16:16:55","date_gmt":"2025-03-03T15:16:55","guid":{"rendered":"https:\/\/stoic-curie.212-227-153-4.plesk.page\/producto\/edelstahl-marineschloss-4070-fuer-schiebetueren-140x70mm\/"},"modified":"2026-02-24T23:34:36","modified_gmt":"2026-02-24T23:34:36","slug":"edelstahl-marineschloss-4070-fuer-schiebetueren-140x70mm","status":"publish","type":"product","link":"https:\/\/stoic-curie.212-227-153-4.plesk.page\/de\/product\/edelstahl-marineschloss-4070-fuer-schiebetueren-140x70mm\/","title":{"rendered":"Edelstahl-Marineschloss 4070 f\u00fcr Schiebet\u00fcren 140x70mm"},"content":{"rendered":"<p>Edelstahl-Marineschloss 4070 f\u00fcr Schiebet\u00fcren 140x70mm &#8211; <\/p>\n<p>Gleitt\u00fcr-Mortice-T\u00fcrschloss mit Griffen, flachem Schlie\u00dfblech, Schl\u00fcsseln und Edelstahlplatten. Rostfreie Materialien. Universelles R\/L-Schloss.<\/p>\n","protected":false},"excerpt":{"rendered":"<p>Edelstahl-Marineschloss 4070 f\u00fcr Schiebet\u00fcren 140x70mm &#8211; Gleitt\u00fcr-Mortice-T\u00fcrschloss mit Griffen, flachem Schlie\u00dfblech, Schl\u00fcsseln und Edelstahlplatten. Rostfreie Materialien. Universelles R\/L-Schloss.<\/p>\n","protected":false},"featured_media":5936477,"comment_status":"open","ping_status":"closed","template":"","meta":[],"product_brand":[2945],"product_cat":[1421],"product_tag":[],"class_list":{"0":"post-732755","1":"product","2":"type-product","3":"status-publish","4":"has-post-thumbnail","6":"product_brand-foresti-suardi-de","7":"product_cat-tuerschloesser","9":"first","10":"instock","11":"shipping-taxable","12":"purchasable","13":"product-type-simple"},"_links":{"self":[{"href":"https:\/\/stoic-curie.212-227-153-4.plesk.page\/de\/wp-json\/wp\/v2\/product\/732755","targetHints":{"allow":["GET"]}}],"collection":[{"href":"https:\/\/stoic-curie.212-227-153-4.plesk.page\/de\/wp-json\/wp\/v2\/product"}],"about":[{"href":"https:\/\/stoic-curie.212-227-153-4.plesk.page\/de\/wp-json\/wp\/v2\/types\/product"}],"replies":[{"embeddable":true,"href":"https:\/\/stoic-curie.212-227-153-4.plesk.page\/de\/wp-json\/wp\/v2\/comments?post=732755"}],"version-history":[{"count":0,"href":"https:\/\/stoic-curie.212-227-153-4.plesk.page\/de\/wp-json\/wp\/v2\/product\/732755\/revisions"}],"wp:featuredmedia":[{"embeddable":true,"href":"https:\/\/stoic-curie.212-227-153-4.plesk.page\/de\/wp-json\/wp\/v2\/media\/5936477"}],"wp:attachment":[{"href":"https:\/\/stoic-curie.212-227-153-4.plesk.page\/de\/wp-json\/wp\/v2\/media?parent=732755"}],"wp:term":[{"taxonomy":"product_brand","embeddable":true,"href":"https:\/\/stoic-curie.212-227-153-4.plesk.page\/de\/wp-json\/wp\/v2\/product_brand?post=732755"},{"taxonomy":"product_cat","embeddable":true,"href":"https:\/\/stoic-curie.212-227-153-4.plesk.page\/de\/wp-json\/wp\/v2\/product_cat?post=732755"},{"taxonomy":"product_tag","embeddable":true,"href":"https:\/\/stoic-curie.212-227-153-4.plesk.page\/de\/wp-json\/wp\/v2\/product_tag?post=732755"}],"curies":[{"name":"wp","href":"https:\/\/api.w.org\/{rel}","templated":true}]}}