{"id":732756,"date":"2025-03-03T16:16:56","date_gmt":"2025-03-03T15:16:56","guid":{"rendered":"https:\/\/stoic-curie.212-227-153-4.plesk.page\/producto\/aussenborderhalterung-verstellbar-max-40-kg-holzplatte\/"},"modified":"2026-02-24T23:34:36","modified_gmt":"2026-02-24T23:34:36","slug":"aussenborderhalterung-verstellbar-max-40-kg-holzplatte","status":"publish","type":"product","link":"https:\/\/stoic-curie.212-227-153-4.plesk.page\/de\/product\/aussenborderhalterung-verstellbar-max-40-kg-holzplatte\/","title":{"rendered":"Au\u00dfenborderhalterung verstellbar max. 40 kg Holzplatte"},"content":{"rendered":"<p>Au\u00dfenborderhalterung verstellbar max. 40 kg Holzplatte &#8211; <\/p>\n<p>Federunterst\u00fctzte Au\u00dfenbordmotorhalterung mit verstellbarem Basiswinkel. F\u00fcr Au\u00dfenborder bis zu 20 PS (2-Takt) oder 15 PS (4-Takt). Edelstahlgeh\u00e4use.<\/p>\n","protected":false},"excerpt":{"rendered":"<p>Au\u00dfenborderhalterung verstellbar max. 40 kg Holzplatte &#8211; Federunterst\u00fctzte Au\u00dfenbordmotorhalterung mit verstellbarem Basiswinkel. F\u00fcr Au\u00dfenborder bis zu 20 PS (2-Takt) oder<\/p>\n","protected":false},"featured_media":5936481,"comment_status":"open","ping_status":"closed","template":"","meta":[],"product_brand":[3490],"product_cat":[1540],"product_tag":[],"class_list":{"0":"post-732756","1":"product","2":"type-product","3":"status-publish","4":"has-post-thumbnail","6":"product_brand-trem-de","7":"product_cat-zubehoer-fuer-aussenborder","9":"first","10":"instock","11":"shipping-taxable","12":"purchasable","13":"product-type-simple"},"_links":{"self":[{"href":"https:\/\/stoic-curie.212-227-153-4.plesk.page\/de\/wp-json\/wp\/v2\/product\/732756","targetHints":{"allow":["GET"]}}],"collection":[{"href":"https:\/\/stoic-curie.212-227-153-4.plesk.page\/de\/wp-json\/wp\/v2\/product"}],"about":[{"href":"https:\/\/stoic-curie.212-227-153-4.plesk.page\/de\/wp-json\/wp\/v2\/types\/product"}],"replies":[{"embeddable":true,"href":"https:\/\/stoic-curie.212-227-153-4.plesk.page\/de\/wp-json\/wp\/v2\/comments?post=732756"}],"version-history":[{"count":0,"href":"https:\/\/stoic-curie.212-227-153-4.plesk.page\/de\/wp-json\/wp\/v2\/product\/732756\/revisions"}],"wp:featuredmedia":[{"embeddable":true,"href":"https:\/\/stoic-curie.212-227-153-4.plesk.page\/de\/wp-json\/wp\/v2\/media\/5936481"}],"wp:attachment":[{"href":"https:\/\/stoic-curie.212-227-153-4.plesk.page\/de\/wp-json\/wp\/v2\/media?parent=732756"}],"wp:term":[{"taxonomy":"product_brand","embeddable":true,"href":"https:\/\/stoic-curie.212-227-153-4.plesk.page\/de\/wp-json\/wp\/v2\/product_brand?post=732756"},{"taxonomy":"product_cat","embeddable":true,"href":"https:\/\/stoic-curie.212-227-153-4.plesk.page\/de\/wp-json\/wp\/v2\/product_cat?post=732756"},{"taxonomy":"product_tag","embeddable":true,"href":"https:\/\/stoic-curie.212-227-153-4.plesk.page\/de\/wp-json\/wp\/v2\/product_tag?post=732756"}],"curies":[{"name":"wp","href":"https:\/\/api.w.org\/{rel}","templated":true}]}}