{"id":732785,"date":"2025-03-03T16:17:01","date_gmt":"2025-03-03T15:17:01","guid":{"rendered":"https:\/\/stoic-curie.212-227-153-4.plesk.page\/producto\/portlichter-rund-d320mm-ausschnitt-260mm-nylon-weiss\/"},"modified":"2026-02-24T23:34:36","modified_gmt":"2026-02-24T23:34:36","slug":"portlichter-rund-d320mm-ausschnitt-260mm-nylon-weiss","status":"publish","type":"product","link":"https:\/\/stoic-curie.212-227-153-4.plesk.page\/de\/product\/portlichter-rund-d320mm-ausschnitt-260mm-nylon-weiss\/","title":{"rendered":"Portlichter Rund D320mm Ausschnitt 260mm Nylon Wei\u00df"},"content":{"rendered":"<p>Portlichter Rund D320mm Ausschnitt 260mm Nylon Wei\u00df &#8211; <\/p>\n<p>Nylonrahmen und Acrylglas-Rundportlize. Komplett mit Abschlussring. Schrauben nicht enthalten. Stutzengr\u00f6\u00dfe 30 mm. CE EN ISO12216 zertifiziert.<\/p>\n","protected":false},"excerpt":{"rendered":"<p>Portlichter Rund D320mm Ausschnitt 260mm Nylon Wei\u00df &#8211; Nylonrahmen und Acrylglas-Rundportlize. Komplett mit Abschlussring. Schrauben nicht enthalten. Stutzengr\u00f6\u00dfe 30 mm.<\/p>\n","protected":false},"featured_media":5936528,"comment_status":"open","ping_status":"closed","template":"","meta":[],"product_brand":[3035],"product_cat":[1415,1410],"product_tag":[],"class_list":{"0":"post-732785","1":"product","2":"type-product","3":"status-publish","4":"has-post-thumbnail","6":"product_brand-jba-marine-de","7":"product_cat-bootsluken","8":"product_cat-bullaugen","10":"first","11":"instock","12":"shipping-taxable","13":"purchasable","14":"product-type-simple"},"_links":{"self":[{"href":"https:\/\/stoic-curie.212-227-153-4.plesk.page\/de\/wp-json\/wp\/v2\/product\/732785","targetHints":{"allow":["GET"]}}],"collection":[{"href":"https:\/\/stoic-curie.212-227-153-4.plesk.page\/de\/wp-json\/wp\/v2\/product"}],"about":[{"href":"https:\/\/stoic-curie.212-227-153-4.plesk.page\/de\/wp-json\/wp\/v2\/types\/product"}],"replies":[{"embeddable":true,"href":"https:\/\/stoic-curie.212-227-153-4.plesk.page\/de\/wp-json\/wp\/v2\/comments?post=732785"}],"version-history":[{"count":0,"href":"https:\/\/stoic-curie.212-227-153-4.plesk.page\/de\/wp-json\/wp\/v2\/product\/732785\/revisions"}],"wp:featuredmedia":[{"embeddable":true,"href":"https:\/\/stoic-curie.212-227-153-4.plesk.page\/de\/wp-json\/wp\/v2\/media\/5936528"}],"wp:attachment":[{"href":"https:\/\/stoic-curie.212-227-153-4.plesk.page\/de\/wp-json\/wp\/v2\/media?parent=732785"}],"wp:term":[{"taxonomy":"product_brand","embeddable":true,"href":"https:\/\/stoic-curie.212-227-153-4.plesk.page\/de\/wp-json\/wp\/v2\/product_brand?post=732785"},{"taxonomy":"product_cat","embeddable":true,"href":"https:\/\/stoic-curie.212-227-153-4.plesk.page\/de\/wp-json\/wp\/v2\/product_cat?post=732785"},{"taxonomy":"product_tag","embeddable":true,"href":"https:\/\/stoic-curie.212-227-153-4.plesk.page\/de\/wp-json\/wp\/v2\/product_tag?post=732785"}],"curies":[{"name":"wp","href":"https:\/\/api.w.org\/{rel}","templated":true}]}}