{"id":732793,"date":"2025-03-03T16:17:04","date_gmt":"2025-03-03T15:17:04","guid":{"rendered":"https:\/\/stoic-curie.212-227-153-4.plesk.page\/producto\/zentrifugale-bilgenluefter-ocean-24v-280m3-mit-flansch\/"},"modified":"2026-02-24T23:34:36","modified_gmt":"2026-02-24T23:34:36","slug":"zentrifugale-bilgenluefter-ocean-24v-280m3-mit-flansch","status":"publish","type":"product","link":"https:\/\/stoic-curie.212-227-153-4.plesk.page\/de\/product\/zentrifugale-bilgenluefter-ocean-24v-280m3-mit-flansch\/","title":{"rendered":"Zentrifugale Bilgenl\u00fcfter Ocean 24V 280m3 mit Flansch"},"content":{"rendered":"<p>Zentrifugale Bilgenl\u00fcfter Ocean 24V 280m3 mit Flansch &#8211; <\/p>\n<p>Hochwertige kontinuierlich betriebene Flansch-Zentrifugalgebl\u00e4se f\u00fcr Maschinenr\u00e4ume und Billergen. Verst\u00e4rktes ABS-Geh\u00e4use und wasserdichter Motor. Wandflanschmontage. CE-zertifiziert gem\u00e4\u00df ISO 9097 Marine\/ISO 8846\/ISO 10133\/EN 55014 Standards und N.M.M.A USCG 183.410 Vorschriften.<\/p>\n","protected":false},"excerpt":{"rendered":"<p>Zentrifugale Bilgenl\u00fcfter Ocean 24V 280m3 mit Flansch &#8211; Hochwertige kontinuierlich betriebene Flansch-Zentrifugalgebl\u00e4se f\u00fcr Maschinenr\u00e4ume und Billergen. Verst\u00e4rktes ABS-Geh\u00e4use und wasserdichter<\/p>\n","protected":false},"featured_media":5936544,"comment_status":"open","ping_status":"closed","template":"","meta":[],"product_brand":[3140],"product_cat":[1445,1539],"product_tag":[],"class_list":{"0":"post-732793","1":"product","2":"type-product","3":"status-publish","4":"has-post-thumbnail","6":"product_brand-matromarine-de","7":"product_cat-bilgengeblaese","8":"product_cat-motorlueftungssysteme","10":"first","11":"instock","12":"shipping-taxable","13":"purchasable","14":"product-type-simple"},"_links":{"self":[{"href":"https:\/\/stoic-curie.212-227-153-4.plesk.page\/de\/wp-json\/wp\/v2\/product\/732793","targetHints":{"allow":["GET"]}}],"collection":[{"href":"https:\/\/stoic-curie.212-227-153-4.plesk.page\/de\/wp-json\/wp\/v2\/product"}],"about":[{"href":"https:\/\/stoic-curie.212-227-153-4.plesk.page\/de\/wp-json\/wp\/v2\/types\/product"}],"replies":[{"embeddable":true,"href":"https:\/\/stoic-curie.212-227-153-4.plesk.page\/de\/wp-json\/wp\/v2\/comments?post=732793"}],"version-history":[{"count":0,"href":"https:\/\/stoic-curie.212-227-153-4.plesk.page\/de\/wp-json\/wp\/v2\/product\/732793\/revisions"}],"wp:featuredmedia":[{"embeddable":true,"href":"https:\/\/stoic-curie.212-227-153-4.plesk.page\/de\/wp-json\/wp\/v2\/media\/5936544"}],"wp:attachment":[{"href":"https:\/\/stoic-curie.212-227-153-4.plesk.page\/de\/wp-json\/wp\/v2\/media?parent=732793"}],"wp:term":[{"taxonomy":"product_brand","embeddable":true,"href":"https:\/\/stoic-curie.212-227-153-4.plesk.page\/de\/wp-json\/wp\/v2\/product_brand?post=732793"},{"taxonomy":"product_cat","embeddable":true,"href":"https:\/\/stoic-curie.212-227-153-4.plesk.page\/de\/wp-json\/wp\/v2\/product_cat?post=732793"},{"taxonomy":"product_tag","embeddable":true,"href":"https:\/\/stoic-curie.212-227-153-4.plesk.page\/de\/wp-json\/wp\/v2\/product_tag?post=732793"}],"curies":[{"name":"wp","href":"https:\/\/api.w.org\/{rel}","templated":true}]}}