{"id":732794,"date":"2025-03-03T16:17:04","date_gmt":"2025-03-03T15:17:04","guid":{"rendered":"https:\/\/stoic-curie.212-227-153-4.plesk.page\/producto\/edelstahl-lenkraeder-ultraflex-v25-mit-polyurethan-schwarzgriff-350mm\/"},"modified":"2026-02-24T23:34:36","modified_gmt":"2026-02-24T23:34:36","slug":"edelstahl-lenkraeder-ultraflex-v25-mit-polyurethan-schwarzgriff-350mm","status":"publish","type":"product","link":"https:\/\/stoic-curie.212-227-153-4.plesk.page\/de\/product\/edelstahl-lenkraeder-ultraflex-v25-mit-polyurethan-schwarzgriff-350mm\/","title":{"rendered":"Edelstahl-Lenkr\u00e4der Ultraflex V25 mit Polyurethan-Schwarzgriff 350mm"},"content":{"rendered":"<p>Edelstahl-Lenkr\u00e4der Ultraflex V25 mit Polyurethan-Schwarzgriff 350mm &#8211; <\/p>\n<p>Edelstahl-Lenkr\u00e4der mit Polyurethan- oder Mahagoni-Griff. CE-ISO23411 gekennzeichnet in \u00dcbereinstimmung mit ABYC-Standards. Vollst\u00e4ndig mit Mittelkappe und Nabe mit standardm\u00e4\u00dfiger 3\/4&#8243;-Kegelspitze.<\/p>\n","protected":false},"excerpt":{"rendered":"<p>Edelstahl-Lenkr\u00e4der Ultraflex V25 mit Polyurethan-Schwarzgriff 350mm &#8211; Edelstahl-Lenkr\u00e4der mit Polyurethan- oder Mahagoni-Griff. CE-ISO23411 gekennzeichnet in \u00dcbereinstimmung mit ABYC-Standards. Vollst\u00e4ndig mit<\/p>\n","protected":false},"featured_media":5936547,"comment_status":"open","ping_status":"closed","template":"","meta":[],"product_brand":[3500],"product_cat":[1535],"product_tag":[],"class_list":{"0":"post-732794","1":"product","2":"type-product","3":"status-publish","4":"has-post-thumbnail","6":"product_brand-ultraflex-uflex-de","7":"product_cat-steuerraeder","9":"first","10":"instock","11":"shipping-taxable","12":"purchasable","13":"product-type-simple"},"_links":{"self":[{"href":"https:\/\/stoic-curie.212-227-153-4.plesk.page\/de\/wp-json\/wp\/v2\/product\/732794","targetHints":{"allow":["GET"]}}],"collection":[{"href":"https:\/\/stoic-curie.212-227-153-4.plesk.page\/de\/wp-json\/wp\/v2\/product"}],"about":[{"href":"https:\/\/stoic-curie.212-227-153-4.plesk.page\/de\/wp-json\/wp\/v2\/types\/product"}],"replies":[{"embeddable":true,"href":"https:\/\/stoic-curie.212-227-153-4.plesk.page\/de\/wp-json\/wp\/v2\/comments?post=732794"}],"version-history":[{"count":0,"href":"https:\/\/stoic-curie.212-227-153-4.plesk.page\/de\/wp-json\/wp\/v2\/product\/732794\/revisions"}],"wp:featuredmedia":[{"embeddable":true,"href":"https:\/\/stoic-curie.212-227-153-4.plesk.page\/de\/wp-json\/wp\/v2\/media\/5936547"}],"wp:attachment":[{"href":"https:\/\/stoic-curie.212-227-153-4.plesk.page\/de\/wp-json\/wp\/v2\/media?parent=732794"}],"wp:term":[{"taxonomy":"product_brand","embeddable":true,"href":"https:\/\/stoic-curie.212-227-153-4.plesk.page\/de\/wp-json\/wp\/v2\/product_brand?post=732794"},{"taxonomy":"product_cat","embeddable":true,"href":"https:\/\/stoic-curie.212-227-153-4.plesk.page\/de\/wp-json\/wp\/v2\/product_cat?post=732794"},{"taxonomy":"product_tag","embeddable":true,"href":"https:\/\/stoic-curie.212-227-153-4.plesk.page\/de\/wp-json\/wp\/v2\/product_tag?post=732794"}],"curies":[{"name":"wp","href":"https:\/\/api.w.org\/{rel}","templated":true}]}}