{"id":732798,"date":"2025-03-03T16:17:05","date_gmt":"2025-03-03T15:17:05","guid":{"rendered":"https:\/\/stoic-curie.212-227-153-4.plesk.page\/producto\/bugstrahlruder-vetus-60kgf-12v\/"},"modified":"2026-02-24T23:34:36","modified_gmt":"2026-02-24T23:34:36","slug":"bugstrahlruder-vetus-60kgf-12v","status":"publish","type":"product","link":"https:\/\/stoic-curie.212-227-153-4.plesk.page\/de\/product\/bugstrahlruder-vetus-60kgf-12v\/","title":{"rendered":"Bugstrahlruder Vetus 60kgf 12V"},"content":{"rendered":"<p>Bugstrahlruder Vetus 60kgf 12V &#8211; <\/p>\n<p>Der Vetus BOW6012D 60Kgf Bugstrahlruder ist f\u00fcr Yachten und Motorboote bis zu 13 Metern (43 Fu\u00df) konzipiert. Es besteht aus hochwertigen Materialien, die hohe Leistung und eine verl\u00e4ngerte Lebensdauer gew\u00e4hrleisten.<\/p>\n<p>Zu den Hauptmerkmalen des Vetus Bugstrahlruders geh\u00f6ren:<\/p>\n<ul>\n<li>Ein einzelner Propeller, der St\u00f6rungen im Tunnelstrom minimiert.<\/li>\n<li>Ein einzigartiges Design der Propellerbl\u00e4tter, das Kavitation und Ger\u00e4usche reduziert.<\/li>\n<li>Eine flexible Verbindung zwischen dem Tailpiece und dem Motor, die Vibrationen effektiv eliminiert.<\/li>\n<li>Ein aerodynamisches Tailpiece, das den Fluss f\u00fcr verbesserte Effizienz optimiert.<\/li>\n<li>Ein robuster, synthetischer Propeller, der korrosionsbest\u00e4ndig ist und das Gewicht verringert.<\/li>\n<li>Benutzerfreundliche Installation mit klaren Anweisungen zur Installation und Bedienung.<\/li>\n<li>Einhaltung der EMC-Anforderungen f\u00fcr alle Vetus-Man\u00f6vrier-Systeme.<\/li>\n<\/ul>\n<p>Die Vetus 60Kgf-Einheit ist speziell darauf ausgelegt, \u00e4ltere Vetus 50Kgf-Modelle zu ersetzen und beh\u00e4lt den gleichen Tunneldurchmesser von 185 mm bei.<\/p>\n<p>Die Vorteile der Wahl eines Vetus Bugstrahlruders umfassen:<\/p>\n<ul>\n<li>Ein hochqualitativer, leistungsstarker 12V-Gleichstrommotor.<\/li>\n<li>Ein str\u00f6mungsg\u00fcnstiger unterer Teil aus Bronze f\u00fcr verbesserte Leistung.<\/li>\n<li>Ein einzelner sechsblattiger Propeller, der in Zusammenarbeit mit MARIN entwickelt wurde und 9% mehr Schub bietet, sowohl in beide Richtungen funktioniert und weniger Kavitation und Tunnelger\u00e4usche erzeugt.<\/li>\n<li>Eine flexible Antriebsverbindung, die das Erfordernis eines Keilriemens beseitigt.<\/li>\n<li>Multi-Station-Steuerungsoptionen mit unkomplizierter Verkabelung.<\/li>\n<li>Ein starkes globales Renommee f\u00fcr Zuverl\u00e4ssigkeit.<\/li>\n<\/ul>\n<p><strong>Modellspezifikationen:<\/strong><\/p>\n<ul>\n<li>Schub: 60 Kgf<\/li>\n<li>Leistung: 3 kW (4 PS)<\/li>\n<li>Umkehrbarer Gleichstrommotor: Ja<\/li>\n<li>Tunnelinnendurchmesser: 185 mm<\/li>\n<li>Gewicht (ohne Tunnel): 22 kg<\/li>\n<\/ul>\n<p><strong>Leistungsdaten:<\/strong><\/p>\n<ul>\n<li>Stromverbrauch: 280 Ampere<\/li>\n<li>Maximale Betriebszeit: 5 Minuten<\/li>\n<li>Hauptsicherung (Langsam): 200 Ampere<\/li>\n<li>Batteriekapazit\u00e4t (Ah Min\/Max): 1 x 108 \/ 1 x 143<\/li>\n<li>Batteriekabel: 0-11 m \/ 50 mm\u00b2<\/li>\n<li>Batterieschalter: 250 Ampere<\/li>\n<\/ul>\n<p>Diese umfassende \u00dcbersicht \u00fcber das Vetus BOW6012D Bugstrahlruder hebt seine Qualit\u00e4t, Effizienz und Benutzerfreundlichkeit hervor und macht es zu einer ausgezeichneten Wahl f\u00fcr Bootseigner, die zuverl\u00e4ssige Ausr\u00fcstung suchen.<\/p>\n","protected":false},"excerpt":{"rendered":"<p>Bugstrahlruder Vetus 60kgf 12V &#8211; Der Vetus BOW6012D 60Kgf Bugstrahlruder ist f\u00fcr Yachten und Motorboote bis zu 13 Metern (43<\/p>\n","protected":false},"featured_media":5936550,"comment_status":"open","ping_status":"closed","template":"","meta":[],"product_brand":[3520],"product_cat":[1322],"product_tag":[],"class_list":{"0":"post-732798","1":"product","2":"type-product","3":"status-publish","4":"has-post-thumbnail","6":"product_brand-vetus-de","7":"product_cat-bugstrahlruder-vetus","9":"first","10":"outofstock","11":"shipping-taxable","12":"purchasable","13":"product-type-simple"},"_links":{"self":[{"href":"https:\/\/stoic-curie.212-227-153-4.plesk.page\/de\/wp-json\/wp\/v2\/product\/732798","targetHints":{"allow":["GET"]}}],"collection":[{"href":"https:\/\/stoic-curie.212-227-153-4.plesk.page\/de\/wp-json\/wp\/v2\/product"}],"about":[{"href":"https:\/\/stoic-curie.212-227-153-4.plesk.page\/de\/wp-json\/wp\/v2\/types\/product"}],"replies":[{"embeddable":true,"href":"https:\/\/stoic-curie.212-227-153-4.plesk.page\/de\/wp-json\/wp\/v2\/comments?post=732798"}],"version-history":[{"count":0,"href":"https:\/\/stoic-curie.212-227-153-4.plesk.page\/de\/wp-json\/wp\/v2\/product\/732798\/revisions"}],"wp:featuredmedia":[{"embeddable":true,"href":"https:\/\/stoic-curie.212-227-153-4.plesk.page\/de\/wp-json\/wp\/v2\/media\/5936550"}],"wp:attachment":[{"href":"https:\/\/stoic-curie.212-227-153-4.plesk.page\/de\/wp-json\/wp\/v2\/media?parent=732798"}],"wp:term":[{"taxonomy":"product_brand","embeddable":true,"href":"https:\/\/stoic-curie.212-227-153-4.plesk.page\/de\/wp-json\/wp\/v2\/product_brand?post=732798"},{"taxonomy":"product_cat","embeddable":true,"href":"https:\/\/stoic-curie.212-227-153-4.plesk.page\/de\/wp-json\/wp\/v2\/product_cat?post=732798"},{"taxonomy":"product_tag","embeddable":true,"href":"https:\/\/stoic-curie.212-227-153-4.plesk.page\/de\/wp-json\/wp\/v2\/product_tag?post=732798"}],"curies":[{"name":"wp","href":"https:\/\/api.w.org\/{rel}","templated":true}]}}