{"id":732799,"date":"2025-03-03T16:17:05","date_gmt":"2025-03-03T15:17:05","guid":{"rendered":"https:\/\/stoic-curie.212-227-153-4.plesk.page\/producto\/bugstrahlruder-vetus-60kgf-24v\/"},"modified":"2026-02-24T23:34:36","modified_gmt":"2026-02-24T23:34:36","slug":"bugstrahlruder-vetus-60kgf-24v","status":"publish","type":"product","link":"https:\/\/stoic-curie.212-227-153-4.plesk.page\/de\/product\/bugstrahlruder-vetus-60kgf-24v\/","title":{"rendered":"Bugstrahlruder Vetus 60kgf 24V"},"content":{"rendered":"<p>Bugstrahlruder Vetus 60kgf 24V &#8211; <\/p>\n<p style=\"color: rgb(34, 34, 34); font-family: Arial, Helvetica, sans-serif; font-size: small;\">Der Vetus BOW5524D Bugstrahlruder mit einer Schubkraft von 60 kgf und ausgelegt f\u00fcr ein 24 V System verf\u00fcgt \u00fcber ein 150 mm Tunnel, das eine Hochleistungsl\u00f6sung f\u00fcr pr\u00e4zise Bootman\u00f6ver bietet. Mit akribischer Liebe zum Detail gefertigt, verbessert dieses Strahlruder die Kontrolle und erleichtert die Navigation durch enge R\u00e4ume und das Anlegen erheblich. Das optimierte Design erm\u00f6glicht eine unkomplizierte Installation und ist f\u00fcr Boote von 26 bis 39 Fu\u00df (8 bis 12 Meter) geeignet.<\/p>\n<p style=\"color: rgb(34, 34, 34); font-family: Arial, Helvetica, sans-serif; font-size: small;\">Zu den Hauptmerkmalen der Vetus Bugstrahlruder geh\u00f6ren:<\/p>\n<ul style=\"color: rgb(34, 34, 34); font-family: Arial, Helvetica, sans-serif; font-size: small;\">\n<li>Ein einzelner Propeller, der St\u00f6rungen im Tunnel minimiert.<\/li>\n<li>Ein einzigartiges Propellerblatt-Design, das Kavitationsernoise reduziert.<\/li>\n<li>Eine flexible Kupplung zwischen dem Heckst\u00fcck und dem Motor, die Vibrationen eliminiert.<\/li>\n<li>Ein str\u00f6mungsg\u00fcnstiges Heckst\u00fcck, das den Wasserfluss optimiert.<\/li>\n<li>Ein robuster synthetischer Propeller, der Korrosion widersteht und das Gewicht reduziert.<\/li>\n<li>Einfache Installation mit klaren Betriebsanleitungen.<\/li>\n<li>Einhaltung der EMC-Anforderungen f\u00fcr alle Vetus-Man\u00f6vrier-Systeme.<\/li>\n<\/ul>\n<p style=\"color: rgb(34, 34, 34); font-family: Arial, Helvetica, sans-serif; font-size: small;\">Der BOW5524D ist eine ideale Wahl f\u00fcr Bootsbegeisterte, die ihr Bootserlebnis verbessern m\u00f6chten. Dieses Bug- und Heckstrahlruder bietet au\u00dfergew\u00f6hnliche Man\u00f6vrierf\u00e4higkeit und Kontrolle f\u00fcr sowohl Vorw\u00e4rts- als auch R\u00fcckw\u00e4rtsbewegungen, was eine sanfte Navigation auch bei anspruchsvollen Gew\u00e4ssern gew\u00e4hrleistet. Der integrierte Temperaturschalter sorgt f\u00fcr einen zuverl\u00e4ssigen Ein\/Aus-Betrieb, verhindert \u00dcberhitzung und gew\u00e4hrleistet Sicherheit w\u00e4hrend des Betriebs.<\/p>\n<p style=\"color: rgb(34, 34, 34); font-family: Arial, Helvetica, sans-serif; font-size: small;\">Dar\u00fcber hinaus sorgt das innovative Design des sechsbl\u00e4ttrigen Propellers in Kombination mit Spiralketten und einer flexiblen Kupplung f\u00fcr minimale Ger\u00e4uschentwicklung. Das str\u00f6mungsg\u00fcnstige Heckst\u00fcck-Design optimiert den Wasserfluss f\u00fcr eine verbesserte Leistung, w\u00e4hrend die korrosionsbest\u00e4ndigen synthetischen Propeller die Wartung vereinfachen und das Gesamtgewicht reduzieren.<\/p>\n<p style=\"color: rgb(34, 34, 34); font-family: Arial, Helvetica, sans-serif; font-size: small;\">In Kombination mit unseren Steuerungen erhalten Sie ein beispielloses Ma\u00df an Kontrolle \u00fcber Ihr Fahrzeug. Egal, ob Sie in engen R\u00e4umen anlegen, durch schwierige Gew\u00e4sser navigieren oder auf unvorhergesehene Umst\u00e4nde reagieren, Sie tun dies mit Zuversicht und steigern sowohl Sicherheit als auch Seelenfrieden.<\/p>\n<p style=\"color: rgb(34, 34, 34); font-family: Arial, Helvetica, sans-serif; font-size: small;\">Um diesen Strahlruder am Heck Ihres Bootes zu nutzen, ist es notwendig, die entsprechenden Heckstrahlruder-Tunnel zu erwerben.<\/p>\n<p style=\"color: rgb(34, 34, 34); font-family: Arial, Helvetica, sans-serif; font-size: small;\"><strong>Technische Daten:<\/strong><\/p>\n<ul style=\"color: rgb(34, 34, 34); font-family: Arial, Helvetica, sans-serif; font-size: small;\">\n<li>Schub (kgf): 60<\/li>\n<li>Leistung (kW): 3<\/li>\n<li>Innendurchmesser des Tunnels (mm): 150<\/li>\n<li>Gewicht (kg): 17<\/li>\n<li>Spannung (V): 24<\/li>\n<li>Stromverbrauch (A): 200<\/li>\n<li>Kontinuierlicher Betrieb (min): 4<\/li>\n<li>Z\u00fcndgesch\u00fctzt: Nein<\/li>\n<li>Proportional: Nein<\/li>\n<li>Einziehbar: Nein<\/li>\n<li>Erweiterte Laufzeit: Nein<\/li>\n<\/ul>\n","protected":false},"excerpt":{"rendered":"<p>Bugstrahlruder Vetus 60kgf 24V &#8211; Der Vetus BOW5524D Bugstrahlruder mit einer Schubkraft von 60 kgf und ausgelegt f\u00fcr ein 24<\/p>\n","protected":false},"featured_media":5936550,"comment_status":"open","ping_status":"closed","template":"","meta":[],"product_brand":[3520],"product_cat":[1322],"product_tag":[],"class_list":{"0":"post-732799","1":"product","2":"type-product","3":"status-publish","4":"has-post-thumbnail","6":"product_brand-vetus-de","7":"product_cat-bugstrahlruder-vetus","9":"first","10":"instock","11":"shipping-taxable","12":"purchasable","13":"product-type-simple"},"_links":{"self":[{"href":"https:\/\/stoic-curie.212-227-153-4.plesk.page\/de\/wp-json\/wp\/v2\/product\/732799","targetHints":{"allow":["GET"]}}],"collection":[{"href":"https:\/\/stoic-curie.212-227-153-4.plesk.page\/de\/wp-json\/wp\/v2\/product"}],"about":[{"href":"https:\/\/stoic-curie.212-227-153-4.plesk.page\/de\/wp-json\/wp\/v2\/types\/product"}],"replies":[{"embeddable":true,"href":"https:\/\/stoic-curie.212-227-153-4.plesk.page\/de\/wp-json\/wp\/v2\/comments?post=732799"}],"version-history":[{"count":0,"href":"https:\/\/stoic-curie.212-227-153-4.plesk.page\/de\/wp-json\/wp\/v2\/product\/732799\/revisions"}],"wp:featuredmedia":[{"embeddable":true,"href":"https:\/\/stoic-curie.212-227-153-4.plesk.page\/de\/wp-json\/wp\/v2\/media\/5936550"}],"wp:attachment":[{"href":"https:\/\/stoic-curie.212-227-153-4.plesk.page\/de\/wp-json\/wp\/v2\/media?parent=732799"}],"wp:term":[{"taxonomy":"product_brand","embeddable":true,"href":"https:\/\/stoic-curie.212-227-153-4.plesk.page\/de\/wp-json\/wp\/v2\/product_brand?post=732799"},{"taxonomy":"product_cat","embeddable":true,"href":"https:\/\/stoic-curie.212-227-153-4.plesk.page\/de\/wp-json\/wp\/v2\/product_cat?post=732799"},{"taxonomy":"product_tag","embeddable":true,"href":"https:\/\/stoic-curie.212-227-153-4.plesk.page\/de\/wp-json\/wp\/v2\/product_tag?post=732799"}],"curies":[{"name":"wp","href":"https:\/\/api.w.org\/{rel}","templated":true}]}}