{"id":732806,"date":"2025-03-03T16:17:06","date_gmt":"2025-03-03T15:17:06","guid":{"rendered":"https:\/\/stoic-curie.212-227-153-4.plesk.page\/producto\/auspuff-wasserstau-muffler-vetus-mgp-90-mm\/"},"modified":"2026-02-24T23:34:36","modified_gmt":"2026-02-24T23:34:36","slug":"auspuff-wasserstau-muffler-vetus-mgp-90-mm","status":"publish","type":"product","link":"https:\/\/stoic-curie.212-227-153-4.plesk.page\/de\/product\/auspuff-wasserstau-muffler-vetus-mgp-90-mm\/","title":{"rendered":"Auspuff-Wasserstau-Muffler Vetus MGP 90 mm"},"content":{"rendered":"<p>Auspuff-Wasserstau-Muffler Vetus MGP 90 mm &#8211; <\/p>\n<p>Der VETUS MGP9090 Wasserabsperrventil ist speziell f\u00fcr wasserinjectierte Abgassysteme entwickelt worden. Es verf\u00fcgt \u00fcber einen 90-mm-Einlass, der in einem Winkel von 45\u00b0 positioniert ist, sowie einen 90-mm-Auslass. Hergestellt aus synthetischen Materialien, die korrosionsbest\u00e4ndig sind, garantiert dieses Wasserabsperrventil Langlebigkeit und hervorragende Ger\u00e4uschd\u00e4mmung. Mit einer Kapazit\u00e4t von 23 Litern ist es kompakt genug, um in engen R\u00e4umen Platz zu finden, und damit f\u00fcr moderne Hochleistungsfahrzeuge geeignet, die mit ein oder zwei gro\u00dfen Motoren ausgestattet sind, die nur begrenzten Platz im Motorraum bieten.<\/p>\n<p>Die obere Auslassverbindung kann um 360\u00b0 gedreht werden, w\u00e4hrend die Einlassverbindung nach oben in einem Winkel von 45\u00b0 geneigt ist. Es ist wichtig zu beachten, dass MG Wasserabsperrventile ausschlie\u00dflich f\u00fcr die Verwendung in wasserinjectierten Abgassystemen vorgesehen sind. Die gesamte Struktur ist aus synthetischen Materialien gefertigt, die Korrosion und galvanischer Aktion widerstehen.<\/p>\n<p><strong>Technische Daten:<\/strong><\/p>\n<ul>\n<li>Hervorragende Ger\u00e4uschd\u00e4mmung<\/li>\n<li>Niedriger R\u00fcckdruck<\/li>\n<li>Entw\u00e4sserungsventil f\u00fcr die Winterlagerung<\/li>\n<li>Kompatibel mit Innenschlauchdurchmessern von 90, 102, 127, 152, 209 oder 250 mm<\/li>\n<li>Verf\u00fcgbare Kapazit\u00e4ten: 23, 75 oder 130 Liter<\/li>\n<li>Kommt mit Edelstahl (AISI 316) Klemmr\u00e4ndern<\/li>\n<\/ul>\n<p><strong>Funktionalit\u00e4t:<\/strong><\/p>\n<ul>\n<li>Wasserabsperrventil Typ: MG<\/li>\n<li>Kapazit\u00e4t: 23 Liter<\/li>\n<li>Einlass Schlauchanschluss Durchmesser: 90 mm<\/li>\n<li>Auslass Schlauchanschluss Durchmesser: 90 mm<\/li>\n<li>L\u00e4nge: 540 mm<\/li>\n<li>Breite: 270 mm<\/li>\n<li>H\u00f6he: 450 mm<\/li>\n<li>Position: Vertikal<\/li>\n<li>Robust: Ja<\/li>\n<li>Drehbare Schlauchanschl\u00fcsse: Nein<\/li>\n<li>Drehbare Bauteile: Ja<\/li>\n<\/ul>\n<p>Dieses Wasserabsperrventil ist eine herausragende Option f\u00fcr alle, die eine zuverl\u00e4ssige Leistung und effektive Ger\u00e4uschreduzierung in ihrem Bootsausgassystem w\u00fcnschen.<\/p>\n","protected":false},"excerpt":{"rendered":"<p>Auspuff-Wasserstau-Muffler Vetus MGP 90 mm &#8211; Der VETUS MGP9090 Wasserabsperrventil ist speziell f\u00fcr wasserinjectierte Abgassysteme entwickelt worden. Es verf\u00fcgt \u00fcber<\/p>\n","protected":false},"featured_media":5936563,"comment_status":"open","ping_status":"closed","template":"","meta":[],"product_brand":[3520],"product_cat":[1507],"product_tag":[],"class_list":{"0":"post-732806","1":"product","2":"type-product","3":"status-publish","4":"has-post-thumbnail","6":"product_brand-vetus-de","7":"product_cat-abgas-wasserperren-und-schalldaempfer","9":"first","10":"instock","11":"shipping-taxable","12":"purchasable","13":"product-type-simple"},"_links":{"self":[{"href":"https:\/\/stoic-curie.212-227-153-4.plesk.page\/de\/wp-json\/wp\/v2\/product\/732806","targetHints":{"allow":["GET"]}}],"collection":[{"href":"https:\/\/stoic-curie.212-227-153-4.plesk.page\/de\/wp-json\/wp\/v2\/product"}],"about":[{"href":"https:\/\/stoic-curie.212-227-153-4.plesk.page\/de\/wp-json\/wp\/v2\/types\/product"}],"replies":[{"embeddable":true,"href":"https:\/\/stoic-curie.212-227-153-4.plesk.page\/de\/wp-json\/wp\/v2\/comments?post=732806"}],"version-history":[{"count":0,"href":"https:\/\/stoic-curie.212-227-153-4.plesk.page\/de\/wp-json\/wp\/v2\/product\/732806\/revisions"}],"wp:featuredmedia":[{"embeddable":true,"href":"https:\/\/stoic-curie.212-227-153-4.plesk.page\/de\/wp-json\/wp\/v2\/media\/5936563"}],"wp:attachment":[{"href":"https:\/\/stoic-curie.212-227-153-4.plesk.page\/de\/wp-json\/wp\/v2\/media?parent=732806"}],"wp:term":[{"taxonomy":"product_brand","embeddable":true,"href":"https:\/\/stoic-curie.212-227-153-4.plesk.page\/de\/wp-json\/wp\/v2\/product_brand?post=732806"},{"taxonomy":"product_cat","embeddable":true,"href":"https:\/\/stoic-curie.212-227-153-4.plesk.page\/de\/wp-json\/wp\/v2\/product_cat?post=732806"},{"taxonomy":"product_tag","embeddable":true,"href":"https:\/\/stoic-curie.212-227-153-4.plesk.page\/de\/wp-json\/wp\/v2\/product_tag?post=732806"}],"curies":[{"name":"wp","href":"https:\/\/api.w.org\/{rel}","templated":true}]}}