{"id":732807,"date":"2025-03-03T16:17:06","date_gmt":"2025-03-03T15:17:06","guid":{"rendered":"https:\/\/stoic-curie.212-227-153-4.plesk.page\/producto\/auspuff-wasserstau-muffler-vetus-mgp-102-mm\/"},"modified":"2026-02-24T23:34:36","modified_gmt":"2026-02-24T23:34:36","slug":"auspuff-wasserstau-muffler-vetus-mgp-102-mm","status":"publish","type":"product","link":"https:\/\/stoic-curie.212-227-153-4.plesk.page\/de\/product\/auspuff-wasserstau-muffler-vetus-mgp-102-mm\/","title":{"rendered":"Auspuff-Wasserstau-Muffler Vetus MGP 102 mm"},"content":{"rendered":"<p>Auspuff-Wasserstau-Muffler Vetus MGP 102 mm &#8211; <\/p>\n<p>Der VETUS MGP102102 Wasserabscheider ist sorgf\u00e4ltig f\u00fcr wasserbelastete Abgassysteme entwickelt. Er ist mit einem 102 mm gro\u00dfen Einlass ausgestattet, der in einem Winkel von 45\u00b0 angeordnet ist, sowie einem 102 mm gro\u00dfen Auslass. Hergestellt aus korrosionsbest\u00e4ndigen synthetischen Materialien, gew\u00e4hrleistet dieser Wasserabscheider sowohl Langlebigkeit als auch hervorragende Schallreduzierung. Mit einem Fassungsverm\u00f6gen von 23 Litern ist er besonders geeignet f\u00fcr moderne Hochleistungsboote, die mit einem oder zwei gro\u00dfen Motoren ausgestattet sind, insbesondere in Situationen, in denen der Maschinenraum begrenzt ist.<\/p>\n<p>Die Anschlussverbindung an der Oberseite kann um 360\u00b0 gedreht werden, w\u00e4hrend die Einlassverbindung nach oben in einem 45\u00b0-Winkel geneigt ist. Es ist wichtig zu beachten, dass MG Wasserabscheider speziell f\u00fcr die Installation in wasserbelasteten Abgassystemen ausgelegt sind. Die gesamte Struktur besteht aus synthetischen Materialien, die korrosions- und galvanisch resistent sind. Dieser verst\u00e4rkte Kunststoff-Wasserabscheider verf\u00fcgt \u00fcber einen schwenkbaren oberen Teil und ist kompakt genug, um in engen R\u00e4umen installiert zu werden.<\/p>\n<p><strong>Spezifikationen:<\/strong><\/p>\n<ul>\n<li>Au\u00dfergew\u00f6hnliche Schallreduzierung<\/li>\n<li>Minimaler Gegendruck<\/li>\n<li>Entw\u00e4sserungsventil f\u00fcr die Winterlagerung<\/li>\n<li>Kompatibel mit Innenschlaucht Durchmessern von \u00d8 90, 102, 127, 152, 209 oder 250 mm<\/li>\n<li>Verf\u00fcgbare Fassungsverm\u00f6gen: 23, 75 oder 130 Liter<\/li>\n<li>Inklusive Edelstahl (AISI 316) Klemmringen<\/li>\n<\/ul>\n<p><strong>Funktionalit\u00e4t:<\/strong><\/p>\n<ul>\n<li>Wasserabscheider Kapazit\u00e4t: 23 Liter<\/li>\n<li>Durchmesser des Anschlussschlauchs f\u00fcr den Einlass: 102 mm<\/li>\n<li>Durchmesser des Anschlussschlauchs f\u00fcr den Auslass: 102 mm<\/li>\n<li>L\u00e4nge: 540 mm<\/li>\n<li>Breite: 270 mm<\/li>\n<li>H\u00f6he: 450 mm<\/li>\n<li>Wasserabscheider Position: Vertikal<\/li>\n<li>Robust: Ja<\/li>\n<li>Drehbare Schlauchanschl\u00fcsse: Nein<\/li>\n<li>Drehbare K\u00f6rperteile: Ja<\/li>\n<\/ul>\n","protected":false},"excerpt":{"rendered":"<p>Auspuff-Wasserstau-Muffler Vetus MGP 102 mm &#8211; Der VETUS MGP102102 Wasserabscheider ist sorgf\u00e4ltig f\u00fcr wasserbelastete Abgassysteme entwickelt. Er ist mit einem<\/p>\n","protected":false},"featured_media":5936563,"comment_status":"open","ping_status":"closed","template":"","meta":[],"product_brand":[3520],"product_cat":[1507],"product_tag":[],"class_list":{"0":"post-732807","1":"product","2":"type-product","3":"status-publish","4":"has-post-thumbnail","6":"product_brand-vetus-de","7":"product_cat-abgas-wasserperren-und-schalldaempfer","9":"first","10":"instock","11":"shipping-taxable","12":"purchasable","13":"product-type-simple"},"_links":{"self":[{"href":"https:\/\/stoic-curie.212-227-153-4.plesk.page\/de\/wp-json\/wp\/v2\/product\/732807","targetHints":{"allow":["GET"]}}],"collection":[{"href":"https:\/\/stoic-curie.212-227-153-4.plesk.page\/de\/wp-json\/wp\/v2\/product"}],"about":[{"href":"https:\/\/stoic-curie.212-227-153-4.plesk.page\/de\/wp-json\/wp\/v2\/types\/product"}],"replies":[{"embeddable":true,"href":"https:\/\/stoic-curie.212-227-153-4.plesk.page\/de\/wp-json\/wp\/v2\/comments?post=732807"}],"version-history":[{"count":0,"href":"https:\/\/stoic-curie.212-227-153-4.plesk.page\/de\/wp-json\/wp\/v2\/product\/732807\/revisions"}],"wp:featuredmedia":[{"embeddable":true,"href":"https:\/\/stoic-curie.212-227-153-4.plesk.page\/de\/wp-json\/wp\/v2\/media\/5936563"}],"wp:attachment":[{"href":"https:\/\/stoic-curie.212-227-153-4.plesk.page\/de\/wp-json\/wp\/v2\/media?parent=732807"}],"wp:term":[{"taxonomy":"product_brand","embeddable":true,"href":"https:\/\/stoic-curie.212-227-153-4.plesk.page\/de\/wp-json\/wp\/v2\/product_brand?post=732807"},{"taxonomy":"product_cat","embeddable":true,"href":"https:\/\/stoic-curie.212-227-153-4.plesk.page\/de\/wp-json\/wp\/v2\/product_cat?post=732807"},{"taxonomy":"product_tag","embeddable":true,"href":"https:\/\/stoic-curie.212-227-153-4.plesk.page\/de\/wp-json\/wp\/v2\/product_tag?post=732807"}],"curies":[{"name":"wp","href":"https:\/\/api.w.org\/{rel}","templated":true}]}}