{"id":732808,"date":"2025-03-03T16:17:07","date_gmt":"2025-03-03T15:17:07","guid":{"rendered":"https:\/\/stoic-curie.212-227-153-4.plesk.page\/producto\/auspuff-wasserstau-muffler-vetus-mgp-127-mm\/"},"modified":"2026-02-24T23:34:36","modified_gmt":"2026-02-24T23:34:36","slug":"auspuff-wasserstau-muffler-vetus-mgp-127-mm","status":"publish","type":"product","link":"https:\/\/stoic-curie.212-227-153-4.plesk.page\/de\/product\/auspuff-wasserstau-muffler-vetus-mgp-127-mm\/","title":{"rendered":"Auspuff-Wasserstau-Muffler Vetus MGP 127 mm"},"content":{"rendered":"<p>Auspuff-Wasserstau-Muffler Vetus MGP 127 mm &#8211; <\/p>\n<p>Das VETUS MGP5455 Wasserabsperrventil ist speziell f\u00fcr wasserinjectierte Abgasanlagen entwickelt worden. Es verf\u00fcgt \u00fcber einen 127 mm gro\u00dfen Einlass, der im 45\u00b0-Winkel positioniert ist, sowie einen 127 mm gro\u00dfen Auslass. Dieses Wasserabsperrventil umfasst einen drehbaren Deckel und ist aus synthetischen Materialien gefertigt, die korrosionsbest\u00e4ndig sind und eine langanhaltende Leistung gew\u00e4hrleisten. Es bietet eine hervorragende Ger\u00e4uschreduzierung und hat ein Volumen von 23 Litern. Dank seines kompakten Designs eignet es sich besonders f\u00fcr die Installation in engen R\u00e4umen, was insbesondere f\u00fcr wassergek\u00fchlte Abgasanlagen von Vorteil ist.<\/p>\n<p>Die MG Wasserabsperrventile sind sorgf\u00e4ltig f\u00fcr moderne Hochleistungsfahrzeuge konzipiert, die \u00fcber einen oder zwei gro\u00dfe Motoren verf\u00fcgen, insbesondere wenn der Platz im Maschinenraum begrenzt ist. Der Auslassanschluss kann um 360\u00b0 gedreht werden, w\u00e4hrend der Einlassanschluss auf 45\u00b0 nach oben geneigt ist. Es ist wichtig zu beachten, dass MG Wasserabsperrventile ausschlie\u00dflich f\u00fcr den Einsatz in wasserinjectierten Abgasanlagen gedacht sind. Die gesamte Konstruktion besteht aus synthetischen Materialien, die gegen Korrosion und galvanische Korrosion resistent sind.<\/p>\n<p><strong>Spezifikationen:<\/strong><\/p>\n<ul>\n<li>Hervorragende Ger\u00e4uschreduzierung<\/li>\n<li>Niedriger Gegendruck<\/li>\n<li>Entw\u00e4sserungsventil f\u00fcr die Winterlagerung<\/li>\n<li>Kompatibel mit Innenschlauchdurchmessern von \u00d8 90, 102, 127, 152, 209 oder 250 mm<\/li>\n<li>Erh\u00e4ltliche Volumina: 23, 75 oder 130 Liter<\/li>\n<li>Inklusive Edelstahl (AISI 316) Spannb\u00e4ndern<\/li>\n<\/ul>\n<p><strong>Detailierte Spezifikationen:<\/strong><\/p>\n<ul>\n<li>Funktion: Wasserabsperrventil<\/li>\n<li>Kapazit\u00e4t: 23 Liter<\/li>\n<li>Durchmesser des Einlassschlauchanschlusses: 127 mm<\/li>\n<li>Durchmesser des Auslassschlauchanschlusses: 127 mm<\/li>\n<li>L\u00e4nge: 540 mm<\/li>\n<li>Breite: 270 mm<\/li>\n<li>H\u00f6he: 450 mm<\/li>\n<li>Position des Wasserabsperrventils: Vertikal<\/li>\n<li>Robust: Ja<\/li>\n<li>Drehbare Schlauchanschl\u00fcsse: Nein<\/li>\n<li>Drehbare Bauteile: Ja<\/li>\n<\/ul>\n","protected":false},"excerpt":{"rendered":"<p>Auspuff-Wasserstau-Muffler Vetus MGP 127 mm &#8211; Das VETUS MGP5455 Wasserabsperrventil ist speziell f\u00fcr wasserinjectierte Abgasanlagen entwickelt worden. Es verf\u00fcgt \u00fcber<\/p>\n","protected":false},"featured_media":5936563,"comment_status":"open","ping_status":"closed","template":"","meta":[],"product_brand":[3520],"product_cat":[1507],"product_tag":[],"class_list":{"0":"post-732808","1":"product","2":"type-product","3":"status-publish","4":"has-post-thumbnail","6":"product_brand-vetus-de","7":"product_cat-abgas-wasserperren-und-schalldaempfer","9":"first","10":"instock","11":"shipping-taxable","12":"purchasable","13":"product-type-simple"},"_links":{"self":[{"href":"https:\/\/stoic-curie.212-227-153-4.plesk.page\/de\/wp-json\/wp\/v2\/product\/732808","targetHints":{"allow":["GET"]}}],"collection":[{"href":"https:\/\/stoic-curie.212-227-153-4.plesk.page\/de\/wp-json\/wp\/v2\/product"}],"about":[{"href":"https:\/\/stoic-curie.212-227-153-4.plesk.page\/de\/wp-json\/wp\/v2\/types\/product"}],"replies":[{"embeddable":true,"href":"https:\/\/stoic-curie.212-227-153-4.plesk.page\/de\/wp-json\/wp\/v2\/comments?post=732808"}],"version-history":[{"count":0,"href":"https:\/\/stoic-curie.212-227-153-4.plesk.page\/de\/wp-json\/wp\/v2\/product\/732808\/revisions"}],"wp:featuredmedia":[{"embeddable":true,"href":"https:\/\/stoic-curie.212-227-153-4.plesk.page\/de\/wp-json\/wp\/v2\/media\/5936563"}],"wp:attachment":[{"href":"https:\/\/stoic-curie.212-227-153-4.plesk.page\/de\/wp-json\/wp\/v2\/media?parent=732808"}],"wp:term":[{"taxonomy":"product_brand","embeddable":true,"href":"https:\/\/stoic-curie.212-227-153-4.plesk.page\/de\/wp-json\/wp\/v2\/product_brand?post=732808"},{"taxonomy":"product_cat","embeddable":true,"href":"https:\/\/stoic-curie.212-227-153-4.plesk.page\/de\/wp-json\/wp\/v2\/product_cat?post=732808"},{"taxonomy":"product_tag","embeddable":true,"href":"https:\/\/stoic-curie.212-227-153-4.plesk.page\/de\/wp-json\/wp\/v2\/product_tag?post=732808"}],"curies":[{"name":"wp","href":"https:\/\/api.w.org\/{rel}","templated":true}]}}