{"id":732809,"date":"2025-03-03T16:17:07","date_gmt":"2025-03-03T15:17:07","guid":{"rendered":"https:\/\/stoic-curie.212-227-153-4.plesk.page\/producto\/mariner-sitz-ocean-weiss-und-blau-600-x-550-x-h600-mm\/"},"modified":"2026-02-24T23:34:36","modified_gmt":"2026-02-24T23:34:36","slug":"mariner-sitz-ocean-weiss-und-blau-600-x-550-x-h600-mm","status":"publish","type":"product","link":"https:\/\/stoic-curie.212-227-153-4.plesk.page\/de\/product\/mariner-sitz-ocean-weiss-und-blau-600-x-550-x-h600-mm\/","title":{"rendered":"Mariner Sitz Ocean Wei\u00df und Blau, 600 x 550 x H600 mm"},"content":{"rendered":"<p>Mariner Sitz Ocean Wei\u00df und Blau, 600 x 550 x H600 mm &#8211; <\/p>\n<p>Polyethyleneschale mit gepolstertem Sitz f\u00fcr den Offshore-Bereich. Marine-Qualit\u00e4t Skay-Beschichtung. Der Sitz kann angehoben werden, um den Stehfahrmodus mit R\u00fcckenlehne zu erm\u00f6glichen.<\/p>\n","protected":false},"excerpt":{"rendered":"<p>Mariner Sitz Ocean Wei\u00df und Blau, 600 x 550 x H600 mm &#8211; Polyethyleneschale mit gepolstertem Sitz f\u00fcr den Offshore-Bereich.<\/p>\n","protected":false},"featured_media":5936569,"comment_status":"open","ping_status":"closed","template":"","meta":[],"product_brand":[2965],"product_cat":[1391],"product_tag":[],"class_list":{"0":"post-732809","1":"product","2":"type-product","3":"status-publish","4":"has-post-thumbnail","6":"product_brand-garelick-de","7":"product_cat-bootsitze","9":"first","10":"instock","11":"shipping-taxable","12":"purchasable","13":"product-type-simple"},"_links":{"self":[{"href":"https:\/\/stoic-curie.212-227-153-4.plesk.page\/de\/wp-json\/wp\/v2\/product\/732809","targetHints":{"allow":["GET"]}}],"collection":[{"href":"https:\/\/stoic-curie.212-227-153-4.plesk.page\/de\/wp-json\/wp\/v2\/product"}],"about":[{"href":"https:\/\/stoic-curie.212-227-153-4.plesk.page\/de\/wp-json\/wp\/v2\/types\/product"}],"replies":[{"embeddable":true,"href":"https:\/\/stoic-curie.212-227-153-4.plesk.page\/de\/wp-json\/wp\/v2\/comments?post=732809"}],"version-history":[{"count":0,"href":"https:\/\/stoic-curie.212-227-153-4.plesk.page\/de\/wp-json\/wp\/v2\/product\/732809\/revisions"}],"wp:featuredmedia":[{"embeddable":true,"href":"https:\/\/stoic-curie.212-227-153-4.plesk.page\/de\/wp-json\/wp\/v2\/media\/5936569"}],"wp:attachment":[{"href":"https:\/\/stoic-curie.212-227-153-4.plesk.page\/de\/wp-json\/wp\/v2\/media?parent=732809"}],"wp:term":[{"taxonomy":"product_brand","embeddable":true,"href":"https:\/\/stoic-curie.212-227-153-4.plesk.page\/de\/wp-json\/wp\/v2\/product_brand?post=732809"},{"taxonomy":"product_cat","embeddable":true,"href":"https:\/\/stoic-curie.212-227-153-4.plesk.page\/de\/wp-json\/wp\/v2\/product_cat?post=732809"},{"taxonomy":"product_tag","embeddable":true,"href":"https:\/\/stoic-curie.212-227-153-4.plesk.page\/de\/wp-json\/wp\/v2\/product_tag?post=732809"}],"curies":[{"name":"wp","href":"https:\/\/api.w.org\/{rel}","templated":true}]}}