{"id":732816,"date":"2025-03-03T16:17:08","date_gmt":"2025-03-03T15:17:08","guid":{"rendered":"https:\/\/stoic-curie.212-227-153-4.plesk.page\/producto\/vitrifrigo-kuehlschrank-c115i-en-115-l-12-24v\/"},"modified":"2026-02-24T23:34:36","modified_gmt":"2026-02-24T23:34:36","slug":"vitrifrigo-kuehlschrank-c115i-en-115-l-12-24v","status":"publish","type":"product","link":"https:\/\/stoic-curie.212-227-153-4.plesk.page\/de\/product\/vitrifrigo-kuehlschrank-c115i-en-115-l-12-24v\/","title":{"rendered":"Vitrifrigo C115i K\u00fchlschrank-Gefrierkombination"},"content":{"rendered":"<p>Vitrifrigo C115i K\u00fchlschrank-Gefrierkombination &#8211; <\/p>\n<p>Wir pr\u00e4sentieren den C115i CHR K\u00fchlschrank-Gefrierschrank von Vitrifrigo, eine zuverl\u00e4ssige Wahl f\u00fcr Ihre Bootsanforderungen. Dieses Modell zeichnet sich durch ein elegantes graues Design aus und ist mit einer internen Danfoss-K\u00fchlungseinheit f\u00fcr 12\/24V ausgestattet. Die T\u00fcr ist umkehrbar und verf\u00fcgt \u00fcber eine Bel\u00fcftungsposition f\u00fcr Zeiten, in denen der K\u00fchlschrank nicht genutzt wird. Au\u00dferdem kommt es mit einer LED-Beleuchtung und einem mechanischen Thermostat f\u00fcr eine einfache Temperaturregelung.<\/p>\n<p>Der C115i CHR bietet ein Gesamtvolumen von 115 Litern, mit einem optionalen Gefrierfach, das 17,1 Liter zus\u00e4tzlichen Platz bietet. Die K\u00fchlvorrichtung befindet sich praktisch im Inneren des Ger\u00e4ts.<\/p>\n<p>Dieses Modell verf\u00fcgt \u00fcber ein manuelles Thermostat, w\u00e4hrend die Variante C115iD CHR ein digitales Thermostat f\u00fcr diejenigen bietet, die eine fortschrittlicher L\u00f6sung bevorzugen.<\/p>\n<p>Eine der herausragenden Eigenschaften des C115i CHR ist seine graue paneelbare T\u00fcr, die \u00fcber ein Schnappschloss-System verf\u00fcgt, um versehentliches \u00d6ffnen zu verhindern. Dar\u00fcber hinaus enth\u00e4lt die T\u00fcr ein innovatives \u201eBel\u00fcftungspositions\u201c-System, das in den Griff integriert ist. Dies erm\u00f6glicht eine teilweise \u00d6ffnung w\u00e4hrend der Nichtnutzung, um Schimmel und unangenehme Ger\u00fcche zu verhindern und sicherzustellen, dass Ihre Lebensmittel frisch bleiben.<\/p>\n<p><strong>Technische Daten:<\/strong><\/p>\n<ul>\n<li><strong>T\u00fcrfinish:<\/strong> Laminat<\/li>\n<li><strong>Kapazit\u00e4t:<\/strong> 115 Liter<\/li>\n<li><strong>H\u00f6he:<\/strong> 766 mm<\/li>\n<li><strong>L\u00e4nge:<\/strong> 525 mm<\/li>\n<li><strong>Tiefe:<\/strong> 560 mm<\/li>\n<li><strong>Gewicht:<\/strong> 21,20 kg<\/li>\n<li><strong>Serie:<\/strong> Chromelock<\/li>\n<li><strong>Umkehrbare T\u00fcr:<\/strong> Ja<\/li>\n<li><strong>Thermostat:<\/strong> Mechanisch<\/li>\n<li><strong>K\u00fchltechnologie:<\/strong> Kompressor<\/li>\n<li><strong>K\u00fchlger\u00e4t:<\/strong> Intern<\/li>\n<li><strong>T\u00fcr\u00f6ffnen:<\/strong> Einzelt\u00fcr vorne<\/li>\n<li><strong>Spannung:<\/strong> 12\/24 VDC<\/li>\n<\/ul>\n<p>Der C115i CHR K\u00fchlschrank-Gefrierschrank ist eine hervorragende Erg\u00e4nzung f\u00fcr Ihr Boot, das Funktionalit\u00e4t mit modernem Design kombiniert.<\/p>\n","protected":false},"excerpt":{"rendered":"<p>Vitrifrigo C115i K\u00fchlschrank-Gefrierkombination &#8211; Wir pr\u00e4sentieren den C115i CHR K\u00fchlschrank-Gefrierschrank von Vitrifrigo, eine zuverl\u00e4ssige Wahl f\u00fcr Ihre Bootsanforderungen. Dieses Modell<\/p>\n","protected":false},"featured_media":5936576,"comment_status":"open","ping_status":"closed","template":"","meta":[],"product_brand":[3525],"product_cat":[1464],"product_tag":[],"class_list":{"0":"post-732816","1":"product","2":"type-product","3":"status-publish","4":"has-post-thumbnail","6":"product_brand-vitrifrigo-de","7":"product_cat-kuehlschraenke-und-gefriertruhen","9":"first","10":"instock","11":"shipping-taxable","12":"purchasable","13":"product-type-simple"},"_links":{"self":[{"href":"https:\/\/stoic-curie.212-227-153-4.plesk.page\/de\/wp-json\/wp\/v2\/product\/732816","targetHints":{"allow":["GET"]}}],"collection":[{"href":"https:\/\/stoic-curie.212-227-153-4.plesk.page\/de\/wp-json\/wp\/v2\/product"}],"about":[{"href":"https:\/\/stoic-curie.212-227-153-4.plesk.page\/de\/wp-json\/wp\/v2\/types\/product"}],"replies":[{"embeddable":true,"href":"https:\/\/stoic-curie.212-227-153-4.plesk.page\/de\/wp-json\/wp\/v2\/comments?post=732816"}],"version-history":[{"count":0,"href":"https:\/\/stoic-curie.212-227-153-4.plesk.page\/de\/wp-json\/wp\/v2\/product\/732816\/revisions"}],"wp:featuredmedia":[{"embeddable":true,"href":"https:\/\/stoic-curie.212-227-153-4.plesk.page\/de\/wp-json\/wp\/v2\/media\/5936576"}],"wp:attachment":[{"href":"https:\/\/stoic-curie.212-227-153-4.plesk.page\/de\/wp-json\/wp\/v2\/media?parent=732816"}],"wp:term":[{"taxonomy":"product_brand","embeddable":true,"href":"https:\/\/stoic-curie.212-227-153-4.plesk.page\/de\/wp-json\/wp\/v2\/product_brand?post=732816"},{"taxonomy":"product_cat","embeddable":true,"href":"https:\/\/stoic-curie.212-227-153-4.plesk.page\/de\/wp-json\/wp\/v2\/product_cat?post=732816"},{"taxonomy":"product_tag","embeddable":true,"href":"https:\/\/stoic-curie.212-227-153-4.plesk.page\/de\/wp-json\/wp\/v2\/product_tag?post=732816"}],"curies":[{"name":"wp","href":"https:\/\/api.w.org\/{rel}","templated":true}]}}