{"id":732819,"date":"2025-03-03T16:17:09","date_gmt":"2025-03-03T15:17:09","guid":{"rendered":"https:\/\/stoic-curie.212-227-153-4.plesk.page\/producto\/saralon-luken-jba-490-x-490mm\/"},"modified":"2026-02-24T23:34:37","modified_gmt":"2026-02-24T23:34:37","slug":"saralon-luken-jba-490-x-490mm","status":"publish","type":"product","link":"https:\/\/stoic-curie.212-227-153-4.plesk.page\/de\/product\/saralon-luken-jba-490-x-490mm\/","title":{"rendered":"Saralon Luken JBA 490 x 490mm"},"content":{"rendered":"<p>Saralon Luken JBA 490 x 490mm &#8211; <\/p>\n<p style=\"color: rgb(34, 34, 34); font-family: Arial, Helvetica, sans-serif; font-size: small;\">Die Jim Black Marine Luken sind sorgf\u00e4ltig gefertigt mit einem Fokus auf Praktikabilit\u00e4t, \u00c4sthetik und dauerhafte Leistung. Diese Luken bestehen aus einem \u00e4u\u00dferst haltbaren Saralon-Polypropylen-Rahmen, der speziell entwickelt wurde, um extremen Wetterbedingungen, Sto\u00dfbelastungen, Chemikalien und UV-Strahlung standzuhalten. Zur Verbesserung der Sicherheit ist jede Luke mit externen Griffen ausgestattet, um Notausstiege zu erleichtern.<\/p>\n<p style=\"color: rgb(34, 34, 34); font-family: Arial, Helvetica, sans-serif; font-size: small;\">Jede Einheit ist mit einer sto\u00df- und kratzfesten, geh\u00e4rteten Glaslinse ausgestattet, die eine optimale Sicht gew\u00e4hrleistet. Dar\u00fcber hinaus wird jede Luke mit einem Abdeckring geliefert und verf\u00fcgt \u00fcber eine Deckh\u00f6he von 28 mm.<\/p>\n<p style=\"color: rgb(34, 34, 34); font-family: Arial, Helvetica, sans-serif; font-size: small;\"><strong>Hervorgehobene Merkmale:<\/strong><\/p>\n<ul style=\"color: rgb(34, 34, 34); font-family: Arial, Helvetica, sans-serif; font-size: small;\">\n<li><strong>Materialien<\/strong>: Aus glasfaserverst\u00e4rktem Polypropylen und UV-stabilisiertem Saralon-Harz hergestellt.<\/li>\n<li><strong>Wasserbest\u00e4ndigkeit<\/strong>: Diese Luken sind so konzipiert, dass sie wasserdicht sind, und verf\u00fcgen \u00fcber eine robuste Dichtung, um das Eindringen von Wasser zu verhindern.<\/li>\n<li><strong>Festigkeit<\/strong>: Die Jim Black-Luken sind f\u00fcr eine lange Lebensdauer ausgelegt und enthalten eine Hohlkern-Dichtung f\u00fcr zus\u00e4tzliche Haltbarkeit.<\/li>\n<li><strong>Witterungsbest\u00e4ndigkeit<\/strong>: Ideal f\u00fcr stark frequentierte Umgebungen, sind diese Luken perfekt f\u00fcr trockene Lagerung sowie f\u00fcr den Zugang zu Sanit\u00e4r- und elektrischen Systemen.<\/li>\n<\/ul>\n<p style=\"color: rgb(34, 34, 34); font-family: Arial, Helvetica, sans-serif; font-size: small;\"><strong>Zus\u00e4tzliche Details:<\/strong><\/p>\n<ul style=\"color: rgb(34, 34, 34); font-family: Arial, Helvetica, sans-serif; font-size: small;\">\n<li>UV-best\u00e4ndiger Kunststoffharz<\/li>\n<li>Chemikalienbest\u00e4ndig<\/li>\n<li>2&#8243; Hohlkern-Dichtung mit 0,500 Kompression f\u00fcr \u00fcberlegene Wasserbest\u00e4ndigkeit<\/li>\n<li>1\/4&#8243; geh\u00e4rtetes Glas f\u00fcr Festigkeit, Klarheit und Chemikalienbest\u00e4ndigkeit<\/li>\n<li>Passender Abdeckring<\/li>\n<li>CE-zertifiziert<\/li>\n<li>Externe Griffe f\u00fcr Notausg\u00e4nge<\/li>\n<\/ul>\n<p style=\"color: rgb(34, 34, 34); font-family: Arial, Helvetica, sans-serif; font-size: small;\">Wir laden Sie ein, sich f\u00fcr die Jim Black Marine Luken zu entscheiden \u2013 eine zuverl\u00e4ssige und elegante L\u00f6sung f\u00fcr Ihre maritimen Bed\u00fcrfnisse.<\/p>\n","protected":false},"excerpt":{"rendered":"<p>Saralon Luken JBA 490 x 490mm &#8211; Die Jim Black Marine Luken sind sorgf\u00e4ltig gefertigt mit einem Fokus auf Praktikabilit\u00e4t,<\/p>\n","protected":false},"featured_media":5936586,"comment_status":"open","ping_status":"closed","template":"","meta":[],"product_brand":[3035],"product_cat":[1415],"product_tag":[],"class_list":{"0":"post-732819","1":"product","2":"type-product","3":"status-publish","4":"has-post-thumbnail","6":"product_brand-jba-marine-de","7":"product_cat-bootsluken","9":"first","10":"instock","11":"shipping-taxable","12":"purchasable","13":"product-type-simple"},"_links":{"self":[{"href":"https:\/\/stoic-curie.212-227-153-4.plesk.page\/de\/wp-json\/wp\/v2\/product\/732819","targetHints":{"allow":["GET"]}}],"collection":[{"href":"https:\/\/stoic-curie.212-227-153-4.plesk.page\/de\/wp-json\/wp\/v2\/product"}],"about":[{"href":"https:\/\/stoic-curie.212-227-153-4.plesk.page\/de\/wp-json\/wp\/v2\/types\/product"}],"replies":[{"embeddable":true,"href":"https:\/\/stoic-curie.212-227-153-4.plesk.page\/de\/wp-json\/wp\/v2\/comments?post=732819"}],"version-history":[{"count":0,"href":"https:\/\/stoic-curie.212-227-153-4.plesk.page\/de\/wp-json\/wp\/v2\/product\/732819\/revisions"}],"wp:featuredmedia":[{"embeddable":true,"href":"https:\/\/stoic-curie.212-227-153-4.plesk.page\/de\/wp-json\/wp\/v2\/media\/5936586"}],"wp:attachment":[{"href":"https:\/\/stoic-curie.212-227-153-4.plesk.page\/de\/wp-json\/wp\/v2\/media?parent=732819"}],"wp:term":[{"taxonomy":"product_brand","embeddable":true,"href":"https:\/\/stoic-curie.212-227-153-4.plesk.page\/de\/wp-json\/wp\/v2\/product_brand?post=732819"},{"taxonomy":"product_cat","embeddable":true,"href":"https:\/\/stoic-curie.212-227-153-4.plesk.page\/de\/wp-json\/wp\/v2\/product_cat?post=732819"},{"taxonomy":"product_tag","embeddable":true,"href":"https:\/\/stoic-curie.212-227-153-4.plesk.page\/de\/wp-json\/wp\/v2\/product_tag?post=732819"}],"curies":[{"name":"wp","href":"https:\/\/api.w.org\/{rel}","templated":true}]}}