{"id":732820,"date":"2025-03-03T16:17:10","date_gmt":"2025-03-03T15:17:10","guid":{"rendered":"https:\/\/stoic-curie.212-227-153-4.plesk.page\/producto\/saralon-luken-jba-565-x-565-mm\/"},"modified":"2026-02-24T23:34:37","modified_gmt":"2026-02-24T23:34:37","slug":"saralon-luken-jba-565-x-565-mm","status":"publish","type":"product","link":"https:\/\/stoic-curie.212-227-153-4.plesk.page\/de\/product\/saralon-luken-jba-565-x-565-mm\/","title":{"rendered":"Saralon Luken JBA 565 x 565 mm"},"content":{"rendered":"<p>Saralon Luken JBA 565 x 565 mm &#8211; <\/p>\n<p style=\"color: rgb(34, 34, 34); font-family: Arial, Helvetica, sans-serif; font-size: small;\">Pr\u00e4sentieren Sie die Jim Black Marine-Luken, die mit Fokus auf Praktikabilit\u00e4t, \u00c4sthetik und dauerhafte Leistung entwickelt wurden. Diese Luken sind mit einem au\u00dfergew\u00f6hnlich robusten Saralon Polypropylen-Rahmen ausgestattet, der rauen Witterungsbedingungen, St\u00f6\u00dfen, L\u00f6sungsmitteln und UV-Strahlung standh\u00e4lt. Zu Ihrer Sicherheit verf\u00fcgen sie \u00fcber externe Griffe f\u00fcr Notausg\u00e4nge.<\/p>\n<p style=\"color: rgb(34, 34, 34); font-family: Arial, Helvetica, sans-serif; font-size: small;\">Jede Luke verf\u00fcgt \u00fcber ein geh\u00e4rtetes Glas, das sowohl sto\u00df- als auch kratzfest ist und somit klare Sicht garantiert. Jede Einheit wird mit einem Verkleidungsring geliefert und hat eine Deckh\u00f6he von 28 mm.<\/p>\n<p style=\"color: rgb(34, 34, 34); font-family: Arial, Helvetica, sans-serif; font-size: small;\">Hervorzuhebende Merkmale:<\/p>\n<ul style=\"color: rgb(34, 34, 34); font-family: Arial, Helvetica, sans-serif; font-size: small;\">\n<li><strong>Materialien<\/strong>: Hergestellt aus glasfaserverst\u00e4rktem Polypropylen und UV-stabilisiertem Saralonharz.<\/li>\n<li><strong>Wasserbest\u00e4ndigkeit<\/strong>: Entwickelt, um wasserdicht zu sein, verf\u00fcgen diese Luken \u00fcber eine robuste Dichtung, die das Eindringen von Wasser verhindert.<\/li>\n<li><strong>St\u00e4rke<\/strong>: F\u00fcr Langlebigkeit konzipiert, enthalten die Jim Black-Luken eine hohle Dichtung f\u00fcr erh\u00f6hte Haltbarkeit.<\/li>\n<li><strong>Witterungsbest\u00e4ndigkeit<\/strong>: Ideal f\u00fcr stark frequentierte Umgebungen, eignen sich diese Luken hervorragend f\u00fcr trockene Lagerung und den Zugang zu Sanit\u00e4r- und elektrischen Systemen.<\/li>\n<\/ul>\n<p style=\"color: rgb(34, 34, 34); font-family: Arial, Helvetica, sans-serif; font-size: small;\">Zus\u00e4tzliche Details:<\/p>\n<ul style=\"color: rgb(34, 34, 34); font-family: Arial, Helvetica, sans-serif; font-size: small;\">\n<li>UV-best\u00e4ndiges Kunststoffharz<\/li>\n<li>Chemikalienresistent<\/li>\n<li>2&#8243; Hohlraumdichtung mit .500 Kompression f\u00fcr \u00fcberlegene Wasserbest\u00e4ndigkeit<\/li>\n<li>1\/4&#8243; geh\u00e4rtetes Glas f\u00fcr St\u00e4rke, Klarheit und Chemikalienbest\u00e4ndigkeit<\/li>\n<li>Komplement\u00e4rer Verkleidungsring<\/li>\n<li>CE-zertifiziert<\/li>\n<li>Externe Griffe f\u00fcr Notausg\u00e4nge<\/li>\n<\/ul>\n<p style=\"color: rgb(34, 34, 34); font-family: Arial, Helvetica, sans-serif; font-size: small;\">Setzen Sie auf die Jim Black Marine-Luken f\u00fcr eine zuverl\u00e4ssige und stilvolle L\u00f6sung f\u00fcr Ihre maritimen Anforderungen.<\/p>\n","protected":false},"excerpt":{"rendered":"<p>Saralon Luken JBA 565 x 565 mm &#8211; Pr\u00e4sentieren Sie die Jim Black Marine-Luken, die mit Fokus auf Praktikabilit\u00e4t, \u00c4sthetik<\/p>\n","protected":false},"featured_media":5936586,"comment_status":"open","ping_status":"closed","template":"","meta":[],"product_brand":[3035],"product_cat":[1415],"product_tag":[],"class_list":{"0":"post-732820","1":"product","2":"type-product","3":"status-publish","4":"has-post-thumbnail","6":"product_brand-jba-marine-de","7":"product_cat-bootsluken","9":"first","10":"instock","11":"shipping-taxable","12":"purchasable","13":"product-type-simple"},"_links":{"self":[{"href":"https:\/\/stoic-curie.212-227-153-4.plesk.page\/de\/wp-json\/wp\/v2\/product\/732820","targetHints":{"allow":["GET"]}}],"collection":[{"href":"https:\/\/stoic-curie.212-227-153-4.plesk.page\/de\/wp-json\/wp\/v2\/product"}],"about":[{"href":"https:\/\/stoic-curie.212-227-153-4.plesk.page\/de\/wp-json\/wp\/v2\/types\/product"}],"replies":[{"embeddable":true,"href":"https:\/\/stoic-curie.212-227-153-4.plesk.page\/de\/wp-json\/wp\/v2\/comments?post=732820"}],"version-history":[{"count":0,"href":"https:\/\/stoic-curie.212-227-153-4.plesk.page\/de\/wp-json\/wp\/v2\/product\/732820\/revisions"}],"wp:featuredmedia":[{"embeddable":true,"href":"https:\/\/stoic-curie.212-227-153-4.plesk.page\/de\/wp-json\/wp\/v2\/media\/5936586"}],"wp:attachment":[{"href":"https:\/\/stoic-curie.212-227-153-4.plesk.page\/de\/wp-json\/wp\/v2\/media?parent=732820"}],"wp:term":[{"taxonomy":"product_brand","embeddable":true,"href":"https:\/\/stoic-curie.212-227-153-4.plesk.page\/de\/wp-json\/wp\/v2\/product_brand?post=732820"},{"taxonomy":"product_cat","embeddable":true,"href":"https:\/\/stoic-curie.212-227-153-4.plesk.page\/de\/wp-json\/wp\/v2\/product_cat?post=732820"},{"taxonomy":"product_tag","embeddable":true,"href":"https:\/\/stoic-curie.212-227-153-4.plesk.page\/de\/wp-json\/wp\/v2\/product_tag?post=732820"}],"curies":[{"name":"wp","href":"https:\/\/api.w.org\/{rel}","templated":true}]}}