{"id":732821,"date":"2025-03-03T16:17:10","date_gmt":"2025-03-03T15:17:10","guid":{"rendered":"https:\/\/stoic-curie.212-227-153-4.plesk.page\/producto\/toilette-johnson-aquat-manuell-komfort\/"},"modified":"2026-02-24T23:34:37","modified_gmt":"2026-02-24T23:34:37","slug":"toilette-johnson-aquat-manuell-komfort","status":"publish","type":"product","link":"https:\/\/stoic-curie.212-227-153-4.plesk.page\/de\/product\/toilette-johnson-aquat-manuell-komfort\/","title":{"rendered":"Toilette Johnson AquaT Manuell Komfort"},"content":{"rendered":"<p>Toilette Johnson AquaT Manuell Komfort &#8211; <\/p>\n<p>Die Johnson AquaT Toilette verf\u00fcgt \u00fcber eine ergonomisch gestaltete, doppelt wirkende, selbstansaugende Handpumpe, die sowohl rechts als auch links montiert werden kann. Sie funktioniert sowohl mit Frisch- als auch mit Salzwasser und kann \u00fcber oder unter der Wasserlinie montiert werden.<br \/>Erh\u00e4ltlich in drei Modellen:<br \/>\u2022 Kompakt \u2013 platzsparend mit einem runden Sitz<br \/>\u2022 Komfort \u2013 gr\u00f6\u00dfer und bequemer mit einem ovalen Sitz<br \/>\u2022 Super Kompakt \u2013 kleiner und leichter mit einem runden Sitz<br \/>Hergestellt aus hochwertigem wei\u00dfen vitrified Porzellan f\u00fcr perfekte Hygiene.<br \/>Praktisch, leise und zuverl\u00e4ssig. Starke Wirbelbewegung f\u00fcr effizientes Sp\u00fclen.<br \/>Messingkolbenstangenf\u00fchrung f\u00fcr eine verl\u00e4ngerte Lebensdauer.<br \/>Federunterst\u00fctzter obere Ventilschluss f\u00fcr einfacheres Ansaugen.<br \/>Doppelt gepr\u00fcfte Ventile mit vollem 38 mm (1 1\/2&#8243;) Durchmesser zur Verhinderung von R\u00fcckfluss.<br \/>Multi-Winkel-Auslass f\u00fcr gr\u00f6\u00dfere Installationsfreiheit.<br \/>Doppelt abgedichteter Basisstecker f\u00fcr Winterentw\u00e4sserung und einfachen Zugang zur Reinigung.<br \/>Zug\u00e4ngliche Montagepunkte f\u00fcr eine schnellere Installation ohne spezielle Werkzeuge.<br \/>Flexibles Lochmuster an der Basis f\u00fcr eine einfache Substitution mit den g\u00e4ngigsten Toiletten auf dem Markt. Anschluss \u00c3\u00b8 20 mm (3\/4&#8243;) Auslass \u00c3\u00b8 38 mm (1&#8243; 1\/2). 3 Jahre Garantie.<\/p>\n","protected":false},"excerpt":{"rendered":"<p>Toilette Johnson AquaT Manuell Komfort &#8211; Die Johnson AquaT Toilette verf\u00fcgt \u00fcber eine ergonomisch gestaltete, doppelt wirkende, selbstansaugende Handpumpe, die<\/p>\n","protected":false},"featured_media":5936591,"comment_status":"open","ping_status":"closed","template":"","meta":[],"product_brand":[3045],"product_cat":[1388],"product_tag":[],"class_list":{"0":"post-732821","1":"product","2":"type-product","3":"status-publish","4":"has-post-thumbnail","6":"product_brand-johnson-marine-de","7":"product_cat-marine-wcs","9":"first","10":"instock","11":"shipping-taxable","12":"purchasable","13":"product-type-simple"},"_links":{"self":[{"href":"https:\/\/stoic-curie.212-227-153-4.plesk.page\/de\/wp-json\/wp\/v2\/product\/732821","targetHints":{"allow":["GET"]}}],"collection":[{"href":"https:\/\/stoic-curie.212-227-153-4.plesk.page\/de\/wp-json\/wp\/v2\/product"}],"about":[{"href":"https:\/\/stoic-curie.212-227-153-4.plesk.page\/de\/wp-json\/wp\/v2\/types\/product"}],"replies":[{"embeddable":true,"href":"https:\/\/stoic-curie.212-227-153-4.plesk.page\/de\/wp-json\/wp\/v2\/comments?post=732821"}],"version-history":[{"count":0,"href":"https:\/\/stoic-curie.212-227-153-4.plesk.page\/de\/wp-json\/wp\/v2\/product\/732821\/revisions"}],"wp:featuredmedia":[{"embeddable":true,"href":"https:\/\/stoic-curie.212-227-153-4.plesk.page\/de\/wp-json\/wp\/v2\/media\/5936591"}],"wp:attachment":[{"href":"https:\/\/stoic-curie.212-227-153-4.plesk.page\/de\/wp-json\/wp\/v2\/media?parent=732821"}],"wp:term":[{"taxonomy":"product_brand","embeddable":true,"href":"https:\/\/stoic-curie.212-227-153-4.plesk.page\/de\/wp-json\/wp\/v2\/product_brand?post=732821"},{"taxonomy":"product_cat","embeddable":true,"href":"https:\/\/stoic-curie.212-227-153-4.plesk.page\/de\/wp-json\/wp\/v2\/product_cat?post=732821"},{"taxonomy":"product_tag","embeddable":true,"href":"https:\/\/stoic-curie.212-227-153-4.plesk.page\/de\/wp-json\/wp\/v2\/product_tag?post=732821"}],"curies":[{"name":"wp","href":"https:\/\/api.w.org\/{rel}","templated":true}]}}