{"id":732830,"date":"2025-03-03T16:17:12","date_gmt":"2025-03-03T15:17:12","guid":{"rendered":"https:\/\/stoic-curie.212-227-153-4.plesk.page\/producto\/rollo-fuer-luken-600x760mm\/"},"modified":"2026-02-24T23:34:37","modified_gmt":"2026-02-24T23:34:37","slug":"rollo-fuer-luken-600x760mm","status":"publish","type":"product","link":"https:\/\/stoic-curie.212-227-153-4.plesk.page\/de\/product\/rollo-fuer-luken-600x760mm\/","title":{"rendered":"Rollo f\u00fcr Luken 600x760mm"},"content":{"rendered":"<p>Rollo f\u00fcr Luken 600x760mm &#8211; <\/p>\n<p>Privatsph\u00e4revorh\u00e4nge bei Sonnenuntergang mit einem wei\u00dfen lackierten Edelstahlrahmen und Edelstahlfedern. Silberpulverbeschichtete Polyesterleinwand, um Sonnenstrahlen zu reflektieren. Einfach an Klappen und Bullaugen zu montieren.<\/p>\n","protected":false},"excerpt":{"rendered":"<p>Rollo f\u00fcr Luken 600x760mm &#8211; Privatsph\u00e4revorh\u00e4nge bei Sonnenuntergang mit einem wei\u00dfen lackierten Edelstahlrahmen und Edelstahlfedern. Silberpulverbeschichtete Polyesterleinwand, um Sonnenstrahlen zu<\/p>\n","protected":false},"featured_media":5936608,"comment_status":"open","ping_status":"closed","template":"","meta":[],"product_brand":[3165],"product_cat":[1415],"product_tag":[],"class_list":{"0":"post-732830","1":"product","2":"type-product","3":"status-publish","4":"has-post-thumbnail","6":"product_brand-nautica-f4-de","7":"product_cat-bootsluken","9":"first","10":"instock","11":"shipping-taxable","12":"purchasable","13":"product-type-simple"},"_links":{"self":[{"href":"https:\/\/stoic-curie.212-227-153-4.plesk.page\/de\/wp-json\/wp\/v2\/product\/732830","targetHints":{"allow":["GET"]}}],"collection":[{"href":"https:\/\/stoic-curie.212-227-153-4.plesk.page\/de\/wp-json\/wp\/v2\/product"}],"about":[{"href":"https:\/\/stoic-curie.212-227-153-4.plesk.page\/de\/wp-json\/wp\/v2\/types\/product"}],"replies":[{"embeddable":true,"href":"https:\/\/stoic-curie.212-227-153-4.plesk.page\/de\/wp-json\/wp\/v2\/comments?post=732830"}],"version-history":[{"count":0,"href":"https:\/\/stoic-curie.212-227-153-4.plesk.page\/de\/wp-json\/wp\/v2\/product\/732830\/revisions"}],"wp:featuredmedia":[{"embeddable":true,"href":"https:\/\/stoic-curie.212-227-153-4.plesk.page\/de\/wp-json\/wp\/v2\/media\/5936608"}],"wp:attachment":[{"href":"https:\/\/stoic-curie.212-227-153-4.plesk.page\/de\/wp-json\/wp\/v2\/media?parent=732830"}],"wp:term":[{"taxonomy":"product_brand","embeddable":true,"href":"https:\/\/stoic-curie.212-227-153-4.plesk.page\/de\/wp-json\/wp\/v2\/product_brand?post=732830"},{"taxonomy":"product_cat","embeddable":true,"href":"https:\/\/stoic-curie.212-227-153-4.plesk.page\/de\/wp-json\/wp\/v2\/product_cat?post=732830"},{"taxonomy":"product_tag","embeddable":true,"href":"https:\/\/stoic-curie.212-227-153-4.plesk.page\/de\/wp-json\/wp\/v2\/product_tag?post=732830"}],"curies":[{"name":"wp","href":"https:\/\/api.w.org\/{rel}","templated":true}]}}