{"id":732843,"date":"2025-03-03T16:17:14","date_gmt":"2025-03-03T15:17:14","guid":{"rendered":"https:\/\/stoic-curie.212-227-153-4.plesk.page\/producto\/uflex-gasfeder-lifts-l275-hub-100-last-20-kg-edelstahl\/"},"modified":"2026-02-24T23:34:37","modified_gmt":"2026-02-24T23:34:37","slug":"uflex-gasfeder-lifts-l275-hub-100-last-20-kg-edelstahl","status":"publish","type":"product","link":"https:\/\/stoic-curie.212-227-153-4.plesk.page\/de\/product\/uflex-gasfeder-lifts-l275-hub-100-last-20-kg-edelstahl\/","title":{"rendered":"Uflex Gasfeder-Lifts L275 Hub 100 Last 20 kg Edelstahl"},"content":{"rendered":"<p>Uflex Gasfeder-Lifts L275 Hub 100 Last 20 kg Edelstahl &#8211; <\/p>\n<p>Hochwertige Gasdruckfedern, die speziell f\u00fcr das sanfte und einfache \u00d6ffnen von Decksluken und Motorraumklappen entwickelt wurden. Geh\u00e4use und Welle aus rostfreiem Stahl.<\/p>\n","protected":false},"excerpt":{"rendered":"<p>Uflex Gasfeder-Lifts L275 Hub 100 Last 20 kg Edelstahl &#8211; Hochwertige Gasdruckfedern, die speziell f\u00fcr das sanfte und einfache \u00d6ffnen<\/p>\n","protected":false},"featured_media":2905743,"comment_status":"open","ping_status":"closed","template":"","meta":[],"product_brand":[2169,3500],"product_cat":[1401],"product_tag":[],"class_list":{"0":"post-732843","1":"product","2":"type-product","3":"status-publish","4":"has-post-thumbnail","6":"product_brand-ultraflex-uflex","7":"product_brand-ultraflex-uflex-de","8":"product_cat-gasdruckfedern-fuer-luken","10":"first","11":"instock","12":"shipping-taxable","13":"purchasable","14":"product-type-simple"},"_links":{"self":[{"href":"https:\/\/stoic-curie.212-227-153-4.plesk.page\/de\/wp-json\/wp\/v2\/product\/732843","targetHints":{"allow":["GET"]}}],"collection":[{"href":"https:\/\/stoic-curie.212-227-153-4.plesk.page\/de\/wp-json\/wp\/v2\/product"}],"about":[{"href":"https:\/\/stoic-curie.212-227-153-4.plesk.page\/de\/wp-json\/wp\/v2\/types\/product"}],"replies":[{"embeddable":true,"href":"https:\/\/stoic-curie.212-227-153-4.plesk.page\/de\/wp-json\/wp\/v2\/comments?post=732843"}],"version-history":[{"count":0,"href":"https:\/\/stoic-curie.212-227-153-4.plesk.page\/de\/wp-json\/wp\/v2\/product\/732843\/revisions"}],"wp:featuredmedia":[{"embeddable":true,"href":"https:\/\/stoic-curie.212-227-153-4.plesk.page\/de\/wp-json\/"}],"wp:attachment":[{"href":"https:\/\/stoic-curie.212-227-153-4.plesk.page\/de\/wp-json\/wp\/v2\/media?parent=732843"}],"wp:term":[{"taxonomy":"product_brand","embeddable":true,"href":"https:\/\/stoic-curie.212-227-153-4.plesk.page\/de\/wp-json\/wp\/v2\/product_brand?post=732843"},{"taxonomy":"product_cat","embeddable":true,"href":"https:\/\/stoic-curie.212-227-153-4.plesk.page\/de\/wp-json\/wp\/v2\/product_cat?post=732843"},{"taxonomy":"product_tag","embeddable":true,"href":"https:\/\/stoic-curie.212-227-153-4.plesk.page\/de\/wp-json\/wp\/v2\/product_tag?post=732843"}],"curies":[{"name":"wp","href":"https:\/\/api.w.org\/{rel}","templated":true}]}}