{"id":732853,"date":"2025-03-03T16:17:16","date_gmt":"2025-03-03T15:17:16","guid":{"rendered":"https:\/\/stoic-curie.212-227-153-4.plesk.page\/producto\/saralon-luken-jba-525-x-525mm\/"},"modified":"2026-02-24T23:34:37","modified_gmt":"2026-02-24T23:34:37","slug":"saralon-luken-jba-525-x-525mm","status":"publish","type":"product","link":"https:\/\/stoic-curie.212-227-153-4.plesk.page\/de\/product\/saralon-luken-jba-525-x-525mm\/","title":{"rendered":"Saralon Luken JBA 525 x 525mm"},"content":{"rendered":"<p>Saralon Luken JBA 525 x 525mm &#8211; <\/p>\n<p style=\"color: rgb(34, 34, 34); font-family: Arial, Helvetica, sans-serif; font-size: small;\">Wir freuen uns, die Jim Black Marine-Hauben vorzustellen, die sorgf\u00e4ltig mit einem starken Fokus auf Praktikabilit\u00e4t, \u00c4sthetik und dauerhafte Leistung entworfen wurden. Diese Hauben bestehen aus einem \u00e4u\u00dferst langlebigen Saralon-Polypropylenharzrahmen, der so konstruiert ist, dass er extremen Wetterbedingungen, St\u00f6\u00dfen, L\u00f6sungsmitteln und UV-Strahlung standh\u00e4lt. Zur Erh\u00f6hung der Sicherheit sind alle Hauben mit externen Griffen ausgestattet, um Notausg\u00e4nge zu erleichtern.<\/p>\n<p style=\"color: rgb(34, 34, 34); font-family: Arial, Helvetica, sans-serif; font-size: small;\">Jede Einheit ist mit einer wannenartigen, bruchsicheren Linse ausgestattet, die gegen St\u00f6\u00dfe und Kratzer resistent ist und optimale Sicht gew\u00e4hrleistet. Dar\u00fcber hinaus wird jede Haube mit einem Verkleidungsglied geliefert und hat eine Deckh\u00f6he von 28 mm.<\/p>\n<p style=\"color: rgb(34, 34, 34); font-family: Arial, Helvetica, sans-serif; font-size: small;\"><strong>Hervorgehobene Merkmale:<\/strong><\/p>\n<ul style=\"color: rgb(34, 34, 34); font-family: Arial, Helvetica, sans-serif; font-size: small;\">\n<li><strong>Materialien<\/strong>: Hergestellt aus glasfaserverst\u00e4rktem Polypropylen und UV-stabilisiertem Saralonharz.<\/li>\n<li><strong>Wasserbest\u00e4ndigkeit<\/strong>: Diese Hauben sind so konzipiert, dass sie wasserdicht sind und \u00fcber eine robuste Dichtung verf\u00fcgen, um das Eindringen von Wasser zu verhindern.<\/li>\n<li><strong>St\u00e4rke<\/strong>: Entwickelt f\u00fcr Langlebigkeit, enthalten die Jim Black-Hauben eine hohle Kernabdichtung f\u00fcr verbesserte Haltbarkeit.<\/li>\n<li><strong>Wetterbest\u00e4ndigkeit<\/strong>: Perfekt f\u00fcr stark frequentierte Umgebungen, sind diese Hauben ideal f\u00fcr trockene Lagerung sowie f\u00fcr den Zugang zu Sanit\u00e4r- und Elektrosystemen.<\/li>\n<\/ul>\n<p style=\"color: rgb(34, 34, 34); font-family: Arial, Helvetica, sans-serif; font-size: small;\"><strong>Zus\u00e4tzliche Details:<\/strong><\/p>\n<ul style=\"color: rgb(34, 34, 34); font-family: Arial, Helvetica, sans-serif; font-size: small;\">\n<li>UV-stabiler Kunststoffharz<\/li>\n<li>Chemikalienbest\u00e4ndig<\/li>\n<li>2&#8243; Hohlraumdichtung mit 0,500 Quetschung f\u00fcr \u00fcberlegene Wasserbest\u00e4ndigkeit<\/li>\n<li>1\/4&#8243; Sicherheitsglas f\u00fcr St\u00e4rke, Klarheit und Chemikalienbest\u00e4ndigkeit<\/li>\n<li>Passendes Verkleidungsring<\/li>\n<li>CE-zertifiziert<\/li>\n<li>Externe Griffe f\u00fcr Notausg\u00e4nge<\/li>\n<\/ul>\n<p style=\"color: rgb(34, 34, 34); font-family: Arial, Helvetica, sans-serif; font-size: small;\">W\u00e4hlen Sie die Jim Black Marine-Hauben f\u00fcr eine zuverl\u00e4ssige und elegante L\u00f6sung f\u00fcr Ihre maritimen Bed\u00fcrfnisse.<\/p>\n","protected":false},"excerpt":{"rendered":"<p>Saralon Luken JBA 525 x 525mm &#8211; Wir freuen uns, die Jim Black Marine-Hauben vorzustellen, die sorgf\u00e4ltig mit einem starken<\/p>\n","protected":false},"featured_media":5936586,"comment_status":"open","ping_status":"closed","template":"","meta":[],"product_brand":[3035],"product_cat":[1415],"product_tag":[],"class_list":{"0":"post-732853","1":"product","2":"type-product","3":"status-publish","4":"has-post-thumbnail","6":"product_brand-jba-marine-de","7":"product_cat-bootsluken","9":"first","10":"instock","11":"shipping-taxable","12":"purchasable","13":"product-type-simple"},"_links":{"self":[{"href":"https:\/\/stoic-curie.212-227-153-4.plesk.page\/de\/wp-json\/wp\/v2\/product\/732853","targetHints":{"allow":["GET"]}}],"collection":[{"href":"https:\/\/stoic-curie.212-227-153-4.plesk.page\/de\/wp-json\/wp\/v2\/product"}],"about":[{"href":"https:\/\/stoic-curie.212-227-153-4.plesk.page\/de\/wp-json\/wp\/v2\/types\/product"}],"replies":[{"embeddable":true,"href":"https:\/\/stoic-curie.212-227-153-4.plesk.page\/de\/wp-json\/wp\/v2\/comments?post=732853"}],"version-history":[{"count":0,"href":"https:\/\/stoic-curie.212-227-153-4.plesk.page\/de\/wp-json\/wp\/v2\/product\/732853\/revisions"}],"wp:featuredmedia":[{"embeddable":true,"href":"https:\/\/stoic-curie.212-227-153-4.plesk.page\/de\/wp-json\/wp\/v2\/media\/5936586"}],"wp:attachment":[{"href":"https:\/\/stoic-curie.212-227-153-4.plesk.page\/de\/wp-json\/wp\/v2\/media?parent=732853"}],"wp:term":[{"taxonomy":"product_brand","embeddable":true,"href":"https:\/\/stoic-curie.212-227-153-4.plesk.page\/de\/wp-json\/wp\/v2\/product_brand?post=732853"},{"taxonomy":"product_cat","embeddable":true,"href":"https:\/\/stoic-curie.212-227-153-4.plesk.page\/de\/wp-json\/wp\/v2\/product_cat?post=732853"},{"taxonomy":"product_tag","embeddable":true,"href":"https:\/\/stoic-curie.212-227-153-4.plesk.page\/de\/wp-json\/wp\/v2\/product_tag?post=732853"}],"curies":[{"name":"wp","href":"https:\/\/api.w.org\/{rel}","templated":true}]}}