{"id":732858,"date":"2025-03-03T16:17:17","date_gmt":"2025-03-03T15:17:17","guid":{"rendered":"https:\/\/stoic-curie.212-227-153-4.plesk.page\/producto\/kuehlschrank-vitrifrigo-c50i-50lt-12-24v\/"},"modified":"2026-02-24T23:34:37","modified_gmt":"2026-02-24T23:34:37","slug":"kuehlschrank-vitrifrigo-c50i-50lt-12-24v","status":"publish","type":"product","link":"https:\/\/stoic-curie.212-227-153-4.plesk.page\/de\/product\/kuehlschrank-vitrifrigo-c50i-50lt-12-24v\/","title":{"rendered":"K\u00fchlschrank Vitrifrigo C50i"},"content":{"rendered":"<p>K\u00fchlschrank Vitrifrigo C50i &#8211; <\/p>\n<p style=\"color: rgb(34, 34, 34); font-family: Arial, Helvetica, sans-serif; font-size: small;\">Wir stellen Ihnen den C50i Airlock K\u00fchlschrank mit Gefrierfach in Grau von Vitrifrigo vor. Dieser K\u00fchlschrank arbeitet mit einer internen Danfoss-K\u00fchlungseinheit, die f\u00fcr 12\/24V ausgelegt ist, und verf\u00fcgt \u00fcber eine umkehrbare T\u00fcr, die in eine Bel\u00fcftungsposition eingestellt werden kann, wenn sie nicht in Gebrauch ist. Er ist mit einer LED-Beleuchtung und einem mechanischen Thermostat ausgestattet, um eine einfache Temperaturregelung zu erm\u00f6glichen.<\/p>\n<p style=\"color: rgb(34, 34, 34); font-family: Arial, Helvetica, sans-serif; font-size: small;\">Als Teil der Airlock-Serie hat der C50i K\u00fchlschrank-Gefrierschrank ein Gesamtvolumen von 51 Litern, mit einem optionalen Gefrierfach von 3,6 Litern. Dieses Produkt ist mit einer internen K\u00fchlelementeinheit ausgestattet und umfasst mehrere wichtige Funktionen in der T\u00fcr.<\/p>\n<p style=\"color: rgb(34, 34, 34); font-family: Arial, Helvetica, sans-serif; font-size: small;\">Der K\u00fchlschrank-Gefrierschrank kann in Grau verkleidet werden und beinhaltet einen Snap-Lock-Mechanismus, um unbeabsichtigtes \u00d6ffnen zu verhindern. Dar\u00fcber hinaus verf\u00fcgt er \u00fcber eine einzigartige &#8220;Bel\u00fcftungsposition&#8221;, die ein kleines \u00d6ffnen w\u00e4hrend Zeiten der Nichtbenutzung erm\u00f6glicht, um unangenehme Ger\u00fcche und Schimmel zu verhindern.<\/p>\n<p style=\"color: rgb(34, 34, 34); font-family: Arial, Helvetica, sans-serif; font-size: small;\"><strong>Technische Daten:<\/strong><\/p>\n<ul style=\"color: rgb(34, 34, 34); font-family: Arial, Helvetica, sans-serif; font-size: small;\">\n<li><strong>T\u00fcrfinish:<\/strong> Laminat<\/li>\n<li><strong>Kapazit\u00e4t:<\/strong> 50,00 Liter<\/li>\n<li><strong>H\u00f6he:<\/strong> 636 mm<\/li>\n<li><strong>L\u00e4nge:<\/strong> 396 mm<\/li>\n<li><strong>Tiefe:<\/strong> 415 mm<\/li>\n<li><strong>Serie:<\/strong> AIRLOCK<\/li>\n<li><strong>Umkehrbare T\u00fcr:<\/strong> Ja<\/li>\n<li><strong>Thermostat:<\/strong> Mechanisch<\/li>\n<li><strong>K\u00fchltechnologie:<\/strong> Kompressor<\/li>\n<li><strong>K\u00fchleinheit:<\/strong> Intern<\/li>\n<li><strong>T\u00fcr\u00f6ffnung:<\/strong> Einzelne Frontt\u00fcr<\/li>\n<li><strong>Spannung:<\/strong> 12\/24 VDC<\/li>\n<\/ul>\n<p style=\"color: rgb(34, 34, 34); font-family: Arial, Helvetica, sans-serif; font-size: small;\">Dieser K\u00fchlschrank-Gefrierschrank ist eine ausgezeichnete Wahl f\u00fcr Bootsliebhaber, die zuverl\u00e4ssige und effiziente K\u00fchlungsl\u00f6sungen suchen.<\/p>\n","protected":false},"excerpt":{"rendered":"<p>K\u00fchlschrank Vitrifrigo C50i &#8211; Wir stellen Ihnen den C50i Airlock K\u00fchlschrank mit Gefrierfach in Grau von Vitrifrigo vor. Dieser K\u00fchlschrank<\/p>\n","protected":false},"featured_media":5936641,"comment_status":"open","ping_status":"closed","template":"","meta":[],"product_brand":[3525],"product_cat":[1464],"product_tag":[],"class_list":{"0":"post-732858","1":"product","2":"type-product","3":"status-publish","4":"has-post-thumbnail","6":"product_brand-vitrifrigo-de","7":"product_cat-kuehlschraenke-und-gefriertruhen","9":"first","10":"instock","11":"shipping-taxable","12":"purchasable","13":"product-type-simple"},"_links":{"self":[{"href":"https:\/\/stoic-curie.212-227-153-4.plesk.page\/de\/wp-json\/wp\/v2\/product\/732858","targetHints":{"allow":["GET"]}}],"collection":[{"href":"https:\/\/stoic-curie.212-227-153-4.plesk.page\/de\/wp-json\/wp\/v2\/product"}],"about":[{"href":"https:\/\/stoic-curie.212-227-153-4.plesk.page\/de\/wp-json\/wp\/v2\/types\/product"}],"replies":[{"embeddable":true,"href":"https:\/\/stoic-curie.212-227-153-4.plesk.page\/de\/wp-json\/wp\/v2\/comments?post=732858"}],"version-history":[{"count":0,"href":"https:\/\/stoic-curie.212-227-153-4.plesk.page\/de\/wp-json\/wp\/v2\/product\/732858\/revisions"}],"wp:featuredmedia":[{"embeddable":true,"href":"https:\/\/stoic-curie.212-227-153-4.plesk.page\/de\/wp-json\/wp\/v2\/media\/5936641"}],"wp:attachment":[{"href":"https:\/\/stoic-curie.212-227-153-4.plesk.page\/de\/wp-json\/wp\/v2\/media?parent=732858"}],"wp:term":[{"taxonomy":"product_brand","embeddable":true,"href":"https:\/\/stoic-curie.212-227-153-4.plesk.page\/de\/wp-json\/wp\/v2\/product_brand?post=732858"},{"taxonomy":"product_cat","embeddable":true,"href":"https:\/\/stoic-curie.212-227-153-4.plesk.page\/de\/wp-json\/wp\/v2\/product_cat?post=732858"},{"taxonomy":"product_tag","embeddable":true,"href":"https:\/\/stoic-curie.212-227-153-4.plesk.page\/de\/wp-json\/wp\/v2\/product_tag?post=732858"}],"curies":[{"name":"wp","href":"https:\/\/api.w.org\/{rel}","templated":true}]}}