{"id":732874,"date":"2025-03-03T16:17:19","date_gmt":"2025-03-03T15:17:19","guid":{"rendered":"https:\/\/stoic-curie.212-227-153-4.plesk.page\/producto\/antal-einhand-winschkurbel-250-mm\/"},"modified":"2026-02-24T23:34:37","modified_gmt":"2026-02-24T23:34:37","slug":"antal-einhand-winschkurbel-250-mm","status":"publish","type":"product","link":"https:\/\/stoic-curie.212-227-153-4.plesk.page\/de\/product\/antal-einhand-winschkurbel-250-mm\/","title":{"rendered":"Antal Einhand-Winschkurbel 250 mm"},"content":{"rendered":"<p>Antal Einhand-Winschkurbel 250 mm &#8211; <\/p>\n<p>200 und 250 mm (8\/10&#8243;) schwarze Aluminium-Einhandgriffe. Der Griffarm besteht aus geschmiedetem Aluminium mit Entlastungsbohrungen und ist extrem leicht. Er widersteht der schwersten Torsion. Der Griff ist mit Gummi beschichtet, um einen festen Halt zu gew\u00e4hrleisten und l\u00e4uft auf zwei Kugellagern, um die Effizienz zu steigern. Alle Modelle sind mit einem Schlie\u00dfsystem erh\u00e4ltlich, das den Griff automatisch an der Winde verriegelt.<\/p>\n","protected":false},"excerpt":{"rendered":"<p>Antal Einhand-Winschkurbel 250 mm &#8211; 200 und 250 mm (8\/10&#8243;) schwarze Aluminium-Einhandgriffe. Der Griffarm besteht aus geschmiedetem Aluminium mit Entlastungsbohrungen<\/p>\n","protected":false},"featured_media":5936668,"comment_status":"open","ping_status":"closed","template":"","meta":[],"product_brand":[2785],"product_cat":[1486],"product_tag":[],"class_list":{"0":"post-732874","1":"product","2":"type-product","3":"status-publish","4":"has-post-thumbnail","6":"product_brand-antal-de","7":"product_cat-antal-winden","9":"first","10":"instock","11":"shipping-taxable","12":"purchasable","13":"product-type-simple"},"_links":{"self":[{"href":"https:\/\/stoic-curie.212-227-153-4.plesk.page\/de\/wp-json\/wp\/v2\/product\/732874","targetHints":{"allow":["GET"]}}],"collection":[{"href":"https:\/\/stoic-curie.212-227-153-4.plesk.page\/de\/wp-json\/wp\/v2\/product"}],"about":[{"href":"https:\/\/stoic-curie.212-227-153-4.plesk.page\/de\/wp-json\/wp\/v2\/types\/product"}],"replies":[{"embeddable":true,"href":"https:\/\/stoic-curie.212-227-153-4.plesk.page\/de\/wp-json\/wp\/v2\/comments?post=732874"}],"version-history":[{"count":0,"href":"https:\/\/stoic-curie.212-227-153-4.plesk.page\/de\/wp-json\/wp\/v2\/product\/732874\/revisions"}],"wp:featuredmedia":[{"embeddable":true,"href":"https:\/\/stoic-curie.212-227-153-4.plesk.page\/de\/wp-json\/wp\/v2\/media\/5936668"}],"wp:attachment":[{"href":"https:\/\/stoic-curie.212-227-153-4.plesk.page\/de\/wp-json\/wp\/v2\/media?parent=732874"}],"wp:term":[{"taxonomy":"product_brand","embeddable":true,"href":"https:\/\/stoic-curie.212-227-153-4.plesk.page\/de\/wp-json\/wp\/v2\/product_brand?post=732874"},{"taxonomy":"product_cat","embeddable":true,"href":"https:\/\/stoic-curie.212-227-153-4.plesk.page\/de\/wp-json\/wp\/v2\/product_cat?post=732874"},{"taxonomy":"product_tag","embeddable":true,"href":"https:\/\/stoic-curie.212-227-153-4.plesk.page\/de\/wp-json\/wp\/v2\/product_tag?post=732874"}],"curies":[{"name":"wp","href":"https:\/\/api.w.org\/{rel}","templated":true}]}}