{"id":732890,"date":"2025-03-03T16:17:22","date_gmt":"2025-03-03T15:17:22","guid":{"rendered":"https:\/\/stoic-curie.212-227-153-4.plesk.page\/producto\/zentrifugale-geblaese-ocean-24v-1000-m3-stunde\/"},"modified":"2026-02-24T23:34:37","modified_gmt":"2026-02-24T23:34:37","slug":"zentrifugale-geblaese-ocean-24v-1000-m3-stunde","status":"publish","type":"product","link":"https:\/\/stoic-curie.212-227-153-4.plesk.page\/de\/product\/zentrifugale-geblaese-ocean-24v-1000-m3-stunde\/","title":{"rendered":"Zentrifugale Gebl\u00e4se Ocean 24V (1000 m3 \/ Stunde)"},"content":{"rendered":"<p>Zentrifugale Gebl\u00e4se Ocean 24V (1000 m3 \/ Stunde) &#8211; <\/p>\n<p>Hochwertige Dauerbetriebs-B\u00fcgelmontage-Zentrifugalbl\u00e4ser f\u00fcr Maschinenr\u00e4ume und Bilgen. Verst\u00e4rktes ABS-Geh\u00e4use und wasserdichter Motor. Halterungsbasis. CE-zertifiziert gem\u00e4\u00df den Standards ISO 9097 Marine\/ISO 8846\/ISO 10133\/EN 55014 und N.M.M.A USCG 183.410 Regeln.<\/p>\n","protected":false},"excerpt":{"rendered":"<p>Zentrifugale Gebl\u00e4se Ocean 24V (1000 m3 \/ Stunde) &#8211; Hochwertige Dauerbetriebs-B\u00fcgelmontage-Zentrifugalbl\u00e4ser f\u00fcr Maschinenr\u00e4ume und Bilgen. Verst\u00e4rktes ABS-Geh\u00e4use und wasserdichter Motor.<\/p>\n","protected":false},"featured_media":5936680,"comment_status":"open","ping_status":"closed","template":"","meta":[],"product_brand":[3140],"product_cat":[1445,1539],"product_tag":[],"class_list":{"0":"post-732890","1":"product","2":"type-product","3":"status-publish","4":"has-post-thumbnail","6":"product_brand-matromarine-de","7":"product_cat-bilgengeblaese","8":"product_cat-motorlueftungssysteme","10":"first","11":"instock","12":"shipping-taxable","13":"purchasable","14":"product-type-simple"},"_links":{"self":[{"href":"https:\/\/stoic-curie.212-227-153-4.plesk.page\/de\/wp-json\/wp\/v2\/product\/732890","targetHints":{"allow":["GET"]}}],"collection":[{"href":"https:\/\/stoic-curie.212-227-153-4.plesk.page\/de\/wp-json\/wp\/v2\/product"}],"about":[{"href":"https:\/\/stoic-curie.212-227-153-4.plesk.page\/de\/wp-json\/wp\/v2\/types\/product"}],"replies":[{"embeddable":true,"href":"https:\/\/stoic-curie.212-227-153-4.plesk.page\/de\/wp-json\/wp\/v2\/comments?post=732890"}],"version-history":[{"count":0,"href":"https:\/\/stoic-curie.212-227-153-4.plesk.page\/de\/wp-json\/wp\/v2\/product\/732890\/revisions"}],"wp:featuredmedia":[{"embeddable":true,"href":"https:\/\/stoic-curie.212-227-153-4.plesk.page\/de\/wp-json\/wp\/v2\/media\/5936680"}],"wp:attachment":[{"href":"https:\/\/stoic-curie.212-227-153-4.plesk.page\/de\/wp-json\/wp\/v2\/media?parent=732890"}],"wp:term":[{"taxonomy":"product_brand","embeddable":true,"href":"https:\/\/stoic-curie.212-227-153-4.plesk.page\/de\/wp-json\/wp\/v2\/product_brand?post=732890"},{"taxonomy":"product_cat","embeddable":true,"href":"https:\/\/stoic-curie.212-227-153-4.plesk.page\/de\/wp-json\/wp\/v2\/product_cat?post=732890"},{"taxonomy":"product_tag","embeddable":true,"href":"https:\/\/stoic-curie.212-227-153-4.plesk.page\/de\/wp-json\/wp\/v2\/product_tag?post=732890"}],"curies":[{"name":"wp","href":"https:\/\/api.w.org\/{rel}","templated":true}]}}