{"id":732891,"date":"2025-03-03T16:17:22","date_gmt":"2025-03-03T15:17:22","guid":{"rendered":"https:\/\/stoic-curie.212-227-153-4.plesk.page\/producto\/manuelle-marine-toilette-jabsco-twist-lock\/"},"modified":"2026-02-24T23:34:37","modified_gmt":"2026-02-24T23:34:37","slug":"manuelle-marine-toilette-jabsco-twist-lock","status":"publish","type":"product","link":"https:\/\/stoic-curie.212-227-153-4.plesk.page\/de\/product\/manuelle-marine-toilette-jabsco-twist-lock\/","title":{"rendered":"Manuelle Marine-Toilette Jabsco Twist &#038; Lock"},"content":{"rendered":"<p>Manuelle Marine-Toilette Jabsco Twist &#038; Lock &#8211; <\/p>\n<p>Jabsco Kompakt-Toilettenpumpen mit manuellem Betrieb und Twist &#038; Lock-System, das die R\u00fcckf\u00fchrung von Abfall vermeidet und f\u00fcr \u00fcberlegene Sicherheit und Komfort an Bord sorgt. Anschlussschlauch \u00d8 20 mm (3\/4 Zoll), Auslass \u00d8 38 mm (1 Zoll 1\/2).<\/p>\n","protected":false},"excerpt":{"rendered":"<p>Manuelle Marine-Toilette Jabsco Twist &#038; Lock &#8211; Jabsco Kompakt-Toilettenpumpen mit manuellem Betrieb und Twist &#038; Lock-System, das die R\u00fcckf\u00fchrung von<\/p>\n","protected":false},"featured_media":5936690,"comment_status":"open","ping_status":"closed","template":"","meta":[],"product_brand":[3030],"product_cat":[1388],"product_tag":[],"class_list":{"0":"post-732891","1":"product","2":"type-product","3":"status-publish","4":"has-post-thumbnail","6":"product_brand-jabsco-marine-de","7":"product_cat-marine-wcs","9":"first","10":"instock","11":"shipping-taxable","12":"purchasable","13":"product-type-simple"},"_links":{"self":[{"href":"https:\/\/stoic-curie.212-227-153-4.plesk.page\/de\/wp-json\/wp\/v2\/product\/732891","targetHints":{"allow":["GET"]}}],"collection":[{"href":"https:\/\/stoic-curie.212-227-153-4.plesk.page\/de\/wp-json\/wp\/v2\/product"}],"about":[{"href":"https:\/\/stoic-curie.212-227-153-4.plesk.page\/de\/wp-json\/wp\/v2\/types\/product"}],"replies":[{"embeddable":true,"href":"https:\/\/stoic-curie.212-227-153-4.plesk.page\/de\/wp-json\/wp\/v2\/comments?post=732891"}],"version-history":[{"count":0,"href":"https:\/\/stoic-curie.212-227-153-4.plesk.page\/de\/wp-json\/wp\/v2\/product\/732891\/revisions"}],"wp:featuredmedia":[{"embeddable":true,"href":"https:\/\/stoic-curie.212-227-153-4.plesk.page\/de\/wp-json\/wp\/v2\/media\/5936690"}],"wp:attachment":[{"href":"https:\/\/stoic-curie.212-227-153-4.plesk.page\/de\/wp-json\/wp\/v2\/media?parent=732891"}],"wp:term":[{"taxonomy":"product_brand","embeddable":true,"href":"https:\/\/stoic-curie.212-227-153-4.plesk.page\/de\/wp-json\/wp\/v2\/product_brand?post=732891"},{"taxonomy":"product_cat","embeddable":true,"href":"https:\/\/stoic-curie.212-227-153-4.plesk.page\/de\/wp-json\/wp\/v2\/product_cat?post=732891"},{"taxonomy":"product_tag","embeddable":true,"href":"https:\/\/stoic-curie.212-227-153-4.plesk.page\/de\/wp-json\/wp\/v2\/product_tag?post=732891"}],"curies":[{"name":"wp","href":"https:\/\/api.w.org\/{rel}","templated":true}]}}