{"id":732892,"date":"2025-03-03T16:17:23","date_gmt":"2025-03-03T15:17:23","guid":{"rendered":"https:\/\/stoic-curie.212-227-153-4.plesk.page\/producto\/automatische-rettungsweste-mit-geschirr-securmar-arkona-275n\/"},"modified":"2026-02-24T23:34:37","modified_gmt":"2026-02-24T23:34:37","slug":"automatische-rettungsweste-mit-geschirr-securmar-arkona-275n","status":"publish","type":"product","link":"https:\/\/stoic-curie.212-227-153-4.plesk.page\/de\/product\/automatische-rettungsweste-mit-geschirr-securmar-arkona-275n\/","title":{"rendered":"Automatische Rettungsweste mit Geschirr Securmar Arkona 275N"},"content":{"rendered":"<p>Automatische Rettungsweste mit Geschirr Securmar Arkona 275N &#8211; <\/p>\n<p>Secumar 275N aufblasbare Schwimmweste, die gem\u00e4\u00df CE ISO 12402-2 f\u00fcr Freizeitboote ohne Einschr\u00e4nkungen zugelassen ist. Sehr d\u00fcnn und komfortabel, gew\u00e4hrleistet sie hohe Bewegungsfreiheit und au\u00dfergew\u00f6hnliche Auftriebskraft. Ausgestattet mit einem CE ISO12401-zertifizierten Sicherheitsgeschirr. Automatische UML-Aktivierung. Eine Gr\u00f6\u00dfe f\u00fcr K\u00f6rpergewichte \u00fcber 50 kg.<\/p>\n","protected":false},"excerpt":{"rendered":"<p>Automatische Rettungsweste mit Geschirr Securmar Arkona 275N &#8211; Secumar 275N aufblasbare Schwimmweste, die gem\u00e4\u00df CE ISO 12402-2 f\u00fcr Freizeitboote ohne<\/p>\n","protected":false},"featured_media":5936692,"comment_status":"open","ping_status":"closed","template":"","meta":[],"product_brand":[3365],"product_cat":[1314],"product_tag":[],"class_list":{"0":"post-732892","1":"product","2":"type-product","3":"status-publish","4":"has-post-thumbnail","6":"product_brand-securmar-de","7":"product_cat-zugelassene-rettungswesten","9":"first","10":"instock","11":"shipping-taxable","12":"purchasable","13":"product-type-simple"},"_links":{"self":[{"href":"https:\/\/stoic-curie.212-227-153-4.plesk.page\/de\/wp-json\/wp\/v2\/product\/732892","targetHints":{"allow":["GET"]}}],"collection":[{"href":"https:\/\/stoic-curie.212-227-153-4.plesk.page\/de\/wp-json\/wp\/v2\/product"}],"about":[{"href":"https:\/\/stoic-curie.212-227-153-4.plesk.page\/de\/wp-json\/wp\/v2\/types\/product"}],"replies":[{"embeddable":true,"href":"https:\/\/stoic-curie.212-227-153-4.plesk.page\/de\/wp-json\/wp\/v2\/comments?post=732892"}],"version-history":[{"count":0,"href":"https:\/\/stoic-curie.212-227-153-4.plesk.page\/de\/wp-json\/wp\/v2\/product\/732892\/revisions"}],"wp:featuredmedia":[{"embeddable":true,"href":"https:\/\/stoic-curie.212-227-153-4.plesk.page\/de\/wp-json\/wp\/v2\/media\/5936692"}],"wp:attachment":[{"href":"https:\/\/stoic-curie.212-227-153-4.plesk.page\/de\/wp-json\/wp\/v2\/media?parent=732892"}],"wp:term":[{"taxonomy":"product_brand","embeddable":true,"href":"https:\/\/stoic-curie.212-227-153-4.plesk.page\/de\/wp-json\/wp\/v2\/product_brand?post=732892"},{"taxonomy":"product_cat","embeddable":true,"href":"https:\/\/stoic-curie.212-227-153-4.plesk.page\/de\/wp-json\/wp\/v2\/product_cat?post=732892"},{"taxonomy":"product_tag","embeddable":true,"href":"https:\/\/stoic-curie.212-227-153-4.plesk.page\/de\/wp-json\/wp\/v2\/product_tag?post=732892"}],"curies":[{"name":"wp","href":"https:\/\/api.w.org\/{rel}","templated":true}]}}