{"id":732893,"date":"2025-03-03T16:17:23","date_gmt":"2025-03-03T15:17:23","guid":{"rendered":"https:\/\/stoic-curie.212-227-153-4.plesk.page\/producto\/absorptionsgranulat-fuer-oele-und-kraftstoffe-7-kg\/"},"modified":"2026-02-24T23:34:37","modified_gmt":"2026-02-24T23:34:37","slug":"absorptionsgranulat-fuer-oele-und-kraftstoffe-7-kg","status":"publish","type":"product","link":"https:\/\/stoic-curie.212-227-153-4.plesk.page\/de\/product\/absorptionsgranulat-fuer-oele-und-kraftstoffe-7-kg\/","title":{"rendered":"Absorptionsgranulat f\u00fcr \u00d6le und Kraftstoffe, 7 kg"},"content":{"rendered":"<p>Absorptionsgranulat f\u00fcr \u00d6le und Kraftstoffe, 7 kg &#8211; <\/p>\n<p>Granuliertes Absorbiermittel, das speziell f\u00fcr rutschige Fl\u00fcssigkeiten wie \u00d6le und Kraftstoffe entwickelt wurde. Es sollte sofort auf \u00d6l- und Kraftstoffversch\u00fcttungen verstreut werden, um sichere Bedingungen auf Bootdecks, Werkstattb\u00f6den und Maschinenr\u00e4umen wiederherzustellen.<\/p>\n","protected":false},"excerpt":{"rendered":"<p>Absorptionsgranulat f\u00fcr \u00d6le und Kraftstoffe, 7 kg &#8211; Granuliertes Absorbiermittel, das speziell f\u00fcr rutschige Fl\u00fcssigkeiten wie \u00d6le und Kraftstoffe entwickelt<\/p>\n","protected":false},"featured_media":5936695,"comment_status":"open","ping_status":"closed","template":"","meta":[],"product_brand":[3400,2176],"product_cat":[1343,1344],"product_tag":[],"class_list":{"0":"post-732893","1":"product","2":"type-product","3":"status-publish","4":"has-post-thumbnail","6":"product_brand-silpar-tk-de","7":"product_brand-silpar-tk","8":"product_cat-oel-und-kraftstoffabsorber","9":"product_cat-werkzeuge-fuer-die-reinigung","11":"first","12":"instock","13":"shipping-taxable","14":"purchasable","15":"product-type-simple"},"_links":{"self":[{"href":"https:\/\/stoic-curie.212-227-153-4.plesk.page\/de\/wp-json\/wp\/v2\/product\/732893","targetHints":{"allow":["GET"]}}],"collection":[{"href":"https:\/\/stoic-curie.212-227-153-4.plesk.page\/de\/wp-json\/wp\/v2\/product"}],"about":[{"href":"https:\/\/stoic-curie.212-227-153-4.plesk.page\/de\/wp-json\/wp\/v2\/types\/product"}],"replies":[{"embeddable":true,"href":"https:\/\/stoic-curie.212-227-153-4.plesk.page\/de\/wp-json\/wp\/v2\/comments?post=732893"}],"version-history":[{"count":0,"href":"https:\/\/stoic-curie.212-227-153-4.plesk.page\/de\/wp-json\/wp\/v2\/product\/732893\/revisions"}],"wp:featuredmedia":[{"embeddable":true,"href":"https:\/\/stoic-curie.212-227-153-4.plesk.page\/de\/wp-json\/wp\/v2\/media\/5936695"}],"wp:attachment":[{"href":"https:\/\/stoic-curie.212-227-153-4.plesk.page\/de\/wp-json\/wp\/v2\/media?parent=732893"}],"wp:term":[{"taxonomy":"product_brand","embeddable":true,"href":"https:\/\/stoic-curie.212-227-153-4.plesk.page\/de\/wp-json\/wp\/v2\/product_brand?post=732893"},{"taxonomy":"product_cat","embeddable":true,"href":"https:\/\/stoic-curie.212-227-153-4.plesk.page\/de\/wp-json\/wp\/v2\/product_cat?post=732893"},{"taxonomy":"product_tag","embeddable":true,"href":"https:\/\/stoic-curie.212-227-153-4.plesk.page\/de\/wp-json\/wp\/v2\/product_tag?post=732893"}],"curies":[{"name":"wp","href":"https:\/\/api.w.org\/{rel}","templated":true}]}}