{"id":732895,"date":"2025-03-03T16:17:23","date_gmt":"2025-03-03T15:17:23","guid":{"rendered":"https:\/\/stoic-curie.212-227-153-4.plesk.page\/producto\/vorhaengeschloss-set-41-hardinox-master-key\/"},"modified":"2026-02-24T23:34:37","modified_gmt":"2026-02-24T23:34:37","slug":"vorhaengeschloss-set-41-hardinox-master-key","status":"publish","type":"product","link":"https:\/\/stoic-curie.212-227-153-4.plesk.page\/de\/product\/vorhaengeschloss-set-41-hardinox-master-key\/","title":{"rendered":"Vorh\u00e4ngeschloss-Set 4+1 Hardinox Master Key"},"content":{"rendered":"<p>Vorh\u00e4ngeschloss-Set 4+1 Hardinox Master Key &#8211; <\/p>\n<p>Set mit 5&#215;30 mm Hardinox Vorh\u00e4ngeschl\u00f6ssern (4 Standardvorh\u00e4ngeschl\u00f6sser + 1 langes Vorh\u00e4ngeschloss). Universalschl\u00fcssel f\u00fcr alle Vorh\u00e4ngeschl\u00f6sser, jeweils paarweise zu jedem Vorh\u00e4ngeschloss geliefert.<\/p>\n","protected":false},"excerpt":{"rendered":"<p>Vorh\u00e4ngeschloss-Set 4+1 Hardinox Master Key &#8211; Set mit 5&#215;30 mm Hardinox Vorh\u00e4ngeschl\u00f6ssern (4 Standardvorh\u00e4ngeschl\u00f6sser + 1 langes Vorh\u00e4ngeschloss). Universalschl\u00fcssel f\u00fcr<\/p>\n","protected":false},"featured_media":5936699,"comment_status":"open","ping_status":"closed","template":"","meta":[],"product_brand":[3135],"product_cat":[1399],"product_tag":[],"class_list":{"0":"post-732895","1":"product","2":"type-product","3":"status-publish","4":"has-post-thumbnail","6":"product_brand-masterlock-de","7":"product_cat-schloesser","9":"first","10":"instock","11":"shipping-taxable","12":"purchasable","13":"product-type-simple"},"_links":{"self":[{"href":"https:\/\/stoic-curie.212-227-153-4.plesk.page\/de\/wp-json\/wp\/v2\/product\/732895","targetHints":{"allow":["GET"]}}],"collection":[{"href":"https:\/\/stoic-curie.212-227-153-4.plesk.page\/de\/wp-json\/wp\/v2\/product"}],"about":[{"href":"https:\/\/stoic-curie.212-227-153-4.plesk.page\/de\/wp-json\/wp\/v2\/types\/product"}],"replies":[{"embeddable":true,"href":"https:\/\/stoic-curie.212-227-153-4.plesk.page\/de\/wp-json\/wp\/v2\/comments?post=732895"}],"version-history":[{"count":0,"href":"https:\/\/stoic-curie.212-227-153-4.plesk.page\/de\/wp-json\/wp\/v2\/product\/732895\/revisions"}],"wp:featuredmedia":[{"embeddable":true,"href":"https:\/\/stoic-curie.212-227-153-4.plesk.page\/de\/wp-json\/wp\/v2\/media\/5936699"}],"wp:attachment":[{"href":"https:\/\/stoic-curie.212-227-153-4.plesk.page\/de\/wp-json\/wp\/v2\/media?parent=732895"}],"wp:term":[{"taxonomy":"product_brand","embeddable":true,"href":"https:\/\/stoic-curie.212-227-153-4.plesk.page\/de\/wp-json\/wp\/v2\/product_brand?post=732895"},{"taxonomy":"product_cat","embeddable":true,"href":"https:\/\/stoic-curie.212-227-153-4.plesk.page\/de\/wp-json\/wp\/v2\/product_cat?post=732895"},{"taxonomy":"product_tag","embeddable":true,"href":"https:\/\/stoic-curie.212-227-153-4.plesk.page\/de\/wp-json\/wp\/v2\/product_tag?post=732895"}],"curies":[{"name":"wp","href":"https:\/\/api.w.org\/{rel}","templated":true}]}}