{"id":732896,"date":"2025-03-03T16:17:23","date_gmt":"2025-03-03T15:17:23","guid":{"rendered":"https:\/\/stoic-curie.212-227-153-4.plesk.page\/producto\/4-stueck-sail-defender-universal-relingabdeckungen\/"},"modified":"2026-02-24T23:34:37","modified_gmt":"2026-02-24T23:34:37","slug":"4-stueck-sail-defender-universal-relingabdeckungen","status":"publish","type":"product","link":"https:\/\/stoic-curie.212-227-153-4.plesk.page\/de\/product\/4-stueck-sail-defender-universal-relingabdeckungen\/","title":{"rendered":"4 St\u00fcck Sail Defender Universal-Relingabdeckungen"},"content":{"rendered":"<p>4 St\u00fcck Sail Defender Universal-Relingabdeckungen &#8211; <\/p>\n<p>Solide Polyurethanpolster. Es sch\u00fctzt die Genoa vor dem st\u00e4ndigen Reiben am Wanten zwischen der Lifeline und der Pulpit. Einfache Montage am Steg mit zwei enthaltenen Nylonclips, um einen perfekten Halt zu gew\u00e4hrleisten. 4 St\u00fcck-Packungen.<\/p>\n","protected":false},"excerpt":{"rendered":"<p>4 St\u00fcck Sail Defender Universal-Relingabdeckungen &#8211; Solide Polyurethanpolster. Es sch\u00fctzt die Genoa vor dem st\u00e4ndigen Reiben am Wanten zwischen der<\/p>\n","protected":false},"featured_media":5936703,"comment_status":"open","ping_status":"closed","template":"","meta":[],"product_brand":[3490],"product_cat":[1471],"product_tag":[],"class_list":{"0":"post-732896","1":"product","2":"type-product","3":"status-publish","4":"has-post-thumbnail","6":"product_brand-trem-de","7":"product_cat-stuetzen","9":"first","10":"instock","11":"shipping-taxable","12":"purchasable","13":"product-type-simple"},"_links":{"self":[{"href":"https:\/\/stoic-curie.212-227-153-4.plesk.page\/de\/wp-json\/wp\/v2\/product\/732896","targetHints":{"allow":["GET"]}}],"collection":[{"href":"https:\/\/stoic-curie.212-227-153-4.plesk.page\/de\/wp-json\/wp\/v2\/product"}],"about":[{"href":"https:\/\/stoic-curie.212-227-153-4.plesk.page\/de\/wp-json\/wp\/v2\/types\/product"}],"replies":[{"embeddable":true,"href":"https:\/\/stoic-curie.212-227-153-4.plesk.page\/de\/wp-json\/wp\/v2\/comments?post=732896"}],"version-history":[{"count":0,"href":"https:\/\/stoic-curie.212-227-153-4.plesk.page\/de\/wp-json\/wp\/v2\/product\/732896\/revisions"}],"wp:featuredmedia":[{"embeddable":true,"href":"https:\/\/stoic-curie.212-227-153-4.plesk.page\/de\/wp-json\/wp\/v2\/media\/5936703"}],"wp:attachment":[{"href":"https:\/\/stoic-curie.212-227-153-4.plesk.page\/de\/wp-json\/wp\/v2\/media?parent=732896"}],"wp:term":[{"taxonomy":"product_brand","embeddable":true,"href":"https:\/\/stoic-curie.212-227-153-4.plesk.page\/de\/wp-json\/wp\/v2\/product_brand?post=732896"},{"taxonomy":"product_cat","embeddable":true,"href":"https:\/\/stoic-curie.212-227-153-4.plesk.page\/de\/wp-json\/wp\/v2\/product_cat?post=732896"},{"taxonomy":"product_tag","embeddable":true,"href":"https:\/\/stoic-curie.212-227-153-4.plesk.page\/de\/wp-json\/wp\/v2\/product_tag?post=732896"}],"curies":[{"name":"wp","href":"https:\/\/api.w.org\/{rel}","templated":true}]}}